{"id":6300,"date":"2023-12-26T18:01:44","date_gmt":"2023-12-26T18:01:44","guid":{"rendered":"https:\/\/kitesurfeolis.com\/?post_type=product&#038;p=6300"},"modified":"2026-03-18T11:36:30","modified_gmt":"2026-03-18T11:36:30","slug":"e-book-seguranca-no-kitesurf","status":"publish","type":"product","link":"https:\/\/kitesurfeolis.com\/pt-pt\/loja\/e-learning\/e-book-seguranca-no-kitesurf\/","title":{"rendered":"E-Book &#8220;Seguran\u00e7a no Kitesurf&#8221;"},"content":{"rendered":"<p>Um E-book interactivo que se prop\u00f5e contribuir para uma melhor compreens\u00e3o e gest\u00e3o do risco, na praia durante uma sess\u00e3o de kitesurf.<\/p>\n","protected":false},"excerpt":{"rendered":"<p>Title: E-Book Safety in Kitesurfing Um E-book interactivo que se prop\u00f5e contribuir para uma melhor compreens\u00e3o e gest\u00e3o do risco, na praia durante uma sess\u00e3o de kitesurf.<\/p>\n","protected":false},"featured_media":6301,"comment_status":"open","ping_status":"closed","template":"","meta":[],"product_brand":[],"product_cat":[63,94],"product_tag":[76,71,78,65,77],"class_list":{"0":"post-6300","1":"product","2":"type-product","3":"status-publish","4":"has-post-thumbnail","6":"product_cat-e-learning","7":"product_cat-kitesurf","8":"product_tag-book","9":"product_tag-e-book","10":"product_tag-ebook","11":"product_tag-kitesurf","12":"product_tag-seguranca","14":"first","15":"instock","16":"purchasable","17":"product-type-simple"},"_links":{"self":[{"href":"https:\/\/kitesurfeolis.com\/pt-pt\/wp-json\/wp\/v2\/product\/6300","targetHints":{"allow":["GET"]}}],"collection":[{"href":"https:\/\/kitesurfeolis.com\/pt-pt\/wp-json\/wp\/v2\/product"}],"about":[{"href":"https:\/\/kitesurfeolis.com\/pt-pt\/wp-json\/wp\/v2\/types\/product"}],"replies":[{"embeddable":true,"href":"https:\/\/kitesurfeolis.com\/pt-pt\/wp-json\/wp\/v2\/comments?post=6300"}],"wp:featuredmedia":[{"embeddable":true,"href":"https:\/\/kitesurfeolis.com\/pt-pt\/wp-json\/wp\/v2\/media\/6301"}],"wp:attachment":[{"href":"https:\/\/kitesurfeolis.com\/pt-pt\/wp-json\/wp\/v2\/media?parent=6300"}],"wp:term":[{"taxonomy":"product_brand","embeddable":true,"href":"https:\/\/kitesurfeolis.com\/pt-pt\/wp-json\/wp\/v2\/product_brand?post=6300"},{"taxonomy":"product_cat","embeddable":true,"href":"https:\/\/kitesurfeolis.com\/pt-pt\/wp-json\/wp\/v2\/product_cat?post=6300"},{"taxonomy":"product_tag","embeddable":true,"href":"https:\/\/kitesurfeolis.com\/pt-pt\/wp-json\/wp\/v2\/product_tag?post=6300"}],"curies":[{"name":"wp","href":"https:\/\/api.w.org\/{rel}","templated":true}]}}