{"id":6295,"date":"2023-12-26T17:57:17","date_gmt":"2023-12-26T17:57:17","guid":{"rendered":"https:\/\/kitesurfeolis.com\/?post_type=product&#038;p=6295"},"modified":"2026-03-18T11:37:29","modified_gmt":"2026-03-18T11:37:29","slug":"e-book-securite-en-kitesurf","status":"publish","type":"product","link":"https:\/\/kitesurfeolis.com\/pt-pt\/loja\/e-learning\/e-book-securite-en-kitesurf\/","title":{"rendered":"E-Book &#8220;S\u00e9curit\u00e9 en Kitesurf&#8221;"},"content":{"rendered":"<p>Le livre interactif pour aider \u00e0 \u00eatre plus s\u00e9cure a la plage pendant ta s\u00e9ance de kitesurf.<\/p>\n","protected":false},"excerpt":{"rendered":"<p>Le livre interactif pour aider \u00e0 \u00eatre plus s\u00e9cure a la plage.<\/p>\n","protected":false},"featured_media":6296,"comment_status":"open","ping_status":"closed","template":"","meta":[],"product_brand":[],"product_cat":[63,94],"product_tag":[67,65,75,74],"class_list":{"0":"post-6295","1":"product","2":"type-product","3":"status-publish","4":"has-post-thumbnail","6":"product_cat-e-learning","7":"product_cat-kitesurf","8":"product_tag-kites","9":"product_tag-kitesurf","10":"product_tag-livres","11":"product_tag-securite","13":"first","14":"instock","15":"downloadable","16":"purchasable","17":"product-type-simple"},"_links":{"self":[{"href":"https:\/\/kitesurfeolis.com\/pt-pt\/wp-json\/wp\/v2\/product\/6295","targetHints":{"allow":["GET"]}}],"collection":[{"href":"https:\/\/kitesurfeolis.com\/pt-pt\/wp-json\/wp\/v2\/product"}],"about":[{"href":"https:\/\/kitesurfeolis.com\/pt-pt\/wp-json\/wp\/v2\/types\/product"}],"replies":[{"embeddable":true,"href":"https:\/\/kitesurfeolis.com\/pt-pt\/wp-json\/wp\/v2\/comments?post=6295"}],"wp:featuredmedia":[{"embeddable":true,"href":"https:\/\/kitesurfeolis.com\/pt-pt\/wp-json\/wp\/v2\/media\/6296"}],"wp:attachment":[{"href":"https:\/\/kitesurfeolis.com\/pt-pt\/wp-json\/wp\/v2\/media?parent=6295"}],"wp:term":[{"taxonomy":"product_brand","embeddable":true,"href":"https:\/\/kitesurfeolis.com\/pt-pt\/wp-json\/wp\/v2\/product_brand?post=6295"},{"taxonomy":"product_cat","embeddable":true,"href":"https:\/\/kitesurfeolis.com\/pt-pt\/wp-json\/wp\/v2\/product_cat?post=6295"},{"taxonomy":"product_tag","embeddable":true,"href":"https:\/\/kitesurfeolis.com\/pt-pt\/wp-json\/wp\/v2\/product_tag?post=6295"}],"curies":[{"name":"wp","href":"https:\/\/api.w.org\/{rel}","templated":true}]}}