{"id":31586,"date":"2025-08-09T12:31:08","date_gmt":"2025-08-09T12:31:08","guid":{"rendered":"https:\/\/kitesurfeolis.com\/?post_type=product&#038;p=31586"},"modified":"2025-08-09T12:44:40","modified_gmt":"2025-08-09T12:44:40","slug":"i-made-it-celebrating-tshirt-size-xl-man","status":"publish","type":"product","link":"https:\/\/kitesurfeolis.com\/pt-pt\/loja\/clothing\/i-made-it-celebrating-tshirt-size-xl-man\/","title":{"rendered":"&#8220;I made it!&#8221; Celebrating Tshirt size XL man"},"content":{"rendered":"<p>Celebrating achievements is always a good way to build self-confidence!! What do you think? <img loading=\"lazy\" decoding=\"async\" height=\"16\" width=\"16\" src=\"https:\/\/static.xx.fbcdn.net\/images\/emoji.php\/v9\/tfb\/1\/16\/263a.png\" alt=\"\u263a\" title=\"\"> <img loading=\"lazy\" decoding=\"async\" height=\"16\" width=\"16\" src=\"https:\/\/static.xx.fbcdn.net\/images\/emoji.php\/v9\/tc1\/1\/16\/1f4a6.png\" alt=\"\ud83d\udca6\" title=\"\"> <img loading=\"lazy\" decoding=\"async\" height=\"16\" width=\"16\" src=\"https:\/\/static.xx.fbcdn.net\/images\/emoji.php\/v9\/tbc\/1\/16\/1f30a.png\" alt=\"\ud83c\udf0a\" title=\"\"> <img loading=\"lazy\" decoding=\"async\" height=\"16\" width=\"16\" src=\"https:\/\/static.xx.fbcdn.net\/images\/emoji.php\/v9\/tc3\/1\/16\/1f4a8.png\" alt=\"\ud83d\udca8\" title=\"\"> <img loading=\"lazy\" decoding=\"async\" height=\"16\" width=\"16\" src=\"https:\/\/static.xx.fbcdn.net\/images\/emoji.php\/v9\/tbc\/1\/16\/1f3c4.png\" alt=\"\ud83c\udfc4\" title=\"\"><br \/>_________<br \/>A celebra\u00e7\u00e3o de conquistas \u00e9 sempre uma boa maneira de refor\u00e7ar a auto-confian\u00e7a!! O que achas? <img loading=\"lazy\" decoding=\"async\" height=\"16\" width=\"16\" src=\"https:\/\/static.xx.fbcdn.net\/images\/emoji.php\/v9\/tfb\/1\/16\/263a.png\" alt=\"\u263a\" title=\"\"> <img loading=\"lazy\" decoding=\"async\" height=\"16\" width=\"16\" src=\"https:\/\/static.xx.fbcdn.net\/images\/emoji.php\/v9\/tc1\/1\/16\/1f4a6.png\" alt=\"\ud83d\udca6\" title=\"\"> <img loading=\"lazy\" decoding=\"async\" height=\"16\" width=\"16\" src=\"https:\/\/static.xx.fbcdn.net\/images\/emoji.php\/v9\/tbc\/1\/16\/1f30a.png\" alt=\"\ud83c\udf0a\" title=\"\"> <img loading=\"lazy\" decoding=\"async\" height=\"16\" width=\"16\" src=\"https:\/\/static.xx.fbcdn.net\/images\/emoji.php\/v9\/tc3\/1\/16\/1f4a8.png\" alt=\"\ud83d\udca8\" title=\"\"> <img loading=\"lazy\" decoding=\"async\" height=\"16\" width=\"16\" src=\"https:\/\/static.xx.fbcdn.net\/images\/emoji.php\/v9\/tbc\/1\/16\/1f3c4.png\" alt=\"\ud83c\udfc4\" title=\"\"><\/p>\n","protected":false},"excerpt":{"rendered":"<p><strong>Celebrating achievements is always a good way to build self-confidence!! What do you think? <img loading=\"lazy\" decoding=\"async\" height=\"16\" width=\"16\" src=\"https:\/\/static.xx.fbcdn.net\/images\/emoji.php\/v9\/tfb\/1\/16\/263a.png\" alt=\"\u263a\"> <img loading=\"lazy\" decoding=\"async\" height=\"16\" width=\"16\" src=\"https:\/\/static.xx.fbcdn.net\/images\/emoji.php\/v9\/tc1\/1\/16\/1f4a6.png\" alt=\"\ud83d\udca6\"> <img loading=\"lazy\" decoding=\"async\" height=\"16\" width=\"16\" src=\"https:\/\/static.xx.fbcdn.net\/images\/emoji.php\/v9\/tbc\/1\/16\/1f30a.png\" alt=\"\ud83c\udf0a\"> <img loading=\"lazy\" decoding=\"async\" height=\"16\" width=\"16\" src=\"https:\/\/static.xx.fbcdn.net\/images\/emoji.php\/v9\/tc3\/1\/16\/1f4a8.png\" alt=\"\ud83d\udca8\"> <img loading=\"lazy\" decoding=\"async\" height=\"16\" width=\"16\" src=\"https:\/\/static.xx.fbcdn.net\/images\/emoji.php\/v9\/tbc\/1\/16\/1f3c4.png\" alt=\"\ud83c\udfc4\"><br \/>_________<br \/>A celebra\u00e7\u00e3o de conquistas \u00e9 sempre uma boa maneira de refor\u00e7ar a auto-confian\u00e7a!! O que achas? <img loading=\"lazy\" decoding=\"async\" height=\"16\" width=\"16\" src=\"https:\/\/static.xx.fbcdn.net\/images\/emoji.php\/v9\/tfb\/1\/16\/263a.png\" alt=\"\u263a\"> <img loading=\"lazy\" decoding=\"async\" height=\"16\" width=\"16\" src=\"https:\/\/static.xx.fbcdn.net\/images\/emoji.php\/v9\/tc1\/1\/16\/1f4a6.png\" alt=\"\ud83d\udca6\"> <img loading=\"lazy\" decoding=\"async\" height=\"16\" width=\"16\" src=\"https:\/\/static.xx.fbcdn.net\/images\/emoji.php\/v9\/tbc\/1\/16\/1f30a.png\" alt=\"\ud83c\udf0a\"> <img loading=\"lazy\" decoding=\"async\" height=\"16\" width=\"16\" src=\"https:\/\/static.xx.fbcdn.net\/images\/emoji.php\/v9\/tc3\/1\/16\/1f4a8.png\" alt=\"\ud83d\udca8\"> <img loading=\"lazy\" decoding=\"async\" height=\"16\" width=\"16\" src=\"https:\/\/static.xx.fbcdn.net\/images\/emoji.php\/v9\/tbc\/1\/16\/1f3c4.png\" alt=\"\ud83c\udfc4\"><\/strong><\/p>\n","protected":false},"featured_media":31580,"comment_status":"open","ping_status":"closed","template":"","meta":[],"product_brand":[],"product_cat":[93,94],"product_tag":[65],"class_list":{"0":"post-31586","1":"product","2":"type-product","3":"status-publish","4":"has-post-thumbnail","6":"product_cat-clothing","7":"product_cat-kitesurf","8":"product_tag-kitesurf","9":"product_shipping_class-light_packs","11":"first","12":"instock","13":"shipping-taxable","14":"purchasable","15":"product-type-simple"},"_links":{"self":[{"href":"https:\/\/kitesurfeolis.com\/pt-pt\/wp-json\/wp\/v2\/product\/31586","targetHints":{"allow":["GET"]}}],"collection":[{"href":"https:\/\/kitesurfeolis.com\/pt-pt\/wp-json\/wp\/v2\/product"}],"about":[{"href":"https:\/\/kitesurfeolis.com\/pt-pt\/wp-json\/wp\/v2\/types\/product"}],"replies":[{"embeddable":true,"href":"https:\/\/kitesurfeolis.com\/pt-pt\/wp-json\/wp\/v2\/comments?post=31586"}],"wp:featuredmedia":[{"embeddable":true,"href":"https:\/\/kitesurfeolis.com\/pt-pt\/wp-json\/wp\/v2\/media\/31580"}],"wp:attachment":[{"href":"https:\/\/kitesurfeolis.com\/pt-pt\/wp-json\/wp\/v2\/media?parent=31586"}],"wp:term":[{"taxonomy":"product_brand","embeddable":true,"href":"https:\/\/kitesurfeolis.com\/pt-pt\/wp-json\/wp\/v2\/product_brand?post=31586"},{"taxonomy":"product_cat","embeddable":true,"href":"https:\/\/kitesurfeolis.com\/pt-pt\/wp-json\/wp\/v2\/product_cat?post=31586"},{"taxonomy":"product_tag","embeddable":true,"href":"https:\/\/kitesurfeolis.com\/pt-pt\/wp-json\/wp\/v2\/product_tag?post=31586"}],"curies":[{"name":"wp","href":"https:\/\/api.w.org\/{rel}","templated":true}]}}