{"id":7084,"date":"2023-12-10T17:50:29","date_gmt":"2023-12-10T17:50:29","guid":{"rendered":"https:\/\/kitesurfeolis.com\/services\/memberships\/"},"modified":"2026-03-02T20:24:42","modified_gmt":"2026-03-02T20:24:42","slug":"membro-eolis-vantagens-anuais","status":"publish","type":"page","link":"https:\/\/kitesurfeolis.com\/pt-pt\/membro-eolis-vantagens-anuais\/","title":{"rendered":"Ser membro Eolis"},"content":{"rendered":"<div class=\"wpb-content-wrapper\"><p>[vc_row enable_surfer_icon=&#8221;no&#8221; css=&#8221;.vc_custom_1579277130626{padding-top: 16px !important;}&#8221;][vc_column offset=&#8221;vc_col-lg-offset-0 vc_col-lg-6 vc_col-md-offset-0 vc_col-md-12 vc_col-sm-offset-0 vc_col-xs-12&#8243; el_class=&#8221;qodef-map&#8221;][vc_column_text css=&#8221;&#8221;]<\/p>\n<h4><span style=\"font-weight: bold;\">&#8220;Memberships&#8221; Eolis<\/span><\/h4>\n<p>[\/vc_column_text][\/vc_column][vc_column css=&#8221;.vc_custom_1550505500194{margin-left: -15px !important;padding-left: 0px !important;}&#8221; offset=&#8221;vc_col-lg-offset-0 vc_col-lg-6 vc_col-md-offset-0 vc_col-md-12 vc_col-sm-offset-0&#8243;][\/vc_column][\/vc_row][vc_row content_text_aligment=&#8221;left&#8221; enable_surfer_icon=&#8221;no&#8221; css=&#8221;.vc_custom_1582543773844{padding-top: 14px !important;}&#8221;][vc_column][vc_column_text css=&#8221;&#8221;]Se escolheres associar-te a n\u00f3s podes optar por faz\u00ea-lo ao &#8220;ANO&#8221; ou ao &#8220;M\u00caS&#8221;.<\/p>\n<p>&nbsp;<\/p>\n<p><strong>Vantagens de se ser &#8220;MEMBRO&#8221; ANUAL (de Janeiro a Dezembro):<br \/>\n<\/strong><\/p>\n<p># Grupo de Whatsapp para avisos de vento;<br \/>\n# Oferta de E-book &#8220;Seguran\u00e7a no Kitesurf&#8221;;<br \/>\n# Apoio e seguran\u00e7a durante as sess\u00f5es na \u00e1gua;<br \/>\n# Arrumos de material durante 1 ver\u00e3o (4 meses);<br \/>\n# Descontos em algumas actividades e Workshops da Eolis;<br \/>\n# Acesso online aos dados do anem\u00f3metro da Eolis, no ver\u00e3o;<br \/>\n# 10% desconto em compras de produtos na loja<br \/>\n# 20% desconto em alugueres de material de kitesurf e\/ou SUP<br \/>\n# Para as Tours aos A\u00e7ores, beneficiar\u00e1s sempre do valor promocional[\/vc_column_text][vc_column_text css=&#8221;.vc_custom_1705423081261{padding-top: 2px !important;}&#8221;]<\/p>\n<blockquote>\n<p style=\"text-align: left;\">A &#8220;Membership&#8221; anual \u00e9 a ideal se vives por c\u00e1 ou se nos visitas v\u00e1rias vezes por ano porque assim os benef\u00edcios ser\u00e3o maximizados.<\/p>\n<\/blockquote>\n<p>[\/vc_column_text][vc_column_text css=&#8221;&#8221;]<strong>Vantagens de uma &#8220;MEMBERSHIP&#8221; MENSAL:<br \/>\n<\/strong># Grupo de Whatsapp para avisos de vento;<br \/>\n# 10% desconto na aquisi\u00e7\u00e3o do E-book &#8220;Seguran\u00e7a no Kitesurf&#8221;;<br \/>\n# Apoio e seguran\u00e7a durante a sess\u00e3o;<br \/>\n# Arrumos de material durante 1 m\u00eas;<br \/>\n# Acesso online aos dados do anem\u00f3metro da Eolis, no ver\u00e3o[\/vc_column_text][vc_empty_space]<div class=\"qodef-video-button-holder  qodef-vb-has-img \">\n            <div class=\"qodef-video-button-image\">\n            <img loading=\"lazy\" decoding=\"async\" width=\"1011\" height=\"639\" src=\"https:\/\/kitesurfeolis.com\/wp-content\/uploads\/2024\/12\/WhatsApp-Image-2024-12-29-at-13.26.04.jpeg\" class=\"attachment-full size-full\" alt=\"Membership_eolis\" srcset=\"https:\/\/kitesurfeolis.com\/wp-content\/uploads\/2024\/12\/WhatsApp-Image-2024-12-29-at-13.26.04.jpeg 1011w, https:\/\/kitesurfeolis.com\/wp-content\/uploads\/2024\/12\/WhatsApp-Image-2024-12-29-at-13.26.04-300x190.jpeg 300w, https:\/\/kitesurfeolis.com\/wp-content\/uploads\/2024\/12\/WhatsApp-Image-2024-12-29-at-13.26.04-768x485.jpeg 768w, https:\/\/kitesurfeolis.com\/wp-content\/uploads\/2024\/12\/WhatsApp-Image-2024-12-29-at-13.26.04-600x379.jpeg 600w\" sizes=\"auto, (max-width: 1011px) 100vw, 1011px\" title=\"\">        <\/div>\n                    <a class=\"qodef-video-button-play\" href=\"https:\/\/youtu.be\/hs9gVXKm-V8?si=zsaWkvAGdoXFnWgb\" data-rel=\"prettyPhoto[video_button_pretty_photo_904]\" target=\"_blank\" rel=\"noopener\">\n                <span class=\"qodef-video-button-play-inner\">\n                    <span class=\"qodef-icon-dripicons dripicon dripicons-media-play\"><\/span>\n                <\/span>\n            <\/a>\n            <\/div>[\/vc_column][\/vc_row][vc_row enable_surfer_icon=&#8221;no&#8221; css=&#8221;.vc_custom_1579769032153{padding-top: 61px !important;}&#8221;][vc_column width=&#8221;1\/2&#8243; css=&#8221;.vc_custom_1550505500194{margin-left: -15px !important;padding-left: 0px !important;}&#8221; offset=&#8221;vc_col-lg-offset-0 vc_col-lg-6 vc_col-md-offset-0 vc_col-md-12 vc_col-sm-offset-0&#8243;]<div class=\"qodef-elements-holder   qodef-one-column  qodef-responsive-mode-768 \" ><div class=\"qodef-eh-item    \"  data-item-class=\"qodef-eh-custom-2741\" data-769-1024=\"18px 0px 17px 31px\" data-681-768=\"21px 0px 17px 33px\" data-680=\"9px 0px 17px 30px\">\n\t<div class=\"qodef-eh-item-inner\">\n\t\t<div class=\"qodef-eh-item-content qodef-eh-custom-2741\" style=\"padding: 0 0 0 5%\">\n\t\t\t[vc_column_text css=&#8221;.vc_custom_1705423237568{margin-top: 0px !important;}&#8221;]<\/p>\n<h4><span style=\"font-weight: bold;\">&#8220;Memberships&#8221; pre\u00e7os<\/span><\/h4>\n<p>[\/vc_column_text][vc_empty_space height=&#8221;15px&#8221;]<div class=\"qodef-pricing-tables qodef-grid-list qodef-disable-bottom-space clearfix qodef-two-columns qodef-normal-space\"><div class=\"qodef-pt-wrapper qodef-outer-space\"><div class=\"qodef-price-table qodef-item-space  \">\n\t<div class=\"qodef-pt-inner\" >\n\t\t<ul>\n\t\t\t<li class=\"qodef-pt-title-holder\">\n\t\t\t\t<span class=\"qodef-pt-title\" >Plano Anual 2026<\/span>\n\t\t\t<\/li>\n\t\t\t<li class=\"qodef-pt-prices\">\n\t\t\t\t<sup class=\"qodef-pt-value\" >\u20ac<\/sup>\n\t\t\t\t<span class=\"qodef-pt-price\" >135<\/span>\n\t\t\t\t<h6 class=\"qodef-pt-mark\" >Ano<\/h6>\n\t\t\t<\/li>\n\t\t\t<li class=\"qodef-pt-content\">\n\t\t\t\tA partir de 1\/1<br \/>\nIVA inclu\u00eddo\t\t\t<\/li>\n\t\t\t\t\t\t\t<li class=\"qodef-pt-button\">\n\t\t\t\t\t<a itemprop=\"url\" href=\"https:\/\/wa.me\/+351962337285\" target=\"_blank\" class=\"qodef-btn qodef-btn-large qodef-btn-solid\" rel=\"noopener\">        <span class=\"qodef-btn-text\">COMPRAR AGORA<\/span>        <\/a>\t\t\t\t<\/li>\t\t\t\t\n\t\t\t\t\t<\/ul>\n\t<\/div>\n<\/div><div class=\"qodef-price-table qodef-item-space  \">\n\t<div class=\"qodef-pt-inner\" >\n\t\t<ul>\n\t\t\t<li class=\"qodef-pt-title-holder\">\n\t\t\t\t<span class=\"qodef-pt-title\" >Plano Mensal 2026<\/span>\n\t\t\t<\/li>\n\t\t\t<li class=\"qodef-pt-prices\">\n\t\t\t\t<sup class=\"qodef-pt-value\" >\u20ac<\/sup>\n\t\t\t\t<span class=\"qodef-pt-price\" >65<\/span>\n\t\t\t\t<h6 class=\"qodef-pt-mark\" >2-4 semanas<\/h6>\n\t\t\t<\/li>\n\t\t\t<li class=\"qodef-pt-content\">\n\t\t\t\tIVA inclu\u00eddo\t\t\t<\/li>\n\t\t\t\t\t\t\t<li class=\"qodef-pt-button\">\n\t\t\t\t\t<a itemprop=\"url\" href=\"https:\/\/wa.me\/+351962337285\" target=\"_blank\" class=\"qodef-btn qodef-btn-large qodef-btn-solid\" rel=\"noopener\">        <span class=\"qodef-btn-text\">COMPRAR AGORA<\/span>        <\/a>\t\t\t\t<\/li>\t\t\t\t\n\t\t\t\t\t<\/ul>\n\t<\/div>\n<\/div><\/div><\/div>\t\t<\/div>\n\t<\/div>\n<\/div><\/div>[\/vc_column][vc_column width=&#8221;1\/2&#8243;][\/vc_column][\/vc_row][vc_row enable_surfer_icon=&#8221;no&#8221; css=&#8221;.vc_custom_1579771923784{padding-top: 59px !important;}&#8221;][vc_column offset=&#8221;vc_col-lg-offset-0 vc_col-lg-6 vc_col-md-offset-0 vc_col-md-12 vc_col-sm-offset-0 vc_col-xs-12&#8243; el_class=&#8221;qodef-map&#8221;][vc_column_text]<\/p>\n<h4><span style=\"font-weight: bold;\">Da nossa galeria<\/span><\/h4>\n<p>[\/vc_column_text][\/vc_column][\/vc_row][vc_row enable_surfer_icon=&#8221;no&#8221; css=&#8221;.vc_custom_1579772034878{padding-top: 19px !important;}&#8221;][vc_column]<div class=\"qodef-image-gallery qodef-grid-list qodef-disable-bottom-space  qodef-ig-grid-type qodef-three-columns qodef-tiny-space  qodef-image-behavior-lightbox\">\n\t<div class=\"qodef-ig-inner qodef-outer-space\">\n\t\t\t\t\t<div class=\"qodef-ig-image qodef-item-space\">\n\t\t\t\t<div class=\"qodef-ig-image-inner\">\n\t\t\t\t\t\t\t\t\t\t\t<a itemprop=\"image\" class=\"qodef-ig-lightbox\" href=\"https:\/\/kitesurfeolis.com\/wp-content\/uploads\/2024\/01\/cabana_2023-e1705421300815.jpg\" data-rel=\"prettyPhoto[image_gallery_pretty_photo-149]\" title=\"cabana_2023\">\n\t\t\t\t\t\t\t\t\t\t\t<img loading=\"lazy\" decoding=\"async\" width=\"776\" height=\"466\" src=\"https:\/\/kitesurfeolis.com\/wp-content\/uploads\/2024\/01\/cabana_2023-e1705421300815.jpg\" class=\"attachment-full size-full\" alt=\"history of eolis\" title=\"\">\t\t\t\t\t\t\t\t\t\t\t<\/a>\n\t\t\t\t\t\t\t\t\t<\/div>\n\t\t\t<\/div>\n\t\t\t\t\t<div class=\"qodef-ig-image qodef-item-space\">\n\t\t\t\t<div class=\"qodef-ig-image-inner\">\n\t\t\t\t\t\t\t\t\t\t\t<a itemprop=\"image\" class=\"qodef-ig-lightbox\" href=\"https:\/\/kitesurfeolis.com\/wp-content\/uploads\/2024\/01\/missio_vision_values-e1705421115229.jpg\" data-rel=\"prettyPhoto[image_gallery_pretty_photo-149]\" title=\"missio_vision_values algarve\">\n\t\t\t\t\t\t\t\t\t\t\t<img loading=\"lazy\" decoding=\"async\" width=\"598\" height=\"464\" src=\"https:\/\/kitesurfeolis.com\/wp-content\/uploads\/2024\/01\/missio_vision_values-e1705421115229.jpg\" class=\"attachment-full size-full\" alt=\"beach cabin cabanas\" srcset=\"https:\/\/kitesurfeolis.com\/wp-content\/uploads\/2024\/01\/missio_vision_values-e1705421115229.jpg 598w, https:\/\/kitesurfeolis.com\/wp-content\/uploads\/2024\/01\/missio_vision_values-e1705421115229-300x233.jpg 300w\" sizes=\"auto, (max-width: 598px) 100vw, 598px\" title=\"\">\t\t\t\t\t\t\t\t\t\t\t<\/a>\n\t\t\t\t\t\t\t\t\t<\/div>\n\t\t\t<\/div>\n\t\t\t\t\t<div class=\"qodef-ig-image qodef-item-space\">\n\t\t\t\t<div class=\"qodef-ig-image-inner\">\n\t\t\t\t\t\t\t\t\t\t\t<a itemprop=\"image\" class=\"qodef-ig-lightbox\" href=\"https:\/\/kitesurfeolis.com\/wp-content\/uploads\/2025\/12\/IMG_5289-scaled-e1769524923585.jpg\" data-rel=\"prettyPhoto[image_gallery_pretty_photo-149]\" title=\"IMG_5289\">\n\t\t\t\t\t\t\t\t\t\t\t<img loading=\"lazy\" decoding=\"async\" width=\"1707\" height=\"2560\" src=\"https:\/\/kitesurfeolis.com\/wp-content\/uploads\/2025\/12\/IMG_5289-scaled-e1769524923585.jpg\" class=\"attachment-full size-full\" alt=\"sup_algarve\" title=\"\">\t\t\t\t\t\t\t\t\t\t\t<\/a>\n\t\t\t\t\t\t\t\t\t<\/div>\n\t\t\t<\/div>\n\t\t\t\t\t<div class=\"qodef-ig-image qodef-item-space\">\n\t\t\t\t<div class=\"qodef-ig-image-inner\">\n\t\t\t\t\t\t\t\t\t\t\t<a itemprop=\"image\" class=\"qodef-ig-lightbox\" href=\"https:\/\/kitesurfeolis.com\/wp-content\/uploads\/2024\/01\/weather_forecast.png\" data-rel=\"prettyPhoto[image_gallery_pretty_photo-149]\" title=\"weather_forecast\">\n\t\t\t\t\t\t\t\t\t\t\t<img loading=\"lazy\" decoding=\"async\" width=\"1300\" height=\"966\" src=\"https:\/\/kitesurfeolis.com\/wp-content\/uploads\/2024\/01\/weather_forecast.png\" class=\"attachment-full size-full\" alt=\"kitesurf_algarve\" srcset=\"https:\/\/kitesurfeolis.com\/wp-content\/uploads\/2024\/01\/weather_forecast.png 1300w, https:\/\/kitesurfeolis.com\/wp-content\/uploads\/2024\/01\/weather_forecast-300x223.png 300w, https:\/\/kitesurfeolis.com\/wp-content\/uploads\/2024\/01\/weather_forecast-1024x761.png 1024w, https:\/\/kitesurfeolis.com\/wp-content\/uploads\/2024\/01\/weather_forecast-768x571.png 768w, https:\/\/kitesurfeolis.com\/wp-content\/uploads\/2024\/01\/weather_forecast-600x446.png 600w\" sizes=\"auto, (max-width: 1300px) 100vw, 1300px\" title=\"\">\t\t\t\t\t\t\t\t\t\t\t<\/a>\n\t\t\t\t\t\t\t\t\t<\/div>\n\t\t\t<\/div>\n\t\t\t\t\t<div class=\"qodef-ig-image qodef-item-space\">\n\t\t\t\t<div class=\"qodef-ig-image-inner\">\n\t\t\t\t\t\t\t\t\t\t\t<a itemprop=\"image\" class=\"qodef-ig-lightbox\" href=\"https:\/\/kitesurfeolis.com\/wp-content\/uploads\/2023\/12\/rplacing_bladders.jpg\" data-rel=\"prettyPhoto[image_gallery_pretty_photo-149]\" title=\"rplacing_bladders\">\n\t\t\t\t\t\t\t\t\t\t\t<img loading=\"lazy\" decoding=\"async\" width=\"960\" height=\"502\" src=\"https:\/\/kitesurfeolis.com\/wp-content\/uploads\/2023\/12\/rplacing_bladders.jpg\" class=\"attachment-full size-full\" alt=\"bladders_replacement\" srcset=\"https:\/\/kitesurfeolis.com\/wp-content\/uploads\/2023\/12\/rplacing_bladders.jpg 960w, https:\/\/kitesurfeolis.com\/wp-content\/uploads\/2023\/12\/rplacing_bladders-300x157.jpg 300w, https:\/\/kitesurfeolis.com\/wp-content\/uploads\/2023\/12\/rplacing_bladders-768x402.jpg 768w, https:\/\/kitesurfeolis.com\/wp-content\/uploads\/2023\/12\/rplacing_bladders-600x314.jpg 600w\" sizes=\"auto, (max-width: 960px) 100vw, 960px\" title=\"\">\t\t\t\t\t\t\t\t\t\t\t<\/a>\n\t\t\t\t\t\t\t\t\t<\/div>\n\t\t\t<\/div>\n\t\t\t\t\t<div class=\"qodef-ig-image qodef-item-space\">\n\t\t\t\t<div class=\"qodef-ig-image-inner\">\n\t\t\t\t\t\t\t\t\t\t\t<a itemprop=\"image\" class=\"qodef-ig-lightbox\" href=\"https:\/\/kitesurfeolis.com\/wp-content\/uploads\/2023\/12\/indice_pt.png\" data-rel=\"prettyPhoto[image_gallery_pretty_photo-149]\" title=\"algarve_kitesurf\">\n\t\t\t\t\t\t\t\t\t\t\t<img loading=\"lazy\" decoding=\"async\" width=\"1383\" height=\"773\" src=\"https:\/\/kitesurfeolis.com\/wp-content\/uploads\/2023\/12\/indice_pt.png\" class=\"attachment-full size-full\" alt=\"ebook_pt_kitesurf_algarve\" srcset=\"https:\/\/kitesurfeolis.com\/wp-content\/uploads\/2023\/12\/indice_pt.png 1383w, https:\/\/kitesurfeolis.com\/wp-content\/uploads\/2023\/12\/indice_pt-300x168.png 300w, https:\/\/kitesurfeolis.com\/wp-content\/uploads\/2023\/12\/indice_pt-1024x572.png 1024w, https:\/\/kitesurfeolis.com\/wp-content\/uploads\/2023\/12\/indice_pt-768x429.png 768w, https:\/\/kitesurfeolis.com\/wp-content\/uploads\/2023\/12\/indice_pt-600x335.png 600w\" sizes=\"auto, (max-width: 1383px) 100vw, 1383px\" title=\"\">\t\t\t\t\t\t\t\t\t\t\t<\/a>\n\t\t\t\t\t\t\t\t\t<\/div>\n\t\t\t<\/div>\n\t\t\t<\/div>\n<\/div>[\/vc_column][\/vc_row]<\/p>\n<\/div>","protected":false},"excerpt":{"rendered":"<p>[vc_row enable_surfer_icon=&#8221;no&#8221; css=&#8221;.vc_custom_1579277130626{padding-top: 16px !important;}&#8221;][vc_column offset=&#8221;vc_col-lg-offset-0 vc_col-lg-6 vc_col-md-offset-0 vc_col-md-12 vc_col-sm-offset-0 vc_col-xs-12&#8243; el_class=&#8221;qodef-map&#8221;][vc_column_text css=&#8221;&#8221;] &#8220;Memberships&#8221; Eolis [\/vc_column_text][\/vc_column][vc_column css=&#8221;.vc_custom_1550505500194{margin-left: -15px !important;padding-left: 0px !important;}&#8221; offset=&#8221;vc_col-lg-offset-0 vc_col-lg-6 vc_col-md-offset-0 vc_col-md-12 vc_col-sm-offset-0&#8243;][\/vc_column][\/vc_row][vc_row content_text_aligment=&#8221;left&#8221; enable_surfer_icon=&#8221;no&#8221; css=&#8221;.vc_custom_1582543773844{padding-top: 14px !important;}&#8221;][vc_column][vc_column_text css=&#8221;&#8221;]Se escolheres associar-te a n\u00f3s podes optar por faz\u00ea-lo [&hellip;]<\/p>\n","protected":false},"author":1,"featured_media":7075,"parent":0,"menu_order":0,"comment_status":"open","ping_status":"closed","template":"","meta":{"footnotes":""},"class_list":["post-7084","page","type-page","status-publish","has-post-thumbnail","hentry"],"_links":{"self":[{"href":"https:\/\/kitesurfeolis.com\/pt-pt\/wp-json\/wp\/v2\/pages\/7084","targetHints":{"allow":["GET"]}}],"collection":[{"href":"https:\/\/kitesurfeolis.com\/pt-pt\/wp-json\/wp\/v2\/pages"}],"about":[{"href":"https:\/\/kitesurfeolis.com\/pt-pt\/wp-json\/wp\/v2\/types\/page"}],"author":[{"embeddable":true,"href":"https:\/\/kitesurfeolis.com\/pt-pt\/wp-json\/wp\/v2\/users\/1"}],"replies":[{"embeddable":true,"href":"https:\/\/kitesurfeolis.com\/pt-pt\/wp-json\/wp\/v2\/comments?post=7084"}],"version-history":[{"count":18,"href":"https:\/\/kitesurfeolis.com\/pt-pt\/wp-json\/wp\/v2\/pages\/7084\/revisions"}],"predecessor-version":[{"id":33017,"href":"https:\/\/kitesurfeolis.com\/pt-pt\/wp-json\/wp\/v2\/pages\/7084\/revisions\/33017"}],"wp:featuredmedia":[{"embeddable":true,"href":"https:\/\/kitesurfeolis.com\/pt-pt\/wp-json\/wp\/v2\/media\/7075"}],"wp:attachment":[{"href":"https:\/\/kitesurfeolis.com\/pt-pt\/wp-json\/wp\/v2\/media?parent=7084"}],"curies":[{"name":"wp","href":"https:\/\/api.w.org\/{rel}","templated":true}]}}