{"id":6946,"date":"2023-12-05T12:46:24","date_gmt":"2023-12-05T12:46:24","guid":{"rendered":"https:\/\/kitesurfeolis.com\/?page_id=6946"},"modified":"2026-02-04T22:43:42","modified_gmt":"2026-02-04T22:43:42","slug":"eolis-algarve-wingsup-politica-privacidade","status":"publish","type":"page","link":"https:\/\/kitesurfeolis.com\/pt-pt\/eolis-algarve-wingsup-politica-privacidade\/","title":{"rendered":"Pol\u00edtica de Privacidade"},"content":{"rendered":"\r\n<h2 class=\"wp-block-heading\">1. Quem somos<\/h2>\r\n\r\n\r\n\r\n<p>Somos a Eolis Unipessoal Lda e o nosso website \u00e9: https:\/\/www.kitesurfeolis.com<br \/>NIF: 516729489<br \/>Sede: Av. Ria Formosa 8C.C. loja 34, 8800-591 Cabanas de Tavira, Algarve, Portugal<br \/>Email: geral@kitesurfeolis.com<\/p>\r\n\r\n\r\n\r\n<h2 class=\"wp-block-heading\">2. Coment\u00e1rio<\/h2>\r\n\r\n\r\n\r\n<p>A Pol\u00edtica de Privacidade abaixo identifica a informa\u00e7\u00e3o recolhida, formas de recolha e tratamento da mesma. Ao utilizar este website deve ter conhecimento e aceitar esta Pol\u00edtica de Privacidade. A Pol\u00edtica Privacidade \u00e9 fundamental para a prote\u00e7\u00e3o dos seus dados.<\/p>\r\n\r\n\r\n\r\n<h2 class=\"wp-block-heading\">3. dados recolhidos<\/h2>\r\n\r\n\r\n\r\n<p>Este website recolhe dados atrav\u00e9s de um formul\u00e1rio de contacto quando preenchido e enviado pelo utilizador:<\/p>\r\n\r\n\r\n\r\n<p>(a)nome e (b)e-mail<\/p>\r\n\r\n\r\n\r\n<p>Este website utiliza cookies para recolha de informa\u00e7\u00e3o estat\u00edstica de forma an\u00f3nima e\/ou para melhorar a experi\u00eancia de utilizador na utiliza\u00e7\u00e3o deste website.<\/p>\r\n\r\n\r\n\r\n<h2 class=\"wp-block-heading\">4. Finalidade dos dados recolhidos<\/h2>\r\n\r\n\r\n\r\n<p>Os dados recolhidos neste website destinam-se a:<\/p>\r\n\r\n\r\n\r\n<p>\u2013 Contacto com o utilizador para responder aos pedidos enviados;<\/p>\r\n\r\n\r\n\r\n<p>\u2013 Envio, ap\u00f3s solicita\u00e7\u00e3o do utilizador, de propostas de servi\u00e7os e\/ou outras informa\u00e7\u00f5es de servi\u00e7os e\/ou produtos pr\u00f3prios;<\/p>\r\n\r\n\r\n\r\n<p>\u2013 Futuros contactos, nomeadamente envio de comunica\u00e7\u00e3o de servi\u00e7os e campanhas comerciais;<\/p>\r\n\r\n\r\n\r\n<p>\u2013 Cumprimento das obriga\u00e7\u00f5es legais.<\/p>\r\n\r\n\r\n\r\n<p>Os dados s\u00e3o assim recolhidos para as finalidades acima indicadas pelo que todo o titular dever\u00e1 verificar a sua exatid\u00e3o e atualiza\u00e7\u00e3o por forma a que o respons\u00e1vel por este website possa adotar as medidas adequadas ao seu tratamento.<\/p>\r\n\r\n\r\n\r\n<p>O preenchimento dos formul\u00e1rios presentes neste website \u00e9 acompanhado de pedido de consentimento expresso por parte do utilizador para o envio e tratamento dos dados conforme descrito acima. Esse consentimento dado no envio de qualquer informa\u00e7\u00e3o pessoal traduzir\u00e1 o consentimento pr\u00e9vio e expresso ao tratamento dos dados pessoais transmitidos pelo seu titular para uma ou mais finalidades acima descritas bem como fica o propriet\u00e1rio deste website autorizado a efetuar o tratamento dos dados pessoais recolhidos na medida e por tempo necess\u00e1rio \u00e0 prossecu\u00e7\u00e3o das suas finalidades.<\/p>\r\n\r\n\r\n\r\n<p>Em cumprimento da legisla\u00e7\u00e3o legal em vigor e da sua pol\u00edtica, o propriet\u00e1rio deste website esclarece que n\u00e3o solicita, nem estimula, em local ou de forma alguma, a remiss\u00e3o e envio de dados pessoais referentes a convic\u00e7\u00f5es filos\u00f3ficas ou pol\u00edticas, filia\u00e7\u00e3o partid\u00e1ria ou sindical, f\u00e9 religiosa, vida privada, origem racial ou \u00e9tnica, bem como o tratamento de dados relativos \u00e0 vida sexual.<\/p>\r\n\r\n\r\n\r\n<p>Em conformidade, o propriet\u00e1rio deste website reserva-se o direito de n\u00e3o aceitar recolher ou receber informa\u00e7\u00e3o que coloque em causa direitos fundamentais ou que se afigurem il\u00edcitos, ficando exclu\u00edda qualquer responsabilidade no respetivo tratamento.<\/p>\r\n\r\n\r\n\r\n<p>Tendo em conta a finalidade do tratamento da informa\u00e7\u00e3o recolhida, o propriet\u00e1rio deste website reserva-se o direito de cancelar ou anular qualquer pedido caso n\u00e3o sejam recolhidos todos os dados necess\u00e1rios \u00e0 gest\u00e3o do processo em causa, ficando exclu\u00edda qualquer responsabilidade.<\/p>\r\n\r\n\r\n\r\n<h2 class=\"wp-block-heading\">5. conserva\u00e7\u00e3o dos dados pessoais<\/h2>\r\n\r\n\r\n\r\n<p>Em conformidade, informa-se que os dados pessoais recolhidos no \u00e2mbito de qualquer processo a ser tratado pelo propriet\u00e1rio deste website poder\u00e3o ser mantidos durante o per\u00edodo necess\u00e1rio ao cumprimento da finalidade, podendo ser mantidos em reserva para futuros processos ou ser conservados para a continua\u00e7\u00e3o de envio de promo\u00e7\u00f5es ou divulga\u00e7\u00f5es de a\u00e7\u00f5es, servi\u00e7os ou produtos, sem preju\u00edzo do direito do titular solicitar a elimina\u00e7\u00e3o dos seus dados (direito ao esquecimento), a qualquer momento, tal como indicado no ponto seguinte.<\/p>\r\n\r\n\r\n\r\n<h2 class=\"wp-block-heading\">6. direitos do titular dos dados pessoais<\/h2>\r\n\r\n\r\n\r\n<p>O per\u00edodo de tempo durante o qual os dados pessoais s\u00e3o armazenados e conservados variar\u00e1 em conformidade com as finalidades escolhidas pelos interessados, mas sempre por um per\u00edodo igual ou inferior ao prazo estipulado na lei, no entanto, o titular dos dados pessoais pode, em qualquer momento, solicitar:<\/p>\r\n\r\n\r\n\r\n<p>\u2013 O acesso\/pedido de toda a informa\u00e7\u00e3o detida pelo respons\u00e1vel deste website sobre si;<\/p>\r\n\r\n\r\n\r\n<p>\u2013 A elimina\u00e7\u00e3o de toda a informa\u00e7\u00e3o detida pelo respons\u00e1vel deste website sobre si sempre que seja aplic\u00e1vel um dos seguintes motivos: (i) os dados deixaram de ser necess\u00e1rios para a finalidade que motivou a sua recolha ou tratamento; (ii) o titular retira o consentimento, quando o consentimento \u00e9 a base legal; (iii) o titular op\u00f5e-se ao tratamento e n\u00e3o existem interesses leg\u00edtimos prevalecentes que justifiquem a sua manuten\u00e7\u00e3o ou (iv) os dados pessoais t\u00eam de ser apagados para o cumprimento de uma obriga\u00e7\u00e3o jur\u00eddica;<\/p>\r\n\r\n\r\n\r\n<p>\u2013 A retifica\u00e7\u00e3o da informa\u00e7\u00e3o detida pelo respons\u00e1vel deste website sobre si;<\/p>\r\n\r\n\r\n\r\n<p>\u2013 Portabilidade, limita\u00e7\u00e3o e\/ou oposi\u00e7\u00e3o ao tratamento, o titular dever\u00e1 comunicar por escrito ao propriet\u00e1rio deste website o seu pedido, identificando-se pelo nome completo e elementos de identifica\u00e7\u00e3o suficientes para permitir a sua identifica\u00e7\u00e3o adequada e posterior tratamento do seu pedido;<\/p>\r\n\r\n\r\n\r\n<p>Todos os pedidos devem ser realizados atrav\u00e9s dos endere\u00e7os e formas identificadas no ponto 1 desta Pol\u00edtica de Privacidade.<\/p>\r\n\r\n\r\n\r\n<p>Adicionalmente, o titular poder\u00e1 sempre apresentar as reclama\u00e7\u00f5es que entender necess\u00e1rias junto da autoridade competente para o efeito.<\/p>\r\n\r\n\r\n\r\n<h2 class=\"wp-block-heading\">7. seguran\u00e7a no tratamento dos dados pessoais<\/h2>\r\n\r\n\r\n\r\n<p>Os dados recolhidos s\u00e3o processados e armazenados eletronicamente e em suporte f\u00edsico (papel) quando necess\u00e1rio.<\/p>\r\n\r\n\r\n\r\n<p>O propriet\u00e1rio deste website implementou medidas t\u00e9cnicas e organizativas adequadas a proteger os dados pessoais contra a destrui\u00e7\u00e3o, acidental ou il\u00edcita, a perda acidental, a altera\u00e7\u00e3o, a difus\u00e3o ou o acesso n\u00e3o autorizados, e contra qualquer forma de tratamento il\u00edcito. S\u00f3 os colaboradores e subcontratantes autorizados pelo propriet\u00e1rio deste website t\u00eam acesso aos dados pessoais, estando vinculados ao dever de sigilo e confidencialidade.<\/p>\r\n\r\n\r\n\r\n<p>Caso, por algum motivo, se verifique uma viola\u00e7\u00e3o da seguran\u00e7a que provoque, de modo acidental ou il\u00edcito, a destrui\u00e7\u00e3o, perda, altera\u00e7\u00e3o, divulga\u00e7\u00e3o ou o acesso, n\u00e3o autorizados aos dados pessoais, o propriet\u00e1rio deste website compromete-se, nos termos da legisla\u00e7\u00e3o aplic\u00e1vel, a comunicar junto das autoridades competentes, sem demora justificada e, sempre que poss\u00edvel, at\u00e9 72 horas ap\u00f3s ter tido conhecimento de tal ocorr\u00eancia.<\/p>\r\n\r\n\r\n\r\n<p>Nos termos referidos, o propriet\u00e1rio deste website compromete-se a comunicar a viola\u00e7\u00e3o dos dados pessoais ao respetivo titular dos seus dados, em conformidade com a legisla\u00e7\u00e3o aplic\u00e1vel.<\/p>\r\n\r\n\r\n\r\n<p>Sem preju\u00edzo do disposto nos par\u00e1grafos anteriores, o utilizador dever\u00e1 adotar medidas adicionais de seguran\u00e7a necess\u00e1rias e exig\u00edveis, nomeadamente tendo uma firewall ativa, antiv\u00edrus e anti spyware atualizados, devendo fazer uma utiliza\u00e7\u00e3o prudente ao ter acesso a plataformas de entidades terceiras, verificando e confirmando a exist\u00eancia de certificado digital e da fidedignidade do endere\u00e7o, ficando exclu\u00edda qualquer responsabilidade do propriet\u00e1rio deste website por facto que n\u00e3o lhe seja imput\u00e1vel ou o n\u00e3o respeito de regras de cautela especificadas ou exig\u00edveis.<\/p>\r\n\r\n\r\n\r\n<h2 class=\"wp-block-heading\">8. comunica\u00e7\u00e3o dos dados pessoais a entidades terceiras<\/h2>\r\n\r\n\r\n\r\n<p>As informa\u00e7\u00f5es e dados pessoais a que o propriet\u00e1rio deste website tem acesso n\u00e3o ser\u00e3o, em hip\u00f3tese alguma, vendidas ou cedidas a terceiros.<\/p>\r\n\r\n\r\n\r\n<p>No \u00e2mbito da sua atividade, o propriet\u00e1rio deste website poder\u00e1 recorrer a subcontratantes para a presta\u00e7\u00e3o de determinados servi\u00e7os, o que poder\u00e1 implicar, em algumas situa\u00e7\u00f5es, o acesso, por tais entidades, aos dados pessoais dos utilizadores ou cliente.<\/p>\r\n\r\n\r\n\r\n<p>Caso isso ocorra, o titular consente essa partilha, ficando o propriet\u00e1rio deste website com o compromisso de praticar as medidas necess\u00e1rias e adequadas, por forma a assegurar que as entidades que tenham acesso a tais dados pessoais, sejam reputadas e ofere\u00e7am elevadas garantias a este n\u00edvel, o que ficar\u00e1 devidamente consagrado e acautelado em contrato escrito, celebrado entre o propriet\u00e1rio deste website e o(s) subcontratante(s).<\/p>\r\n\r\n\r\n\r\n<p>Todo o subcontratante com quem o propriet\u00e1rio deste website partilhe dados, ficar\u00e1 incumbido de tratar os dados pessoais dos utilizadores, em seu nome e por sua conta no compromisso de adotar as medidas t\u00e9cnicas e organizacionais necess\u00e1rias por forma a proteger os dados pessoais contra a destrui\u00e7\u00e3o, acidental ou il\u00edcita, a perda acidental, a altera\u00e7\u00e3o, a difus\u00e3o ou o acesso n\u00e3o autorizado e contra qualquer outra forma de tratamento il\u00edcito, ficando a mesma como respons\u00e1vel pelo uso adequado e nos termos legais.<\/p>\r\n\r\n\r\n\r\n<p>Sem preju\u00edzo do disposto no par\u00e1grafo anterior, o propriet\u00e1rio deste website fica respons\u00e1vel pelo tratamento dos dados pessoais nos termos legais e dentro das respetivas limita\u00e7\u00f5es de uso.<\/p>\r\n\r\n\r\n\r\n<h2 class=\"wp-block-heading\">9. acesso a websites de terceiros<\/h2>\r\n\r\n\r\n\r\n<p>A Pol\u00edtica de Privacidade n\u00e3o \u00e9 aplic\u00e1vel a websites ou meios de suporte de terceiros que o utilizador possa vir a ter acesso atrav\u00e9s deste website. Neste caso, sempre que visitar outro website a partir deste, dever\u00e1 sempre ler a Pol\u00edtica de Privacidade aplic\u00e1vel e verificar se concorda com os seus termos antes de facultar os seus dados pessoais.<\/p>\r\n\r\n\r\n\r\n<p>O propriet\u00e1rio deste website n\u00e3o se responsabiliza pela Pol\u00edtica de Privacidade ou tratamento de dados pessoais que seja aplic\u00e1vel em websites de entidades terceiras, nem pelos conte\u00fados disponibilizados nos mesmos websites.<\/p>\r\n\r\n\r\n\r\n<h2 class=\"wp-block-heading\">10. cookies<\/h2>\r\n\r\n\r\n\r\n<p>Este website pode utilizar cookies e\/ou \u201cweb beacons\u201d quando um utilizador tem acesso \u00e0s p\u00e1ginas. Os cookies que podem ser utilizados e associam-se (se for o caso) unicamente com o navegador de um determinado computador, tablet e\/ou telem\u00f3vel.<\/p>\r\n\r\n\r\n\r\n<p>Os cookies que s\u00e3o utilizados neste website podem ser instalados pelo mesmo, os quais s\u00e3o originados dos distintos servidores operados por este, ou a partir dos servidores de terceiros que prestam servi\u00e7os e instalam cookies e\/ou \u201cweb beacons\u201d (por exemplo, os cookies que s\u00e3o empregues para servi\u00e7os de estat\u00edsticas ou certos conte\u00fados externos). O utilizador poder\u00e1 pesquisar no seu computador conforme instru\u00e7\u00f5es do pr\u00f3prio browser e encontrar e remover as cookies.<\/p>\r\n\r\n\r\n\r\n<p>As cookies s\u00e3o necess\u00e1rias para permitir identificar que um browser (e supostamente uma pessoa que est\u00e1 a usar esse browser) que acede a diversas p\u00e1ginas de um website \u00e9 o mesmo browser (e supostamente a mesma pessoa) que acedeu a determinada p\u00e1gina, isto \u00e9 normalmente f\u00e1cil de exemplificar com o login, quando um utilizador faz login num website, esse website guarda uma cookie no browser com um identificador \u00fanico que permite depois saber que foi aquele login que pediu determinada p\u00e1gina e com isto poder mostrar informa\u00e7\u00e3o ou disponibilizar funcionalidades especificas para esse utilizador.<\/p>\r\n\r\n\r\n\r\n<p>Este website utiliza cookies por forma a providenciar a melhor experi\u00eancia poss\u00edvel na utiliza\u00e7\u00e3o e consulta deste website, nomeadamente nas seguintes situa\u00e7\u00f5es:<\/p>\r\n\r\n\r\n\r\n<p>\u2013 Partilha de conte\u00fados em redes sociais;<\/p>\r\n\r\n\r\n\r\n<p>\u2013 Exibi\u00e7\u00e3o de conte\u00fados de terceiros (ex.: v\u00eddeos);<\/p>\r\n\r\n\r\n\r\n<p>\u2013 Recolha de estat\u00edsticas.<\/p>\r\n\r\n\r\n\r\n<p><strong>N\u00e3o utilizamos cookies para:<\/strong><\/p>\r\n\r\n\r\n\r\n<p>\u2013 Recolher informa\u00e7\u00e3o que o permita identificar a si;<\/p>\r\n\r\n\r\n\r\n<p>\u2013 Recolher informa\u00e7\u00e3o sens\u00edvel sobre si;<\/p>\r\n\r\n\r\n\r\n<p>\u2013 Passar informa\u00e7\u00e3o que o\/a identifica a terceiros.<\/p>\r\n\r\n\r\n\r\n<p>Mais detalhes sobre como s\u00e3o utilizadas as cookies em cada caso mencionado acima:<\/p>\r\n\r\n\r\n\r\n<p><strong>Cookies de Redes Sociais:<\/strong><\/p>\r\n\r\n\r\n\r\n<p>Para que os utilizadores deste website possam facilmente partilhar os nossos conte\u00fados nas suas contas de redes sociais como o Facebook, o Twitter e o Linkedin, este website inclui bot\u00f5es para essas mesmas funcionalidades.<\/p>\r\n\r\n\r\n\r\n<p>Os cookies para essas funcionalidades s\u00e3o dessa forma criados e introduzidos nas nossas p\u00e1ginas pelo Facebook (Pol\u00edtica de Privacidade do Facebook), pelo Twitter (Pol\u00edtica de Privacidade do Twitter) e pelo Linkedin(Pol\u00edtica de Privacidade do Linkedin).<\/p>\r\n\r\n\r\n\r\n<p>As implica\u00e7\u00f5es de privacidades destas funcionalidades dependem das redes sociais que os utilizadores deste website utilizam e das configura\u00e7\u00f5es de privacidade que os mesmos definem em cada uma dessas redes.<\/p>\r\n\r\n\r\n\r\n<p><strong>Cookies para estat\u00edsticas an\u00f3nimas sobre os visitantes deste website:<\/strong><\/p>\r\n\r\n\r\n\r\n<p>Este website utiliza cookies para compilar estat\u00edsticas sobre as visitas, para fim de saber informa\u00e7\u00e3o an\u00f3nima sobre o n\u00famero de visitas que recebe, que tecnologia \u00e9 utilizada para aceder ao website, que p\u00e1ginas s\u00e3o visualizadas e por quanto tempo, entre muitos outros indicadores estat\u00edsticos an\u00f3nimos.<\/p>\r\n\r\n\r\n\r\n<p>Esta informa\u00e7\u00e3o permite a este website melhorar de forma continuada a experi\u00eancia dos seus visitantes.<\/p>\r\n\r\n\r\n\r\n<p>O software que este website utiliza para a recolha de estat\u00edsticas \u00e9 o Jetpack.<\/p>\r\n\r\n\r\n\r\n<p>Assim para este tipo de cookies este website utiliza o Jetpack \u2013 Pol\u00edtica de Privacidade do Jetpack.<\/p>\r\n\r\n\r\n\r\n<p>&nbsp;<\/p>\r\n\r\n\r\n\r\n<p>Para obter mais informa\u00e7\u00f5es sobre cookies, incluindo para saber que cookies foram instalados e como podem ser geridos e eliminados, visite:<br \/><a href=\"http:\/\/www.allaboutcookies.org\" target=\"_blank\" rel=\"noopener\">http:\/\/www.allaboutcookies.org<\/a>\u00a0<\/p>\r\n\r\n\r\n\r\n<p>&nbsp;<\/p>\r\n","protected":false},"excerpt":{"rendered":"<p>1. Quem somos Somos a Eolis Unipessoal Lda e o nosso website \u00e9: https:\/\/www.kitesurfeolis.comNIF: 516729489Sede: Av. Ria Formosa 8C.C. loja 34, 8800-591 Cabanas de Tavira, Algarve, PortugalEmail: geral@kitesurfeolis.com 2. Coment\u00e1rio A Pol\u00edtica de Privacidade abaixo identifica a informa\u00e7\u00e3o recolhida, formas [&hellip;]<\/p>\n","protected":false},"author":1,"featured_media":0,"parent":0,"menu_order":0,"comment_status":"closed","ping_status":"open","template":"","meta":{"footnotes":""},"class_list":["post-6946","page","type-page","status-publish","hentry"],"_links":{"self":[{"href":"https:\/\/kitesurfeolis.com\/pt-pt\/wp-json\/wp\/v2\/pages\/6946","targetHints":{"allow":["GET"]}}],"collection":[{"href":"https:\/\/kitesurfeolis.com\/pt-pt\/wp-json\/wp\/v2\/pages"}],"about":[{"href":"https:\/\/kitesurfeolis.com\/pt-pt\/wp-json\/wp\/v2\/types\/page"}],"author":[{"embeddable":true,"href":"https:\/\/kitesurfeolis.com\/pt-pt\/wp-json\/wp\/v2\/users\/1"}],"replies":[{"embeddable":true,"href":"https:\/\/kitesurfeolis.com\/pt-pt\/wp-json\/wp\/v2\/comments?post=6946"}],"version-history":[{"count":2,"href":"https:\/\/kitesurfeolis.com\/pt-pt\/wp-json\/wp\/v2\/pages\/6946\/revisions"}],"predecessor-version":[{"id":32711,"href":"https:\/\/kitesurfeolis.com\/pt-pt\/wp-json\/wp\/v2\/pages\/6946\/revisions\/32711"}],"wp:attachment":[{"href":"https:\/\/kitesurfeolis.com\/pt-pt\/wp-json\/wp\/v2\/media?parent=6946"}],"curies":[{"name":"wp","href":"https:\/\/api.w.org\/{rel}","templated":true}]}}