{"id":6477,"date":"2020-02-03T11:29:33","date_gmt":"2020-02-03T11:29:33","guid":{"rendered":"https:\/\/kitesurfeolis.com\/events\/"},"modified":"2026-03-02T20:25:30","modified_gmt":"2026-03-02T20:25:30","slug":"aventura-nos-acores-eolis","status":"publish","type":"page","link":"https:\/\/kitesurfeolis.com\/pt-pt\/aventura-nos-acores-eolis\/","title":{"rendered":"A\u00e7ores"},"content":{"rendered":"<div class=\"wpb-content-wrapper\"><p>[vc_row][vc_column][vc_column_text]<\/p>\r\n<p data-rm-block-id=\"block-1\">[\/vc_column_text][\/vc_column][\/vc_row][vc_row][vc_column][vc_column_text]<p>[\/vc_column_text][\/vc_column][\/vc_row][vc_row disable_background_image=&#8221;1024&#8243; enable_surfer_icon=&#8221;no&#8221; css=&#8221;.vc_custom_1581599058320{padding-top: 0px !important;padding-bottom: 150px !important;}&#8221; simple_background_image=&#8221;1224&#8243; background_image_position=&#8221;bottom center&#8221; simple_background_color=&#8221;#ffffff&#8221;][vc_column css=&#8221;.vc_custom_1702297588592{padding-top: 0px !important;padding-bottom: 0px !important;}&#8221;][vc_empty_space height=&#8221;100px&#8221;][vc_row_inner row_content_width=&#8221;grid&#8221; css=&#8221;.vc_custom_1581599412600{padding-top: 0px !important;}&#8221;][vc_column_inner offset=&#8221;vc_col-lg-5 vc_col-md-12&#8243;]<div class=\"qodef-elements-holder   qodef-one-column  qodef-responsive-mode-768 \" ><div class=\"qodef-eh-item    \"  data-item-class=\"qodef-eh-custom-6847\" data-1400-1600=\"178px 18% 0 0\" data-1025-1399=\"134px 9% 0 0\" data-769-1024=\"0px 0% 79px 0\" data-681-768=\"0px 0% 79px 0\" data-680=\"0px 0 79px 0\">\n\t<div class=\"qodef-eh-item-inner\">\n\t\t<div class=\"qodef-eh-item-content qodef-eh-custom-6847\" style=\"padding: 178px 18% 0 0\">\n\t\t\t<div class=\"qodef-section-title-holder  \" >\n\t<div class=\"qodef-st-inner\">\n                    <span class=\"qodef-st-background-text\" style=\"text-align: left\"><\/span>\n        \t\t\t\t\t<h2 class=\"qodef-st-title\" >\n\t\t\t\tAventura nos A\u00e7ores\t\t\t<\/h2>\n\t\t                        <span class=\"qodef-st-caption\" style=\"margin: 15px 0 0\">Melhor \u00e9 dif\u00edcil...<\/span>\n        \t\t\t\t\t<p class=\"qodef-st-text\" >\n\t\t\t\tQuando percebes o apelo para te deslumbrares pelo que os teus olhos conseguem alcan\u00e7ar, sentir\u00e1s a natureza no seu estado mais puro. Isto s\u00e3o os A\u00e7ores.<br \/>Nove ilhas no meio do Oceano Atl\u00e2ntico entre a Europa e a Am\u00e9rica, em frente a Lisboa.<br \/>Nada mais do que um sonho lindo para dizer o m\u00ednimo. Agora, podes tamb\u00e9m confiar em n\u00f3s para te ajudarmos a descobrir um novo tom de verde e algumas paisagens e p\u00f4r-do-sol deslumbrantes com o mar a toda a volta.<br \/>Levaremos somente entre 4 e 10 aventureiros connosco nesta jornada memor\u00e1vel.\t\t\t<\/p>\n\t\t\t\t\t<\/div>\n<\/div>\t\t<\/div>\n\t<\/div>\n<\/div><\/div>[\/vc_column_inner][\/vc_row_inner][\/vc_column][\/vc_row][vc_row][vc_column][vc_column_text css=&#8221;&#8221;]<\/p>\n<p>&nbsp;<\/p>\n\r\n<blockquote>\r\n<h2 style=\"text-align: center;\" data-rm-block-id=\"block-2\">Aventura nos A\u00e7ores: Uma Experi\u00eancia Inesquec\u00edvel<br \/><br \/>Uma excelente not\u00edcia para quem fez a &#8220;membership&#8221; connosco \u00e9 que, para voc\u00eas o valor ser\u00e1 sempre o promocional independentemente de quando fa\u00e7am a reserva. N\u00e3o esque\u00e7am no entanto que levamos um m\u00e1ximo de 10 pessoas. Reserva j\u00e1!<\/h2>\r\n<\/blockquote>\r\n<p data-rm-block-id=\"block-3\"><\/p>\n<p>[\/vc_column_text][\/vc_column][\/vc_row][vc_row disable_background_image=&#8221;1024&#8243; enable_surfer_icon=&#8221;no&#8221; css=&#8221;.vc_custom_1580809354900{padding-top: 0px !important;padding-bottom: 0px !important;}&#8221; simple_background_image=&#8221;1275&#8243; background_image_position=&#8221;top center&#8221;][vc_column css=&#8221;.vc_custom_1580462469148{padding-top: 0px !important;padding-bottom: 0px !important;}&#8221;][vc_row_inner row_content_width=&#8221;grid&#8221; css=&#8221;.vc_custom_1580464438993{padding-top: 0px !important;padding-bottom: 125px !important;}&#8221;][vc_column_inner offset=&#8221;vc_col-lg-6 vc_col-md-12&#8243;]<div class=\"qodef-elements-holder   qodef-one-column  qodef-responsive-mode-768 \" ><div class=\"qodef-eh-item    \"  data-item-class=\"qodef-eh-custom-5278\" data-1400-1600=\"88px 9% 0 21.5%\" data-1025-1399=\"54px 9% 0 11.5%\" data-769-1024=\"0 25% 0 0\" data-681-768=\"0 23% 0 0\" data-680=\"0 0\">\n\t<div class=\"qodef-eh-item-inner\">\n\t\t<div class=\"qodef-eh-item-content qodef-eh-custom-5278\" style=\"padding: 88px 12% 0 18.3%\">\n\t\t\t<div class=\"qodef-section-title-holder  \" >\n\t<div class=\"qodef-st-inner\">\n                    <span class=\"qodef-st-background-text\" style=\"text-align: left\"><\/span>\n        \t\t\t\t\t<h2 class=\"qodef-st-title\" >\n\t\t\t\tS\u00c3O MIGUEL~ Desafio\t\t\t<\/h2>\n\t\t                        <span class=\"qodef-st-caption\" style=\"margin: 17px 0 0\">06\/12 a 10\/12 ~ N\u00edvel F\u00e1cil\/M\u00e9dio ~<\/span>\n        \t\t\t\t\t<p class=\"qodef-st-text\" style=\"margin-top: 13px\">\n\t\t\t\tEsta aventura est\u00e1 pensada para fazer desabrochar uma cascata de emo\u00e7\u00f5es positivas e ajudar a recarregar baterias.<br \/>O que est\u00e1 inclu\u00eddo?<br \/>Estadia em QUARTO PRIVADO ou DORMIT\u00d3RIO de 3, 4 ou 6 pessoas &amp; Pequenos-almo\u00e7os<br \/>. ``Welcome Drink`` Beberete de Boas-vindas<br \/>. Transferes na Ilha<br \/>. Trilhos nas Furnas, Sete Cidades e Fogo<br \/>. Arborismo<br \/>. \u201cCozido das Furnas\u201d Refei\u00e7\u00e3o tradicional<br \/>. StandUpPaddle\/Canoagem nas Sete cidades<br \/>. D.Beija, Ferraria &amp; Caldeira Velha- Fontes termais naturais<br \/>Valor por pessoa: \u20ac850 p.p. Descontos nas reservas efectuadas at\u00e9 31 Julho 2026: \u20ac800 (QUARTO PRIVADO)<br \/>Valor por pessoa: \u20ac720 p.p. Descontos nas reservas efectuadas at\u00e9 31 Julho 2026: \u20ac680 (DORMIT\u00d3RIO 3, 4 ou 6 pessoas)<br \/>O que n\u00e3o est\u00e1 inclu\u00eddo?<br \/>. Voos (80\u20ac-100\u20ac a partir de Lisboa ou de Faro, em direc\u00e7\u00e3o a Ponta Delgada)<br \/>. Transferes para o hotel e para o aeroporto na chegada e partida<br \/>. Refei\u00e7\u00f5es<br \/>. Seguro de Viagem\t\t\t<\/p>\n\t\t\t\t\t\t\t<div class=\"qodef-st-button\"><a itemprop=\"url\" href=\"https:\/\/kitesurfeolis.com\/?s=azores&#038;post_type=product\" target=\"_blank\" style=\"margin: 35px 0 0\" class=\"qodef-btn qodef-btn-medium qodef-btn-outline qodef-btn-wave-hover\"  >        <span class=\"qodef-btn-text\">Quero reservar<\/span>            <span class=\"qodef-btn-wave-holder\" style=\"background-image: url(&quot;data:image\/svg+xml,%3Csvg xmlns=&#039;http:\/\/www.w3.org\/2000\/svg&#039; x=&#039;0px&#039; y=&#039;0px&#039; width=&#039;172px&#039; height=&#039;126px&#039; viewBox=&#039;0 0 172 125.7&#039; enable-background=&#039;0 0 172 125.7&#039; xml:space=&#039;preserve&#039; %3E%3Cpath fill=&#039;%23000000&#039; d=&#039;M173,22.7c-33.9,0-44.7-14.1-88.4-14.1c-43.6,0-54.5,14.1-86,14.1V126l174.4-0.3C173,125.7,173,28.7,173,22.7z&#039;\/%3E%3C\/svg%3E&quot;)\" ><\/span>        <\/a><\/div>\n\t\t\t<\/div>\n<\/div>\t\t<\/div>\n\t<\/div>\n<\/div><\/div>[\/vc_column_inner][vc_column_inner offset=&#8221;vc_col-lg-6 vc_col-md-12&#8243;]<div class=\"qodef-elements-holder   qodef-one-column  qodef-responsive-mode-680 \" ><div class=\"qodef-eh-item    \"  data-item-class=\"qodef-eh-custom-1663\" data-769-1024=\"80px 0px 0px\" data-681-768=\"80px 0px 0px\" data-680=\"80px 0px 0px\">\n\t<div class=\"qodef-eh-item-inner\">\n\t\t<div class=\"qodef-eh-item-content qodef-eh-custom-1663\" style=\"padding: 5px 0 0\">\n\t\t\t[vc_single_image image=&#8221;32750&#8243; img_size=&#8221;full&#8221; onclick=&#8221;custom_link&#8221; css=&#8221;&#8221; link=&#8221;https:\/\/kitesurfeolis.com\/?s=azores&amp;post_type=product&#8221;]\t\t<\/div>\n\t<\/div>\n<\/div><\/div>[\/vc_column_inner][\/vc_row_inner][\/vc_column][\/vc_row][vc_row row_content_width=&#8221;grid&#8221; content_text_aligment=&#8221;center&#8221; enable_surfer_icon=&#8221;no&#8221; simple_background_color=&#8221;#fafafa&#8221;][vc_column css=&#8221;.vc_custom_1580807336093{padding-top: 130px !important;padding-bottom: 130px !important;}&#8221;]<div class=\"qodef-section-title-holder  \" style=\"padding: 0 20%;text-align: center\">\n\t<div class=\"qodef-st-inner\">\n        \t\t\t\t\t<h2 class=\"qodef-st-title\" >\n\t\t\t\t3 Raz\u00f5es para vires connosco\t\t\t<\/h2>\n\t\t        \t\t\t\t\t\t\t<div class=\"qodef-st-button\"><a itemprop=\"url\" href=\"https:\/\/kitesurfeolis.com\/pt-pt\/acores-3-razoes-apaixonantes-para-vir\/\" target=\"_blank\" style=\"margin: 27px 0 0\" class=\"qodef-btn qodef-btn-medium qodef-btn-outline qodef-btn-wave-hover\"  >        <span class=\"qodef-btn-text\">Agora<\/span>            <span class=\"qodef-btn-wave-holder\" style=\"background-image: url(&quot;data:image\/svg+xml,%3Csvg xmlns=&#039;http:\/\/www.w3.org\/2000\/svg&#039; x=&#039;0px&#039; y=&#039;0px&#039; width=&#039;172px&#039; height=&#039;126px&#039; viewBox=&#039;0 0 172 125.7&#039; enable-background=&#039;0 0 172 125.7&#039; xml:space=&#039;preserve&#039; %3E%3Cpath fill=&#039;%23000000&#039; d=&#039;M173,22.7c-33.9,0-44.7-14.1-88.4-14.1c-43.6,0-54.5,14.1-86,14.1V126l174.4-0.3C173,125.7,173,28.7,173,22.7z&#039;\/%3E%3C\/svg%3E&quot;)\" ><\/span>        <\/a><\/div>\n\t\t\t<\/div>\n<\/div>[\/vc_column][\/vc_row][vc_row][vc_column][vc_column_text css=&#8221;&#8221;]<\/p>\n<p style=\"text-align: center;\" data-rm-block-id=\"block-4\">Experimente a Aventura nos A\u00e7ores e descubra as maravilhas que estas ilhas t\u00eam para oferecer!<\/p>\n<p data-rm-block-id=\"block-5\">\n<\/p>\r\n<p>[\/vc_column_text][\/vc_column][\/vc_row][vc_row][vc_column][vc_gallery type=&#8221;image_grid&#8221; images=&#8221;7617,7619,7621,7623,7625,7627,7629&#8243;][\/vc_column][\/vc_row][vc_row][vc_column][vc_column_text]<\/p>\r\n<p>[\/vc_column_text][\/vc_column][\/vc_row]<\/p><\/div>","protected":false},"excerpt":{"rendered":"<p>[vc_row][vc_column][vc_column_text] [\/vc_column_text][\/vc_column][\/vc_row][vc_row][vc_column][vc_column_text] Aventura nos A\u00e7ores: Uma Experi\u00eancia Inesquec\u00edvel Uma excelente not\u00edcia para quem fez a &#8220;membership&#8221; connosco \u00e9 que, para voc\u00eas o valor ser\u00e1 sempre o promocional independentemente de quando fa\u00e7am a reserva. N\u00e3o esque\u00e7am no entanto que levamos um [&hellip;]<\/p>\n","protected":false},"author":1,"featured_media":7458,"parent":0,"menu_order":0,"comment_status":"open","ping_status":"closed","template":"full-width.php","meta":{"footnotes":""},"class_list":["post-6477","page","type-page","status-publish","has-post-thumbnail","hentry"],"_links":{"self":[{"href":"https:\/\/kitesurfeolis.com\/pt-pt\/wp-json\/wp\/v2\/pages\/6477","targetHints":{"allow":["GET"]}}],"collection":[{"href":"https:\/\/kitesurfeolis.com\/pt-pt\/wp-json\/wp\/v2\/pages"}],"about":[{"href":"https:\/\/kitesurfeolis.com\/pt-pt\/wp-json\/wp\/v2\/types\/page"}],"author":[{"embeddable":true,"href":"https:\/\/kitesurfeolis.com\/pt-pt\/wp-json\/wp\/v2\/users\/1"}],"replies":[{"embeddable":true,"href":"https:\/\/kitesurfeolis.com\/pt-pt\/wp-json\/wp\/v2\/comments?post=6477"}],"version-history":[{"count":18,"href":"https:\/\/kitesurfeolis.com\/pt-pt\/wp-json\/wp\/v2\/pages\/6477\/revisions"}],"predecessor-version":[{"id":30797,"href":"https:\/\/kitesurfeolis.com\/pt-pt\/wp-json\/wp\/v2\/pages\/6477\/revisions\/30797"}],"wp:featuredmedia":[{"embeddable":true,"href":"https:\/\/kitesurfeolis.com\/pt-pt\/wp-json\/wp\/v2\/media\/7458"}],"wp:attachment":[{"href":"https:\/\/kitesurfeolis.com\/pt-pt\/wp-json\/wp\/v2\/media?parent=6477"}],"curies":[{"name":"wp","href":"https:\/\/api.w.org\/{rel}","templated":true}]}}