{"id":5972,"date":"2020-01-17T14:14:10","date_gmt":"2020-01-17T14:14:10","guid":{"rendered":"https:\/\/kitesurfeolis.com\/services\/sup_mertola\/"},"modified":"2026-03-02T20:24:17","modified_gmt":"2026-03-02T20:24:17","slug":"suptours-mertola-eolis-algarve","status":"publish","type":"page","link":"https:\/\/kitesurfeolis.com\/pt-pt\/suptours-mertola-eolis-algarve\/","title":{"rendered":"SUPTours M\u00e9rtola"},"content":{"rendered":"<div class=\"wpb-content-wrapper\"><p>[vc_row enable_surfer_icon=&#8221;no&#8221;][vc_column][vc_single_image image=&#8221;28003&#8243; img_size=&#8221;full&#8221;][\/vc_column][\/vc_row][vc_row enable_surfer_icon=&#8221;no&#8221; css=&#8221;.vc_custom_1579277130626{padding-top: 16px !important;}&#8221;][vc_column offset=&#8221;vc_col-lg-offset-0 vc_col-lg-6 vc_col-md-offset-0 vc_col-md-12 vc_col-sm-offset-0 vc_col-xs-12&#8243; el_class=&#8221;qodef-map&#8221;][vc_column_text]<\/p>\n<h4><span style=\"font-weight: bold;\">Porqu\u00ea visitar M\u00e9rtola<\/span><\/h4>\n<p>[\/vc_column_text][\/vc_column][vc_column css=&#8221;.vc_custom_1550505500194{margin-left: -15px !important;padding-left: 0px !important;}&#8221; offset=&#8221;vc_col-lg-offset-0 vc_col-lg-6 vc_col-md-offset-0 vc_col-md-12 vc_col-sm-offset-0&#8243;][\/vc_column][\/vc_row][vc_row content_text_aligment=&#8221;left&#8221; enable_surfer_icon=&#8221;no&#8221; css=&#8221;.vc_custom_1582543773844{padding-top: 14px !important;}&#8221;][vc_column][vc_column_text css=&#8221;&#8221;]Observada desde as \u00e1guas, a vila de M\u00e9rtola surge por si s\u00f3, fora do tempo. Repleta de mem\u00f3rias antigas e hist\u00f3ricas para onde quer que se olhe, <a href=\"https:\/\/www.cm-mertola.pt\/\" target=\"_blank\" rel=\"noopener\">M\u00e9rtola<\/a> est\u00e1 certificada como importante Patrim\u00f3nio Mundial pela UNESCO.<br \/>\nVamos lev\u00e1-lo at\u00e9 l\u00e1 e experimentar SUP nas \u00e1guas do rio Guadiana. O almo\u00e7o e uma visita ao castelo e ao seu museu tamb\u00e9m est\u00e3o inclu\u00eddos neste incr\u00edvel passeio de um dia.[\/vc_column_text][vc_column_text css=&#8221;.vc_custom_1729875085598{padding-top: 2px !important;}&#8221;]<\/p>\n<blockquote>\n<p style=\"text-align: left;\">Um passeio de 1 dia que mistura aventura, gastronomia e Hist\u00f3ria. Garantimos que ser\u00e1 surpreendido. N\u00e3o esquecer que s\u00f3 fazemos estes passeios de Outubro a Abril.<\/p>\n<\/blockquote>\n<p>[\/vc_column_text][vc_column_text]<\/p>\n<div class=\"wpb_text_column wpb_content_element vc_custom_1702671716711\">\n<div class=\"wpb_wrapper\"><\/div>\n<\/div>\n<div class=\"wpb_text_column wpb_content_element \">\n<div class=\"wpb_wrapper\">\n<p>Aconselhamos que traga consigo: fato de banho, cal\u00e7\u00f5es, licra ou tshirt, toalha, protector solar, \u00e1gua e chap\u00e9u ou bon\u00e9 porque o sol e o calor estar\u00e3o no Alentejo \u00e0 nossa espera.<br \/>\nO pagamento pode ser efectuado por: MBWAY, REVOLUT ou dinheiro.<\/p>\n<p><strong><br \/>\nM\u00c9RTOLA TOUR1:<br \/>\n9h30:<\/strong> Partida de Eolis em Cabanas de Tavira (1h15min. de carro na nossa carrinha)<br \/>\n<strong>10h45:<\/strong> Prepara\u00e7\u00e3o e passeio de SUP de 9km<br \/>\n<strong>13h: <\/strong>Almo\u00e7o em restaurante tradicional em Penha D&#8217;\u00e1guia<br \/>\n<strong>15h: <\/strong>Regresso a Eolis, em Cabanas de Tavira<\/p>\n<p>&nbsp;<\/p>\n<p><strong>M\u00c9RTOLA TOURS 2 e 3:<\/strong><br \/>\n<strong>9h30:<\/strong> Partida de Eolis em Cabanas de Tavira (1h15min. de carro na nossa carrinha)<br \/>\n<strong>10h45:<\/strong> Prepara\u00e7\u00e3o para o passeio de SUP<br \/>\n<strong>13h:<\/strong> Almo\u00e7o em restaurante tradicional de M\u00e9rtola<br \/>\n<strong>14h30:<\/strong> Visita ao castelo e seu museu<br \/>\n<strong>17h:<\/strong> Regresso a Eolis, em Cabanas de Tavira<br \/>\n(Caso seu hotel esteja a caminho, podemos ir busc\u00e1-l@ directamente ao hotel.)<\/p>\n<\/div>\n<\/div>\n<p>[\/vc_column_text][vc_empty_space height=&#8221;75px&#8221;][vc_hoverbox image=&#8221;5821&#8243; primary_title=&#8221;PROMO\u00c7\u00c3O &#8220;ADORO SUP&#8220;&#8221; hover_title=&#8221;-15% PACK 3 SUPTOURS&#8221; hover_background_color=&#8221;orange&#8221; hover_btn_title=&#8221;QUERO SABER MAIS&#8221; hover_btn_color=&#8221;white&#8221; hover_add_button=&#8221;true&#8221; hover_btn_link=&#8221;url:https%3A%2F%2Fkitesurfeolis.com%2Fpt-pt%2Fdescubra-as-6-ofertas-suptours-da-eolis%2F|title:Descubra%20as%206%20Ofertas%20de%20SUP%20da%20Eolis%20com%20uma%20Promo%C3%A7%C3%A3o%20Imperd%C3%ADvel!|target:_blank&#8221;]<\/p>\n<h4 style=\"text-align: center;\">Ainda n\u00e3o conhece a nossa promo\u00e7\u00e3o de -15% na compra de um pack de 3 SUPTOURS?<\/h4>\n<p>[\/vc_hoverbox][\/vc_column][\/vc_row][vc_row enable_surfer_icon=&#8221;no&#8221; css=&#8221;.vc_custom_1579769032153{padding-top: 61px !important;}&#8221;][vc_column offset=&#8221;vc_col-lg-offset-0 vc_col-lg-6 vc_col-md-offset-0 vc_col-md-12 vc_col-sm-offset-0 vc_col-xs-12&#8243; el_class=&#8221;qodef-map&#8221;][vc_column_text]<\/p>\n<h4><span style=\"font-weight: bold;\">SUPTours M\u00e9rtola<\/span><\/h4>\n<p>[\/vc_column_text][vc_empty_space height=&#8221;19px&#8221;]<div class=\"qodef-elements-holder   qodef-one-column  qodef-responsive-mode-768 \" ><div class=\"qodef-eh-item    \" style=\"background-image: url(https:\/\/kitesurfeolis.com\/wp-content\/uploads\/2023\/12\/20211022_112634-scaled-e1703264437921.jpg)\" data-item-class=\"qodef-eh-custom-8269\" data-1400-1600=\"135px 10px 191px 0px\" data-1025-1399=\"131px 10px 195px 0px\" data-769-1024=\"212px 0px 265px 0\" data-681-768=\"212px 0px 265px 0\" data-680=\"76px 0px 135px 0px\">\n\t<div class=\"qodef-eh-item-inner\">\n\t\t<div class=\"qodef-eh-item-content qodef-eh-custom-8269\" style=\"padding: 133px 10px 193px 0px\">\n\t\t\t<div class=\"qodef-video-button-holder   \">\n            <div class=\"qodef-video-button-image\">\n                    <\/div>\n                    <a class=\"qodef-video-button-play\"  href=\"#\" data-rel=\"prettyPhoto[video_button_pretty_photo_112]\">\n                <span class=\"qodef-video-button-play-inner\">\n                    <span class=\"qodef-icon-dripicons dripicon dripicons-media-play\"><\/span>\n                <\/span>\n            <\/a>\n            <\/div>[vc_empty_space height=&#8221;5px&#8221;]\t\t<\/div>\n\t<\/div>\n<\/div><\/div>[vc_column_text]<span style=\"font_size: 14px; color: #0de9df;\">*Ver no Youtube<\/span>[\/vc_column_text][\/vc_column][vc_column css=&#8221;.vc_custom_1550505500194{margin-left: -15px !important;padding-left: 0px !important;}&#8221; offset=&#8221;vc_col-lg-offset-0 vc_col-lg-6 vc_col-md-offset-0 vc_col-md-12 vc_col-sm-offset-0&#8243;]<div class=\"qodef-elements-holder   qodef-one-column  qodef-responsive-mode-768 \" ><div class=\"qodef-eh-item    \"  data-item-class=\"qodef-eh-custom-4759\" data-769-1024=\"18px 0px 17px 31px\" data-681-768=\"21px 0px 17px 33px\" data-680=\"9px 0px 17px 30px\">\n\t<div class=\"qodef-eh-item-inner\">\n\t\t<div class=\"qodef-eh-item-content qodef-eh-custom-4759\" style=\"padding: 0 0 0 5%\">\n\t\t\t[vc_column_text css=&#8221;.vc_custom_1729875532424{margin-top: 0px !important;}&#8221;]<\/p>\n<h4><span style=\"font-weight: bold;\">SUPTours M\u00e9rtola pre\u00e7o<\/span><\/h4>\n<p>[\/vc_column_text][vc_empty_space height=&#8221;8px&#8221;][vc_column_text css=&#8221;.vc_custom_1729875699269{padding-top: 3px !important;}&#8221;]O pre\u00e7o inclui: Transfer, passeio de SUP (com todo o material), almo\u00e7o e, caso das TOURS 2 e 3 inclui ainda uma visita ao Castelo e ao seu Museu. Nas TOUR1 e TOUR2, come\u00e7amos o passeio na \u00e1gua num local e terminamos num outro. Na TOUR3, come\u00e7amos e terminamos no mesmo local, em M\u00e9rtola cidade.[\/vc_column_text][vc_empty_space height=&#8221;5px&#8221;]<div class=\"qodef-pricing-tables qodef-grid-list qodef-disable-bottom-space clearfix qodef-three-columns qodef-normal-space\"><div class=\"qodef-pt-wrapper qodef-outer-space\"><div class=\"qodef-price-table qodef-item-space  \">\n\t<div class=\"qodef-pt-inner\" >\n\t\t<ul>\n\t\t\t<li class=\"qodef-pt-title-holder\">\n\t\t\t\t<span class=\"qodef-pt-title\" >TOUR1 9km+ Almo\u00e7o<\/span>\n\t\t\t<\/li>\n\t\t\t<li class=\"qodef-pt-prices\">\n\t\t\t\t<sup class=\"qodef-pt-value\" >\u20ac<\/sup>\n\t\t\t\t<span class=\"qodef-pt-price\" >130<\/span>\n\t\t\t\t<h6 class=\"qodef-pt-mark\" >Tour 1 Dia<\/h6>\n\t\t\t<\/li>\n\t\t\t<li class=\"qodef-pt-content\">\n\t\t\t\tM\u00ednimo: 2 Pessoas\t\t\t<\/li>\n\t\t\t\t\t\t\t<li class=\"qodef-pt-button\">\n\t\t\t\t\t<a itemprop=\"url\" href=\"https:\/\/wa.me\/+351962337285\" target=\"_blank\" class=\"qodef-btn qodef-btn-large qodef-btn-solid\" rel=\"noopener\">        <span class=\"qodef-btn-text\">COMPRAR AGORA<\/span>        <\/a>\t\t\t\t<\/li>\t\t\t\t\n\t\t\t\t\t<\/ul>\n\t<\/div>\n<\/div><div class=\"qodef-price-table qodef-item-space  \">\n\t<div class=\"qodef-pt-inner\" >\n\t\t<ul>\n\t\t\t<li class=\"qodef-pt-title-holder\">\n\t\t\t\t<span class=\"qodef-pt-title\" >TOUR2 7km+ Almo\u00e7o+ Castelo<\/span>\n\t\t\t<\/li>\n\t\t\t<li class=\"qodef-pt-prices\">\n\t\t\t\t<sup class=\"qodef-pt-value\" >\u20ac<\/sup>\n\t\t\t\t<span class=\"qodef-pt-price\" >150<\/span>\n\t\t\t\t<h6 class=\"qodef-pt-mark\" >Tour 1 Dia<\/h6>\n\t\t\t<\/li>\n\t\t\t<li class=\"qodef-pt-content\">\n\t\t\t\tM\u00ednimo: 2 Pessoas\t\t\t<\/li>\n\t\t\t\t\t\t\t<li class=\"qodef-pt-button\">\n\t\t\t\t\t<a itemprop=\"url\" href=\"https:\/\/wa.me\/+351962337285\" target=\"_blank\" class=\"qodef-btn qodef-btn-large qodef-btn-solid\" rel=\"noopener\">        <span class=\"qodef-btn-text\">COMPRAR AGORA<\/span>        <\/a>\t\t\t\t<\/li>\t\t\t\t\n\t\t\t\t\t<\/ul>\n\t<\/div>\n<\/div><div class=\"qodef-price-table qodef-item-space  \">\n\t<div class=\"qodef-pt-inner\" >\n\t\t<ul>\n\t\t\t<li class=\"qodef-pt-title-holder\">\n\t\t\t\t<span class=\"qodef-pt-title\" >TOUR3 4km+ Almo\u00e7o+ Castelo<\/span>\n\t\t\t<\/li>\n\t\t\t<li class=\"qodef-pt-prices\">\n\t\t\t\t<sup class=\"qodef-pt-value\" >\u20ac<\/sup>\n\t\t\t\t<span class=\"qodef-pt-price\" >120<\/span>\n\t\t\t\t<h6 class=\"qodef-pt-mark\" >Tour 1 Dia<\/h6>\n\t\t\t<\/li>\n\t\t\t<li class=\"qodef-pt-content\">\n\t\t\t\tM\u00ednimo: 2 Pessoas\t\t\t<\/li>\n\t\t\t\t\t\t\t<li class=\"qodef-pt-button\">\n\t\t\t\t\t<a itemprop=\"url\" href=\"https:\/\/wa.me\/+351962337285\" target=\"_blank\" class=\"qodef-btn qodef-btn-large qodef-btn-solid\" rel=\"noopener\">        <span class=\"qodef-btn-text\">COMPRAR AGORA<\/span>        <\/a>\t\t\t\t<\/li>\t\t\t\t\n\t\t\t\t\t<\/ul>\n\t<\/div>\n<\/div><\/div><\/div>\t\t<\/div>\n\t<\/div>\n<\/div><\/div>[\/vc_column][\/vc_row][vc_row enable_surfer_icon=&#8221;no&#8221; css=&#8221;.vc_custom_1579771923784{padding-top: 59px !important;}&#8221;][vc_column offset=&#8221;vc_col-lg-offset-0 vc_col-lg-6 vc_col-md-offset-0 vc_col-md-12 vc_col-sm-offset-0 vc_col-xs-12&#8243; el_class=&#8221;qodef-map&#8221;][vc_column_text]<\/p>\n<h4><span style=\"font-weight: bold;\">Da nossa galeria<\/span><\/h4>\n<p>[\/vc_column_text][\/vc_column][vc_column css=&#8221;.vc_custom_1550505500194{margin-left: -15px !important;padding-left: 0px !important;}&#8221; offset=&#8221;vc_col-lg-offset-0 vc_col-lg-6 vc_col-md-offset-0 vc_col-md-12 vc_col-sm-offset-0&#8243;][\/vc_column][\/vc_row][vc_row enable_surfer_icon=&#8221;no&#8221; css=&#8221;.vc_custom_1579772034878{padding-top: 19px !important;}&#8221;][vc_column]<div class=\"qodef-image-gallery qodef-grid-list qodef-disable-bottom-space  qodef-ig-grid-type qodef-three-columns qodef-tiny-space  qodef-image-behavior-lightbox\">\n\t<div class=\"qodef-ig-inner qodef-outer-space\">\n\t\t\t\t\t<div class=\"qodef-ig-image qodef-item-space\">\n\t\t\t\t<div class=\"qodef-ig-image-inner\">\n\t\t\t\t\t\t\t\t\t\t\t<a itemprop=\"image\" class=\"qodef-ig-lightbox\" href=\"https:\/\/kitesurfeolis.com\/wp-content\/uploads\/2023\/12\/20230204_113003-scaled-e1703265076985.jpg\" data-rel=\"prettyPhoto[image_gallery_pretty_photo-742]\" title=\"adaytour_eolis\">\n\t\t\t\t\t\t\t\t\t\t\t<img loading=\"lazy\" decoding=\"async\" width=\"600\" height=\"466\" src=\"https:\/\/kitesurfeolis.com\/wp-content\/uploads\/2023\/12\/20230204_113003-scaled-e1703265076985.jpg\" class=\"attachment-full size-full\" alt=\"mertola_castle\" srcset=\"https:\/\/kitesurfeolis.com\/wp-content\/uploads\/2023\/12\/20230204_113003-scaled-e1703265076985.jpg 600w, https:\/\/kitesurfeolis.com\/wp-content\/uploads\/2023\/12\/20230204_113003-scaled-e1703265076985-300x233.jpg 300w\" sizes=\"auto, (max-width: 600px) 100vw, 600px\" title=\"\">\t\t\t\t\t\t\t\t\t\t\t<\/a>\n\t\t\t\t\t\t\t\t\t<\/div>\n\t\t\t<\/div>\n\t\t\t\t\t<div class=\"qodef-ig-image qodef-item-space\">\n\t\t\t\t<div class=\"qodef-ig-image-inner\">\n\t\t\t\t\t\t\t\t\t\t\t<a itemprop=\"image\" class=\"qodef-ig-lightbox\" href=\"https:\/\/kitesurfeolis.com\/wp-content\/uploads\/2023\/12\/20230204_111447-scaled-e1703265276120.jpg\" data-rel=\"prettyPhoto[image_gallery_pretty_photo-742]\" title=\"mertola_view\">\n\t\t\t\t\t\t\t\t\t\t\t<img loading=\"lazy\" decoding=\"async\" width=\"599\" height=\"466\" src=\"https:\/\/kitesurfeolis.com\/wp-content\/uploads\/2023\/12\/20230204_111447-scaled-e1703265276120.jpg\" class=\"attachment-full size-full\" alt=\"view_castle_mertola\" srcset=\"https:\/\/kitesurfeolis.com\/wp-content\/uploads\/2023\/12\/20230204_111447-scaled-e1703265276120.jpg 599w, https:\/\/kitesurfeolis.com\/wp-content\/uploads\/2023\/12\/20230204_111447-scaled-e1703265276120-300x233.jpg 300w\" sizes=\"auto, (max-width: 599px) 100vw, 599px\" title=\"\">\t\t\t\t\t\t\t\t\t\t\t<\/a>\n\t\t\t\t\t\t\t\t\t<\/div>\n\t\t\t<\/div>\n\t\t\t\t\t<div class=\"qodef-ig-image qodef-item-space\">\n\t\t\t\t<div class=\"qodef-ig-image-inner\">\n\t\t\t\t\t\t\t\t\t\t\t<a itemprop=\"image\" class=\"qodef-ig-lightbox\" href=\"https:\/\/kitesurfeolis.com\/wp-content\/uploads\/2023\/12\/20211110_133130-1-e1703265405940.jpg\" data-rel=\"prettyPhoto[image_gallery_pretty_photo-742]\" title=\"eolis_mertola\">\n\t\t\t\t\t\t\t\t\t\t\t<img loading=\"lazy\" decoding=\"async\" width=\"597\" height=\"466\" src=\"https:\/\/kitesurfeolis.com\/wp-content\/uploads\/2023\/12\/20211110_133130-1-e1703265405940.jpg\" class=\"attachment-full size-full\" alt=\"sup_tour_mertola\" srcset=\"https:\/\/kitesurfeolis.com\/wp-content\/uploads\/2023\/12\/20211110_133130-1-e1703265405940.jpg 597w, https:\/\/kitesurfeolis.com\/wp-content\/uploads\/2023\/12\/20211110_133130-1-e1703265405940-300x234.jpg 300w\" sizes=\"auto, (max-width: 597px) 100vw, 597px\" title=\"\">\t\t\t\t\t\t\t\t\t\t\t<\/a>\n\t\t\t\t\t\t\t\t\t<\/div>\n\t\t\t<\/div>\n\t\t\t\t\t<div class=\"qodef-ig-image qodef-item-space\">\n\t\t\t\t<div class=\"qodef-ig-image-inner\">\n\t\t\t\t\t\t\t\t\t\t\t<a itemprop=\"image\" class=\"qodef-ig-lightbox\" href=\"https:\/\/kitesurfeolis.com\/wp-content\/uploads\/2024\/10\/IMG-20240312-WA0021.jpg\" data-rel=\"prettyPhoto[image_gallery_pretty_photo-742]\" title=\"IMG-20240312-WA0021\">\n\t\t\t\t\t\t\t\t\t\t\t<img loading=\"lazy\" decoding=\"async\" width=\"1600\" height=\"1200\" src=\"https:\/\/kitesurfeolis.com\/wp-content\/uploads\/2024\/10\/IMG-20240312-WA0021.jpg\" class=\"attachment-full size-full\" alt=\"\" srcset=\"https:\/\/kitesurfeolis.com\/wp-content\/uploads\/2024\/10\/IMG-20240312-WA0021.jpg 1600w, https:\/\/kitesurfeolis.com\/wp-content\/uploads\/2024\/10\/IMG-20240312-WA0021-300x225.jpg 300w, https:\/\/kitesurfeolis.com\/wp-content\/uploads\/2024\/10\/IMG-20240312-WA0021-1024x768.jpg 1024w, https:\/\/kitesurfeolis.com\/wp-content\/uploads\/2024\/10\/IMG-20240312-WA0021-768x576.jpg 768w, https:\/\/kitesurfeolis.com\/wp-content\/uploads\/2024\/10\/IMG-20240312-WA0021-1536x1152.jpg 1536w, https:\/\/kitesurfeolis.com\/wp-content\/uploads\/2024\/10\/IMG-20240312-WA0021-600x450.jpg 600w\" sizes=\"auto, (max-width: 1600px) 100vw, 1600px\" title=\"\">\t\t\t\t\t\t\t\t\t\t\t<\/a>\n\t\t\t\t\t\t\t\t\t<\/div>\n\t\t\t<\/div>\n\t\t\t\t\t<div class=\"qodef-ig-image qodef-item-space\">\n\t\t\t\t<div class=\"qodef-ig-image-inner\">\n\t\t\t\t\t\t\t\t\t\t\t<a itemprop=\"image\" class=\"qodef-ig-lightbox\" href=\"https:\/\/kitesurfeolis.com\/wp-content\/uploads\/2024\/10\/20240312_152028-scaled.jpg\" data-rel=\"prettyPhoto[image_gallery_pretty_photo-742]\" title=\"20240312_152028\">\n\t\t\t\t\t\t\t\t\t\t\t<img loading=\"lazy\" decoding=\"async\" width=\"1920\" height=\"2560\" src=\"https:\/\/kitesurfeolis.com\/wp-content\/uploads\/2024\/10\/20240312_152028-scaled.jpg\" class=\"attachment-full size-full\" alt=\"\" srcset=\"https:\/\/kitesurfeolis.com\/wp-content\/uploads\/2024\/10\/20240312_152028-scaled.jpg 1920w, https:\/\/kitesurfeolis.com\/wp-content\/uploads\/2024\/10\/20240312_152028-225x300.jpg 225w, https:\/\/kitesurfeolis.com\/wp-content\/uploads\/2024\/10\/20240312_152028-768x1024.jpg 768w, https:\/\/kitesurfeolis.com\/wp-content\/uploads\/2024\/10\/20240312_152028-1152x1536.jpg 1152w, https:\/\/kitesurfeolis.com\/wp-content\/uploads\/2024\/10\/20240312_152028-1536x2048.jpg 1536w, https:\/\/kitesurfeolis.com\/wp-content\/uploads\/2024\/10\/20240312_152028-600x800.jpg 600w\" sizes=\"auto, (max-width: 1920px) 100vw, 1920px\" title=\"\">\t\t\t\t\t\t\t\t\t\t\t<\/a>\n\t\t\t\t\t\t\t\t\t<\/div>\n\t\t\t<\/div>\n\t\t\t\t\t<div class=\"qodef-ig-image qodef-item-space\">\n\t\t\t\t<div class=\"qodef-ig-image-inner\">\n\t\t\t\t\t\t\t\t\t\t\t<a itemprop=\"image\" class=\"qodef-ig-lightbox\" href=\"https:\/\/kitesurfeolis.com\/wp-content\/uploads\/2024\/10\/mertola_2-scaled.jpg\" data-rel=\"prettyPhoto[image_gallery_pretty_photo-742]\" title=\"mertola_2\">\n\t\t\t\t\t\t\t\t\t\t\t<img loading=\"lazy\" decoding=\"async\" width=\"2560\" height=\"1920\" src=\"https:\/\/kitesurfeolis.com\/wp-content\/uploads\/2024\/10\/mertola_2-scaled.jpg\" class=\"attachment-full size-full\" alt=\"\" srcset=\"https:\/\/kitesurfeolis.com\/wp-content\/uploads\/2024\/10\/mertola_2-scaled.jpg 2560w, https:\/\/kitesurfeolis.com\/wp-content\/uploads\/2024\/10\/mertola_2-300x225.jpg 300w, https:\/\/kitesurfeolis.com\/wp-content\/uploads\/2024\/10\/mertola_2-1024x768.jpg 1024w, https:\/\/kitesurfeolis.com\/wp-content\/uploads\/2024\/10\/mertola_2-768x576.jpg 768w, https:\/\/kitesurfeolis.com\/wp-content\/uploads\/2024\/10\/mertola_2-1536x1152.jpg 1536w, https:\/\/kitesurfeolis.com\/wp-content\/uploads\/2024\/10\/mertola_2-600x450.jpg 600w\" sizes=\"auto, (max-width: 2560px) 100vw, 2560px\" title=\"\">\t\t\t\t\t\t\t\t\t\t\t<\/a>\n\t\t\t\t\t\t\t\t\t<\/div>\n\t\t\t<\/div>\n\t\t\t<\/div>\n<\/div>[\/vc_column][\/vc_row][vc_row enable_surfer_icon=&#8221;no&#8221; css=&#8221;.vc_custom_1579771977111{padding-top: 64px !important;}&#8221;][vc_column offset=&#8221;vc_col-lg-offset-0 vc_col-lg-6 vc_col-md-offset-0 vc_col-md-12 vc_col-sm-offset-0 vc_col-xs-12&#8243; el_class=&#8221;qodef-map&#8221;][vc_column_text]<\/p>\n<h4><span style=\"font-weight: bold;\">M\u00e9rtola<\/span><\/h4>\n<p>[\/vc_column_text][\/vc_column][vc_column css=&#8221;.vc_custom_1550505500194{margin-left: -15px !important;padding-left: 0px !important;}&#8221; offset=&#8221;vc_col-lg-offset-0 vc_col-lg-6 vc_col-md-offset-0 vc_col-md-12 vc_col-sm-offset-0&#8243;][\/vc_column][\/vc_row][vc_row enable_surfer_icon=&#8221;no&#8221; css=&#8221;.vc_custom_1579772057580{padding-top: 17px !important;}&#8221;][vc_column][vc_single_image image=&#8221;5879&#8243; img_size=&#8221;full&#8221;][\/vc_column][\/vc_row][vc_row disable_element=&#8221;yes&#8221; enable_surfer_icon=&#8221;no&#8221; css=&#8221;.vc_custom_1579772658976{padding-top: 17px !important;}&#8221;][vc_column]<div class=\"qodef-google-map-holder\">\n\t\t<div class=\"qodef-google-map\" id=\"qodef-map-1799579\" data-addresses='[\"\"]' data-custom-map-style=no data-color-overlay=#393939 data-saturation=-100 data-lightness=-60 data-zoom=10 data-pin=https:\/\/kitesurfeolis.com\/wp-content\/uploads\/2020\/01\/service-pin-img.png data-unique-id=1799579 data-scroll-wheel=no data-height=525px data-snazzy-map-style=yes><\/div>\n\t\t\t<input type=\"hidden\" class=\"qodef-snazzy-map\" value=\"\"\/>\n\t\t\t\t<div class=\"qodef-google-map-overlay\"><\/div>\n\t<\/div>[\/vc_column][\/vc_row]<\/p>\n<\/div>","protected":false},"excerpt":{"rendered":"<p>[vc_row enable_surfer_icon=&#8221;no&#8221;][vc_column][vc_single_image image=&#8221;28003&#8243; img_size=&#8221;full&#8221;][\/vc_column][\/vc_row][vc_row enable_surfer_icon=&#8221;no&#8221; css=&#8221;.vc_custom_1579277130626{padding-top: 16px !important;}&#8221;][vc_column offset=&#8221;vc_col-lg-offset-0 vc_col-lg-6 vc_col-md-offset-0 vc_col-md-12 vc_col-sm-offset-0 vc_col-xs-12&#8243; el_class=&#8221;qodef-map&#8221;][vc_column_text] Porqu\u00ea visitar M\u00e9rtola [\/vc_column_text][\/vc_column][vc_column css=&#8221;.vc_custom_1550505500194{margin-left: -15px !important;padding-left: 0px !important;}&#8221; offset=&#8221;vc_col-lg-offset-0 vc_col-lg-6 vc_col-md-offset-0 vc_col-md-12 vc_col-sm-offset-0&#8243;][\/vc_column][\/vc_row][vc_row content_text_aligment=&#8221;left&#8221; enable_surfer_icon=&#8221;no&#8221; css=&#8221;.vc_custom_1582543773844{padding-top: 14px !important;}&#8221;][vc_column][vc_column_text css=&#8221;&#8221;]Observada desde as \u00e1guas, a vila [&hellip;]<\/p>\n","protected":false},"author":1,"featured_media":5844,"parent":0,"menu_order":0,"comment_status":"open","ping_status":"closed","template":"","meta":{"footnotes":""},"class_list":["post-5972","page","type-page","status-publish","has-post-thumbnail","hentry"],"_links":{"self":[{"href":"https:\/\/kitesurfeolis.com\/pt-pt\/wp-json\/wp\/v2\/pages\/5972","targetHints":{"allow":["GET"]}}],"collection":[{"href":"https:\/\/kitesurfeolis.com\/pt-pt\/wp-json\/wp\/v2\/pages"}],"about":[{"href":"https:\/\/kitesurfeolis.com\/pt-pt\/wp-json\/wp\/v2\/types\/page"}],"author":[{"embeddable":true,"href":"https:\/\/kitesurfeolis.com\/pt-pt\/wp-json\/wp\/v2\/users\/1"}],"replies":[{"embeddable":true,"href":"https:\/\/kitesurfeolis.com\/pt-pt\/wp-json\/wp\/v2\/comments?post=5972"}],"version-history":[{"count":11,"href":"https:\/\/kitesurfeolis.com\/pt-pt\/wp-json\/wp\/v2\/pages\/5972\/revisions"}],"predecessor-version":[{"id":30091,"href":"https:\/\/kitesurfeolis.com\/pt-pt\/wp-json\/wp\/v2\/pages\/5972\/revisions\/30091"}],"wp:featuredmedia":[{"embeddable":true,"href":"https:\/\/kitesurfeolis.com\/pt-pt\/wp-json\/wp\/v2\/media\/5844"}],"wp:attachment":[{"href":"https:\/\/kitesurfeolis.com\/pt-pt\/wp-json\/wp\/v2\/media?parent=5972"}],"curies":[{"name":"wp","href":"https:\/\/api.w.org\/{rel}","templated":true}]}}