{"id":5960,"date":"2020-02-11T10:28:09","date_gmt":"2020-02-11T10:28:09","guid":{"rendered":"https:\/\/kitesurfeolis.com\/services\/sup_odeleite\/"},"modified":"2026-03-02T20:23:58","modified_gmt":"2026-03-02T20:23:58","slug":"sup-tours-dragao-odeleite-eolis","status":"publish","type":"page","link":"https:\/\/kitesurfeolis.com\/pt-pt\/sup-tours-dragao-odeleite-eolis\/","title":{"rendered":"SUPTours Rio Drag\u00e3o"},"content":{"rendered":"<div class=\"wpb-content-wrapper\"><p>[vc_row enable_surfer_icon=&#8221;no&#8221;][vc_column][vc_single_image image=&#8221;5761&#8243; img_size=&#8221;full&#8221;][\/vc_column][\/vc_row][vc_row enable_surfer_icon=&#8221;no&#8221; css=&#8221;.vc_custom_1579277130626{padding-top: 16px !important;}&#8221;][vc_column offset=&#8221;vc_col-lg-offset-0 vc_col-lg-6 vc_col-md-offset-0 vc_col-md-12 vc_col-sm-offset-0 vc_col-xs-12&#8243; el_class=&#8221;qodef-map&#8221;][vc_column_text css=&#8221;&#8221;]<\/p>\n<h1 style=\"text-align: center;\"><span style=\"font-weight: bold;\">Stand Up Paddle num lugar misterioso<\/span><\/h1>\n<p>[\/vc_column_text][\/vc_column][vc_column css=&#8221;.vc_custom_1550505500194{margin-left: -15px !important;padding-left: 0px !important;}&#8221; offset=&#8221;vc_col-lg-offset-0 vc_col-lg-6 vc_col-md-offset-0 vc_col-md-12 vc_col-sm-offset-0&#8243;][\/vc_column][\/vc_row][vc_row content_text_aligment=&#8221;left&#8221; enable_surfer_icon=&#8221;no&#8221; css=&#8221;.vc_custom_1582543773844{padding-top: 14px !important;}&#8221;][vc_column]<div class=\"qodef-testimonials-holder qodef-testimonials-vertical-scroll clearfix qodef-testimonials-standard \" >\n    <div class=\"qodef-testimonials\" data-number-of-items=\"1\" data-enable-loop=\"yes\" data-enable-autoplay=\"yes\" data-slider-speed=\"5000\" data-slider-speed-animation=\"1000\" data-enable-navigation=\"yes\" data-enable-pagination=\"yes\" >\n        <div class=\"qodef-testimonials-quote-holder\">\n            <svg version=\"1.1\" xmlns=\"http:\/\/www.w3.org\/2000\/svg\" xmlns:xlink=\"http:\/\/www.w3.org\/1999\/xlink\" x=\"0px\" y=\"0px\"\n                 viewBox=\"0 0 266.5 161\" enable-background=\"new 0 0 266.5 161\" xml:space=\"preserve\">\n                <g>\n                    <path fill=\"#f7f7f7\" d=\"M30,157.5c-6.7,0-11-1.3-13-4c-9.3-11.3-14-20.3-14-27c0-12.7,12.7-33.7,38-63c35.3-40.7,58.3-61,69-61\n                        c2,0,3,1,3,3s-1.3,4.7-4,8c-10,14-16.7,24-20,30l-6,10c10-3.3,18-5,24-5c12,2,18,9.3,18,22c0,20-12,39.5-36,58.5\n                        S45.3,157.5,30,157.5z M165,157.5c-6.7,0-11-1.3-13-4c-9.3-11.3-14-20.3-14-27c0-12.7,12.7-33.7,38-63c35.3-40.7,58.3-61,69-61\n                        c2,0,3,1,3,3s-1.3,4.7-4,8c-10,14-16.7,24-20,30l-6,10c10-3.3,18-5,24-5c12,2,18,9.3,18,22c0,20-12,39.5-36,58.5\n                        C200,148,180.3,157.5,165,157.5z\"\/>\n                <\/g>\n            <\/svg>\n        <\/div>\n        <div class=\"swiper-container\">\n            <div class=\"swiper-wrapper\">\n                \n                        <div class=\"qodef-testimonial-content swiper-slide\" id=\"qodef-testimonials-32888\">\n                                                        <div class=\"qodef-testimonial-text-holder\">\n                                                                    <p class=\"qodef-testimonial-text\">\u00d3tima experi\u00eancia. Equipa muito simp\u00e1tica e atenciosa. Local lindo escolhido para a experi\u00eancia. Recomendo vivamente!<\/p>\n                                                                                                    <h5 class=\"qodef-testimonial-author\">\n                                                                                    <span class=\"qodef-testimonials-author-job\">Litu\u00e2nia<\/span>\n                                            <span class=\"qodef-testimonials-author-name\">Rugile<\/span>\n                                                                            <\/h5>\n                                                            <\/div>\n                        <\/div>\n\n                    \n                        <div class=\"qodef-testimonial-content swiper-slide\" id=\"qodef-testimonials-32884\">\n                                                        <div class=\"qodef-testimonial-text-holder\">\n                                                                    <p class=\"qodef-testimonial-text\">SUPer passeio sobre as \u00e1guas serenas da Lagoa do Drag\u00e3o Azul, onde pudemos desfrutar da deslumbrante beleza natural e de um inusitado sil\u00eancio absoluto! A equipa fant\u00e1stica, simp\u00e1tica, experiente e tranquila como a \u00e1gua, levou-nos, a n\u00f3s iniciantes, a remar ao longo de todo o percurso como verdadeiros profissionais \ud83d\ude00 Cereja em cima do bolo, para finalizar: um almo\u00e7o saboroso e reconfortante com a aut\u00eantica gastronomia portuguesa!<\/p>\n                                                                                                    <h5 class=\"qodef-testimonial-author\">\n                                                                                    <span class=\"qodef-testimonials-author-job\">Portugal<\/span>\n                                            <span class=\"qodef-testimonials-author-name\">Miguel G.<\/span>\n                                                                            <\/h5>\n                                                            <\/div>\n                        <\/div>\n\n                    \n                        <div class=\"qodef-testimonial-content swiper-slide\" id=\"qodef-testimonials-4780\">\n                                                        <div class=\"qodef-testimonial-text-holder\">\n                                                                    <p class=\"qodef-testimonial-text\">Experi\u00eancia incr\u00edvel hoje a fazer SUP no Rio Drag\u00e3o, em Odeleite!! Uau! Foi mesmo fant\u00e1stico. \u00d3timas instru\u00e7\u00f5es e acompanhamento atento da Sandra, uma vez que a minha esposa e eu \u00e9ramos estreantes. O Som do Sil\u00eancio\u2026 vistas espetaculares, flores silvestres por todo o lado! Reabastecemos com um delicioso almo\u00e7o portugu\u00eas depois. Belo passeio pelo campo e a remar pelo Rio Drag\u00e3o! Obrigado, Eolis!<\/p>\n                                                                                                    <h5 class=\"qodef-testimonial-author\">\n                                                                                    <span class=\"qodef-testimonials-author-job\">USA<\/span>\n                                            <span class=\"qodef-testimonials-author-name\">Daniel<\/span>\n                                                                            <\/h5>\n                                                            <\/div>\n                        <\/div>\n\n                                <\/div>\n        <\/div>\n        <div class=\"swiper-pagination\"><\/div>\n                    <div class=\"swiper-navigation\">\n                <div class=\"swiper-button-prev\"><\/div>\n                <div class=\"swiper-button-next\"><\/div>\n            <\/div>\n            <\/div>\n<\/div>[vc_column_text css=&#8221;&#8221;][\/vc_column_text][vc_empty_space height=&#8221;75px&#8221;][vc_hoverbox image=&#8221;5821&#8243; primary_title=&#8221;PROMO\u00c7\u00c3O &#8220;ADORO SUP&#8220;&#8221; hover_title=&#8221;-15% PACK 3 SUPTOURS&#8221; hover_background_color=&#8221;orange&#8221; hover_btn_title=&#8221;QUERO SABER MAIS&#8221; hover_btn_color=&#8221;white&#8221; hover_add_button=&#8221;true&#8221; hover_btn_link=&#8221;url:https%3A%2F%2Fkitesurfeolis.com%2Fpt-pt%2Fdescubra-as-6-ofertas-suptours-da-eolis%2F|title:Descubra%20as%206%20Ofertas%20de%20SUP%20da%20Eolis%20com%20uma%20Promo%C3%A7%C3%A3o%20Imperd%C3%ADvel!&#8221;]<\/p>\n<h4 style=\"text-align: center;\">Ainda n\u00e3o conhece a nossa promo\u00e7\u00e3o de -15% na compra de um pack de 3 SUPTOURS?<\/h4>\n<p>[\/vc_hoverbox][\/vc_column][\/vc_row][vc_row content_text_aligment=&#8221;left&#8221; enable_surfer_icon=&#8221;no&#8221; css=&#8221;.vc_custom_1582543773844{padding-top: 14px !important;}&#8221;][vc_column][vc_column_text css=&#8221;&#8221;]Quando o vemos do ar faz-nos piscar os olhos duas vezes&#8230; \u00e9 como se n\u00e3o pudesse ser real&#8230; uma forma de drag\u00e3o emerge das colinas algarvias quando vista do alto do c\u00e9u!<br \/>\nA necessidade de captar mais \u00e1gua para fazer face aos anos secos e quentes do <a href=\"https:\/\/www.turismodoalgarve.pt\/pt\/Default.aspx\" target=\"_blank\" rel=\"noopener\">Algarve<\/a> tornou esta paisagem uma realidade. Em 1997, a \u00e1gua encheu os vales e o drag\u00e3o come\u00e7ou a acordar. Agora, em invernos chuvosos, \u00e0 medida que o n\u00edvel da \u00e1gua sobe, a cauda do drag\u00e3o aumenta de comprimento.[\/vc_column_text][vc_column_text css=&#8221;.vc_custom_1729876271534{padding-top: 2px !important;}&#8221;]<\/p>\n<blockquote>\n<p style=\"text-align: left;\">Os passeios de SUP que partilhamos consigo nesta enigm\u00e1tica obra da Natureza e do Homem s\u00e3o um mergulho incr\u00edvel no sil\u00eancio dos nossos montes. N\u00e3o esquecer que s\u00f3 fazemos estes passeios de Outubro a Abril.<\/p>\n<\/blockquote>\n<p>[\/vc_column_text][vc_column_text css=&#8221;&#8221;]Raramente encontramos mais algu\u00e9m na \u00e1gua e isso permite-nos ficar em quase completo sil\u00eancio da civiliza\u00e7\u00e3o. S\u00f3 ouvimos a \u00e1gua, o vento e o chilrear dos p\u00e1ssaros. Toda essa dimens\u00e3o nos imp\u00f5e uma incr\u00edvel sensa\u00e7\u00e3o de paz e acalma a nossa torrente de pensamentos. Algo que dever\u00edamos tentar todos os meses. <em>Aconselhamos que, para as SUP Tours Drag\u00e3o <a href=\"https:\/\/www.cm-mertola.pt\/\" target=\"_blank\" rel=\"noopener\">Odeleite<\/a>, traga consigo: fato de banho, cal\u00e7\u00f5es, licra ou tshirt, toalha, protector solar, \u00e1gua e chap\u00e9u ou bon\u00e9 porque o sol e o calor estar\u00e3o no &#8220;Drag\u00e3o&#8221; \u00e0 nossa espera.<\/em><\/p>\n<p><strong><br \/>\nO programa do passeio:<\/strong><br \/>\n<strong>9h30:<\/strong> Partida de <a href=\"https:\/\/kitesurfeolis.com\/pt-pt\/eolis-what-is-there-to-know-about-us\/\" target=\"_blank\" rel=\"noopener\">Eolis<\/a> em Cabanas de Tavira (40min. de carro na nossa carrinha.)<br \/>\n1<strong>0h15:<\/strong> Prepara\u00e7\u00e3o para o passeio de SUP<br \/>\n<strong>13h:<\/strong> Almo\u00e7o em restaurante tradicional em Odeleite<br \/>\n<strong>15h:<\/strong> Regresso \u00e0 Eolis, em Cabanas de Tavira<br \/>\n(Caso seu hotel esteja a caminho, podemos apanh\u00e1-lo diretamente no hotel.)[\/vc_column_text][vc_empty_space height=&#8221;75px&#8221;][vc_hoverbox image=&#8221;5821&#8243; primary_title=&#8221;PROMO\u00c7\u00c3O &#8220;ADORO SUP&#8220;&#8221; hover_title=&#8221;-15% PACK 3 SUPTOURS&#8221; hover_background_color=&#8221;orange&#8221; hover_btn_title=&#8221;QUERO SABER MAIS&#8221; hover_btn_color=&#8221;white&#8221; hover_add_button=&#8221;true&#8221; hover_btn_link=&#8221;url:https%3A%2F%2Fkitesurfeolis.com%2Fpt-pt%2Fdescubra-as-6-ofertas-suptours-da-eolis%2F|title:Descubra%20as%206%20Ofertas%20de%20SUP%20da%20Eolis%20com%20uma%20Promo%C3%A7%C3%A3o%20Imperd%C3%ADvel!&#8221;]<\/p>\n<h4 style=\"text-align: center;\">Ainda n\u00e3o conhece a nossa promo\u00e7\u00e3o de -15% na compra de um pack de 3 SUPTOURS?<\/h4>\n<p>[\/vc_hoverbox][\/vc_column][\/vc_row][vc_row enable_surfer_icon=&#8221;no&#8221; css=&#8221;.vc_custom_1579769032153{padding-top: 61px !important;}&#8221;][vc_column offset=&#8221;vc_col-lg-offset-0 vc_col-lg-6 vc_col-md-offset-0 vc_col-md-12 vc_col-sm-offset-0 vc_col-xs-12&#8243; el_class=&#8221;qodef-map&#8221;][vc_column_text]<\/p>\n<h4><span style=\"font-weight: bold;\">SUPTour Odeleite<\/span><\/h4>\n<p>[\/vc_column_text][vc_empty_space height=&#8221;19px&#8221;]<div class=\"qodef-elements-holder   qodef-one-column  qodef-responsive-mode-768 \" ><div class=\"qodef-eh-item    \" style=\"background-image: url(https:\/\/kitesurfeolis.com\/wp-content\/uploads\/2023\/12\/20230206_130559-e1702673524166.jpg)\" data-item-class=\"qodef-eh-custom-6192\" data-1400-1600=\"135px 10px 191px 0px\" data-1025-1399=\"131px 10px 195px 0px\" data-769-1024=\"212px 0px 265px 0\" data-681-768=\"212px 0px 265px 0\" data-680=\"76px 0px 135px 0px\">\n\t<div class=\"qodef-eh-item-inner\">\n\t\t<div class=\"qodef-eh-item-content qodef-eh-custom-6192\" style=\"padding: 133px 10px 193px 0px\">\n\t\t\t<div class=\"qodef-video-button-holder   \">\n            <div class=\"qodef-video-button-image\">\n                    <\/div>\n                    <a class=\"qodef-video-button-play\" href=\"https:\/\/youtu.be\/ExSvGsM96qA?si=jSwc_NuuVjx2IFfN\" data-rel=\"prettyPhoto[video_button_pretty_photo_1000]\" target=\"_blank\" rel=\"noopener\">\n                <span class=\"qodef-video-button-play-inner\">\n                    <span class=\"qodef-icon-dripicons dripicon dripicons-media-play\"><\/span>\n                <\/span>\n            <\/a>\n            <\/div>[vc_empty_space height=&#8221;5px&#8221;]\t\t<\/div>\n\t<\/div>\n<\/div><\/div>[vc_column_text]<span style=\"font_size: 14px; color: #0de9df;\">*Ver no Youtube a 1080p HD<\/span>[\/vc_column_text][\/vc_column][vc_column css=&#8221;.vc_custom_1550505500194{margin-left: -15px !important;padding-left: 0px !important;}&#8221; offset=&#8221;vc_col-lg-offset-0 vc_col-lg-6 vc_col-md-offset-0 vc_col-md-12 vc_col-sm-offset-0&#8243;]<div class=\"qodef-elements-holder   qodef-one-column  qodef-responsive-mode-768 \" ><div class=\"qodef-eh-item    \"  data-item-class=\"qodef-eh-custom-7112\" data-769-1024=\"18px 0px 17px 31px\" data-681-768=\"21px 0px 17px 33px\" data-680=\"9px 0px 17px 30px\">\n\t<div class=\"qodef-eh-item-inner\">\n\t\t<div class=\"qodef-eh-item-content qodef-eh-custom-7112\" style=\"padding: 0 0 0 5%\">\n\t\t\t[vc_column_text css=&#8221;.vc_custom_1729876289593{margin-top: 0px !important;}&#8221;]<\/p>\n<h4><span style=\"font-weight: bold;\">SUPTour pre\u00e7o<\/span><\/h4>\n<p>[\/vc_column_text][vc_empty_space height=&#8221;8px&#8221;][vc_column_text css=&#8221;.vc_custom_1703545582727{padding-top: 3px !important;}&#8221;]O pre\u00e7o inclui: transfer, passeio em SUP e almo\u00e7o.<br \/>\nH\u00e1 a possibilidade de experimentar o WingSUP se as condi\u00e7\u00f5es da meteo forem favor\u00e1veis.[\/vc_column_text][vc_empty_space height=&#8221;5px&#8221;]<div class=\"qodef-pricing-tables qodef-grid-list qodef-disable-bottom-space clearfix qodef-two-columns qodef-normal-space\"><div class=\"qodef-pt-wrapper qodef-outer-space\"><div class=\"qodef-price-table qodef-item-space  \">\n\t<div class=\"qodef-pt-inner\" >\n\t\t<ul>\n\t\t\t<li class=\"qodef-pt-title-holder\">\n\t\t\t\t<span class=\"qodef-pt-title\" >TOUR1<\/span>\n\t\t\t<\/li>\n\t\t\t<li class=\"qodef-pt-prices\">\n\t\t\t\t<sup class=\"qodef-pt-value\" >\u20ac<\/sup>\n\t\t\t\t<span class=\"qodef-pt-price\" >85<\/span>\n\t\t\t\t<h6 class=\"qodef-pt-mark\" >1\/2 dia<\/h6>\n\t\t\t<\/li>\n\t\t\t<li class=\"qodef-pt-content\">\n\t\t\t\tM\u00ednimo: 2 Pessoas\t\t\t<\/li>\n\t\t\t\t\t\t\t<li class=\"qodef-pt-button\">\n\t\t\t\t\t<a itemprop=\"url\" href=\"https:\/\/wa.me\/+351962337285\" target=\"_blank\" class=\"qodef-btn qodef-btn-large qodef-btn-solid\" rel=\"noopener\">        <span class=\"qodef-btn-text\">COMPRAR AGORA<\/span>        <\/a>\t\t\t\t<\/li>\t\t\t\t\n\t\t\t\t\t<\/ul>\n\t<\/div>\n<\/div><div class=\"qodef-price-table qodef-item-space  \">\n\t<div class=\"qodef-pt-inner\" >\n\t\t<ul>\n\t\t\t<li class=\"qodef-pt-title-holder\">\n\t\t\t\t<span class=\"qodef-pt-title\" >Experi\u00eancia WingSUP<\/span>\n\t\t\t<\/li>\n\t\t\t<li class=\"qodef-pt-prices\">\n\t\t\t\t<sup class=\"qodef-pt-value\" >\u20ac<\/sup>\n\t\t\t\t<span class=\"qodef-pt-price\" >30<\/span>\n\t\t\t\t<h6 class=\"qodef-pt-mark\" >30min<\/h6>\n\t\t\t<\/li>\n\t\t\t<li class=\"qodef-pt-content\">\n\t\t\t\t\t\t\t<\/li>\n\t\t\t\t\t\t\t<li class=\"qodef-pt-button\">\n\t\t\t\t\t<a itemprop=\"url\" href=\"https:\/\/wa.me\/+351962337285\" target=\"_blank\" class=\"qodef-btn qodef-btn-large qodef-btn-solid\" rel=\"noopener\">        <span class=\"qodef-btn-text\">COMPRAR AGORA<\/span>        <\/a>\t\t\t\t<\/li>\t\t\t\t\n\t\t\t\t\t<\/ul>\n\t<\/div>\n<\/div><\/div><\/div>\t\t<\/div>\n\t<\/div>\n<\/div><\/div>[\/vc_column][\/vc_row][vc_row enable_surfer_icon=&#8221;no&#8221; css=&#8221;.vc_custom_1579771923784{padding-top: 59px !important;}&#8221;][vc_column offset=&#8221;vc_col-lg-offset-0 vc_col-lg-6 vc_col-md-offset-0 vc_col-md-12 vc_col-sm-offset-0 vc_col-xs-12&#8243; el_class=&#8221;qodef-map&#8221;][vc_column_text]<\/p>\n<h4><span style=\"font-weight: bold;\">Da nossa galeria<\/span><\/h4>\n<p>[\/vc_column_text][\/vc_column][vc_column css=&#8221;.vc_custom_1550505500194{margin-left: -15px !important;padding-left: 0px !important;}&#8221; offset=&#8221;vc_col-lg-offset-0 vc_col-lg-6 vc_col-md-offset-0 vc_col-md-12 vc_col-sm-offset-0&#8243;][\/vc_column][\/vc_row][vc_row enable_surfer_icon=&#8221;no&#8221; css=&#8221;.vc_custom_1579772034878{padding-top: 19px !important;}&#8221;][vc_column]<div class=\"qodef-image-gallery qodef-grid-list qodef-disable-bottom-space  qodef-ig-grid-type qodef-three-columns qodef-tiny-space  qodef-image-behavior-lightbox\">\n\t<div class=\"qodef-ig-inner qodef-outer-space\">\n\t\t\t\t\t<div class=\"qodef-ig-image qodef-item-space\">\n\t\t\t\t<div class=\"qodef-ig-image-inner\">\n\t\t\t\t\t\t\t\t\t\t\t<a itemprop=\"image\" class=\"qodef-ig-lightbox\" href=\"https:\/\/kitesurfeolis.com\/wp-content\/uploads\/2023\/12\/20230409_114214-scaled-e1702674229700.jpg\" data-rel=\"prettyPhoto[image_gallery_pretty_photo-815]\" title=\"algarve_blue_dragon\">\n\t\t\t\t\t\t\t\t\t\t\t<img loading=\"lazy\" decoding=\"async\" width=\"900\" height=\"849\" src=\"https:\/\/kitesurfeolis.com\/wp-content\/uploads\/2023\/12\/20230409_114214-scaled-e1702674229700.jpg\" class=\"attachment-full size-full\" alt=\"sup_tours_eolis\" srcset=\"https:\/\/kitesurfeolis.com\/wp-content\/uploads\/2023\/12\/20230409_114214-scaled-e1702674229700.jpg 900w, https:\/\/kitesurfeolis.com\/wp-content\/uploads\/2023\/12\/20230409_114214-scaled-e1702674229700-300x283.jpg 300w, https:\/\/kitesurfeolis.com\/wp-content\/uploads\/2023\/12\/20230409_114214-scaled-e1702674229700-768x724.jpg 768w, https:\/\/kitesurfeolis.com\/wp-content\/uploads\/2023\/12\/20230409_114214-scaled-e1702674229700-600x566.jpg 600w\" sizes=\"auto, (max-width: 900px) 100vw, 900px\" title=\"\">\t\t\t\t\t\t\t\t\t\t\t<\/a>\n\t\t\t\t\t\t\t\t\t<\/div>\n\t\t\t<\/div>\n\t\t\t\t\t<div class=\"qodef-ig-image qodef-item-space\">\n\t\t\t\t<div class=\"qodef-ig-image-inner\">\n\t\t\t\t\t\t\t\t\t\t\t<a itemprop=\"image\" class=\"qodef-ig-lightbox\" href=\"https:\/\/kitesurfeolis.com\/wp-content\/uploads\/2023\/12\/20230315_131034-scaled-e1702676559631.jpg\" data-rel=\"prettyPhoto[image_gallery_pretty_photo-815]\" title=\"peixinhos_da_horta\">\n\t\t\t\t\t\t\t\t\t\t\t<img loading=\"lazy\" decoding=\"async\" width=\"900\" height=\"849\" src=\"https:\/\/kitesurfeolis.com\/wp-content\/uploads\/2023\/12\/20230315_131034-scaled-e1702676559631.jpg\" class=\"attachment-full size-full\" alt=\"cuisine_algarve_portugal\" srcset=\"https:\/\/kitesurfeolis.com\/wp-content\/uploads\/2023\/12\/20230315_131034-scaled-e1702676559631.jpg 900w, https:\/\/kitesurfeolis.com\/wp-content\/uploads\/2023\/12\/20230315_131034-scaled-e1702676559631-300x283.jpg 300w, https:\/\/kitesurfeolis.com\/wp-content\/uploads\/2023\/12\/20230315_131034-scaled-e1702676559631-768x724.jpg 768w, https:\/\/kitesurfeolis.com\/wp-content\/uploads\/2023\/12\/20230315_131034-scaled-e1702676559631-600x566.jpg 600w\" sizes=\"auto, (max-width: 900px) 100vw, 900px\" title=\"\">\t\t\t\t\t\t\t\t\t\t\t<\/a>\n\t\t\t\t\t\t\t\t\t<\/div>\n\t\t\t<\/div>\n\t\t\t\t\t<div class=\"qodef-ig-image qodef-item-space\">\n\t\t\t\t<div class=\"qodef-ig-image-inner\">\n\t\t\t\t\t\t\t\t\t\t\t<a itemprop=\"image\" class=\"qodef-ig-lightbox\" href=\"https:\/\/kitesurfeolis.com\/wp-content\/uploads\/2023\/12\/20221113_133337-scaled-e1702677030685.jpg\" data-rel=\"prettyPhoto[image_gallery_pretty_photo-815]\" title=\"eolis_dragon_lagoon\">\n\t\t\t\t\t\t\t\t\t\t\t<img loading=\"lazy\" decoding=\"async\" width=\"900\" height=\"849\" src=\"https:\/\/kitesurfeolis.com\/wp-content\/uploads\/2023\/12\/20221113_133337-scaled-e1702677030685.jpg\" class=\"attachment-full size-full\" alt=\"van_suptour\" srcset=\"https:\/\/kitesurfeolis.com\/wp-content\/uploads\/2023\/12\/20221113_133337-scaled-e1702677030685.jpg 900w, https:\/\/kitesurfeolis.com\/wp-content\/uploads\/2023\/12\/20221113_133337-scaled-e1702677030685-300x283.jpg 300w, https:\/\/kitesurfeolis.com\/wp-content\/uploads\/2023\/12\/20221113_133337-scaled-e1702677030685-768x724.jpg 768w, https:\/\/kitesurfeolis.com\/wp-content\/uploads\/2023\/12\/20221113_133337-scaled-e1702677030685-600x566.jpg 600w\" sizes=\"auto, (max-width: 900px) 100vw, 900px\" title=\"\">\t\t\t\t\t\t\t\t\t\t\t<\/a>\n\t\t\t\t\t\t\t\t\t<\/div>\n\t\t\t<\/div>\n\t\t\t<\/div>\n<\/div>[\/vc_column][\/vc_row][vc_row enable_surfer_icon=&#8221;no&#8221; css=&#8221;.vc_custom_1579771977111{padding-top: 64px !important;}&#8221;][vc_column offset=&#8221;vc_col-lg-offset-0 vc_col-lg-6 vc_col-md-offset-0 vc_col-md-12 vc_col-sm-offset-0 vc_col-xs-12&#8243; el_class=&#8221;qodef-map&#8221;][vc_column_text]<\/p>\n<h4><span style=\"font-weight: bold;\">Lagoa do Drag\u00e3o Azul<\/span><\/h4>\n<p>[\/vc_column_text][\/vc_column][vc_column css=&#8221;.vc_custom_1550505500194{margin-left: -15px !important;padding-left: 0px !important;}&#8221; offset=&#8221;vc_col-lg-offset-0 vc_col-lg-6 vc_col-md-offset-0 vc_col-md-12 vc_col-sm-offset-0&#8243;][\/vc_column][\/vc_row][vc_row enable_surfer_icon=&#8221;no&#8221; css=&#8221;.vc_custom_1579772057580{padding-top: 17px !important;}&#8221;][vc_column][vc_single_image image=&#8221;5704&#8243; img_size=&#8221;full&#8221;][\/vc_column][\/vc_row][vc_row disable_element=&#8221;yes&#8221; enable_surfer_icon=&#8221;no&#8221; css=&#8221;.vc_custom_1579772658976{padding-top: 17px !important;}&#8221;][vc_column]<div class=\"qodef-google-map-holder\">\n\t\t<div class=\"qodef-google-map\" id=\"qodef-map-2217155\" data-addresses='[\"R. da Bela Vista 6\",\"8950 Odeleite\",\"Cremorne VIC 3121\"]' data-custom-map-style=no data-color-overlay=#393939 data-saturation=-100 data-lightness=-60 data-zoom=10 data-pin=https:\/\/kitesurfeolis.com\/wp-content\/uploads\/2020\/01\/service-pin-img.png data-unique-id=2217155 data-scroll-wheel=no data-height=525px data-snazzy-map-style=yes><\/div>\n\t\t\t<input type=\"hidden\" class=\"qodef-snazzy-map\" value=\"\"\/>\n\t\t\t\t<div class=\"qodef-google-map-overlay\"><\/div>\n\t<\/div>[\/vc_column][\/vc_row]<\/p>\n<\/div>","protected":false},"excerpt":{"rendered":"<p>[vc_row enable_surfer_icon=&#8221;no&#8221;][vc_column][vc_single_image image=&#8221;5761&#8243; img_size=&#8221;full&#8221;][\/vc_column][\/vc_row][vc_row enable_surfer_icon=&#8221;no&#8221; css=&#8221;.vc_custom_1579277130626{padding-top: 16px !important;}&#8221;][vc_column offset=&#8221;vc_col-lg-offset-0 vc_col-lg-6 vc_col-md-offset-0 vc_col-md-12 vc_col-sm-offset-0 vc_col-xs-12&#8243; el_class=&#8221;qodef-map&#8221;][vc_column_text css=&#8221;&#8221;] Stand Up Paddle num lugar misterioso [\/vc_column_text][\/vc_column][vc_column css=&#8221;.vc_custom_1550505500194{margin-left: -15px !important;padding-left: 0px !important;}&#8221; offset=&#8221;vc_col-lg-offset-0 vc_col-lg-6 vc_col-md-offset-0 vc_col-md-12 vc_col-sm-offset-0&#8243;][\/vc_column][\/vc_row][vc_row content_text_aligment=&#8221;left&#8221; enable_surfer_icon=&#8221;no&#8221; css=&#8221;.vc_custom_1582543773844{padding-top: 14px !important;}&#8221;][vc_column][vc_column_text css=&#8221;&#8221;][\/vc_column_text][vc_empty_space height=&#8221;75px&#8221;][vc_hoverbox [&hellip;]<\/p>\n","protected":false},"author":1,"featured_media":4462,"parent":0,"menu_order":0,"comment_status":"open","ping_status":"closed","template":"","meta":{"footnotes":""},"class_list":["post-5960","page","type-page","status-publish","has-post-thumbnail","hentry"],"_links":{"self":[{"href":"https:\/\/kitesurfeolis.com\/pt-pt\/wp-json\/wp\/v2\/pages\/5960","targetHints":{"allow":["GET"]}}],"collection":[{"href":"https:\/\/kitesurfeolis.com\/pt-pt\/wp-json\/wp\/v2\/pages"}],"about":[{"href":"https:\/\/kitesurfeolis.com\/pt-pt\/wp-json\/wp\/v2\/types\/page"}],"author":[{"embeddable":true,"href":"https:\/\/kitesurfeolis.com\/pt-pt\/wp-json\/wp\/v2\/users\/1"}],"replies":[{"embeddable":true,"href":"https:\/\/kitesurfeolis.com\/pt-pt\/wp-json\/wp\/v2\/comments?post=5960"}],"version-history":[{"count":12,"href":"https:\/\/kitesurfeolis.com\/pt-pt\/wp-json\/wp\/v2\/pages\/5960\/revisions"}],"predecessor-version":[{"id":32958,"href":"https:\/\/kitesurfeolis.com\/pt-pt\/wp-json\/wp\/v2\/pages\/5960\/revisions\/32958"}],"wp:featuredmedia":[{"embeddable":true,"href":"https:\/\/kitesurfeolis.com\/pt-pt\/wp-json\/wp\/v2\/media\/4462"}],"wp:attachment":[{"href":"https:\/\/kitesurfeolis.com\/pt-pt\/wp-json\/wp\/v2\/media?parent=5960"}],"curies":[{"name":"wp","href":"https:\/\/api.w.org\/{rel}","templated":true}]}}