{"id":5465,"date":"2023-12-10T17:50:29","date_gmt":"2023-12-10T17:50:29","guid":{"rendered":"https:\/\/kitesurfeolis.com\/certifications\/"},"modified":"2026-03-02T20:22:21","modified_gmt":"2026-03-02T20:22:21","slug":"certificacoes-eolis-desde-2004","status":"publish","type":"page","link":"https:\/\/kitesurfeolis.com\/pt-pt\/certificacoes-eolis-desde-2004\/","title":{"rendered":"Certifica\u00e7\u00f5es Eolis"},"content":{"rendered":"<div class=\"wpb-content-wrapper\"><p>[vc_row][vc_column][vc_column_text]<\/p>\r\n<p data-rm-block-id=\"block-1\">[\/vc_column_text][\/vc_column][\/vc_row][vc_row][vc_column][vc_column_text css=&#8221;&#8221;]<\/p>\r\n<p data-rm-block-id=\"block-2\"><strong>Algumas das nossas <a href=\"https:\/\/kitesurfeolis.com\/pt-pt\/historia-da-eolis-kitesurf-wingsup-sup\/\" target=\"_blank\" rel=\"noopener\">conquistas desde 2004<\/a>, s\u00e3o:<\/strong><\/p>\r\n<p data-rm-block-id=\"block-3\">. Certifica\u00e7\u00e3o IKO de tod@s @s <a href=\"https:\/\/kitesurfeolis.com\/about-us\/\">instrutores<\/a> desde 2007<br \/>. Centro <a href=\"https:\/\/www.ikointl.com\/\" target=\"_blank\" rel=\"noopener\">IKO<\/a> n\u00ba1457 desde 2007<br \/>. RNAAT N\u00ba 220\/2010 (anterior) e <a href=\"https:\/\/business.turismodeportugal.pt\/pt\/Planear_Iniciar\/Licenciamento_Registo_da_Atividade\/Agentes_Animacao_Turistica\/Paginas\/default.aspx\" target=\"_blank\" rel=\"noopener\">RNAAT<\/a> N\u00ba 39\/2022 (actual)<br \/>. Certifica\u00e7\u00e3o <a href=\"https:\/\/ipdj.gov.pt\/miss%C3%A3o-e-atribui%C3%A7%C3%B5es\" target=\"_blank\" rel=\"noopener\">IPDJ<\/a>\/<a href=\"https:\/\/fpvela.pt\/\" target=\"_blank\" rel=\"noopener\">Fed. Portuguesa Vela<\/a> desde 2014<br \/>. Certificado de Excel\u00eancia do <a href=\"https:\/\/www.tripadvisor.com\/Attraction_Review-g285715-d2543188-Reviews-Kitesurf_Eolis-Tavira_Faro_District_Algarve.html\" target=\"_blank\" rel=\"noopener\">Tripadvisor<\/a> em 2016, 2018 e 2019<br \/>. Empresa de Turismo de Natureza <a href=\"https:\/\/www.icnf.pt\/\" target=\"_blank\" rel=\"noopener\">ICNF<\/a> desde 2017<br \/>. Travellers&#8217; award do <a href=\"https:\/\/www.tripadvisor.com\/Attraction_Review-g285715-d2543188-Reviews-Kitesurf_Eolis-Tavira_Faro_District_Algarve.html\" target=\"_blank\" rel=\"noopener\">Tripadvisor<\/a> em 2020<br \/>. Certifica\u00e7\u00e3o pela <a href=\"https:\/\/www.viristar.com\/\" target=\"_blank\" rel=\"noopener\">VIRISTAR<\/a> em &#8220;Risk Management for Outdoor Programs&#8221; em 2022<br \/>. Certifica\u00e7\u00e3o &#8220;Environmental, Social, Governance Engaged 2023 and 2024&#8221; (<a href=\"https:\/\/business.turismodeportugal.pt\/pt\/noticias\/Paginas\/turismo-de-portugal-sessao-pet-set-2024.aspx\" target=\"_blank\" rel=\"noopener\">ESG ENGAGED<\/a>) pelo Turismo de Portugal<br \/>. <a href=\"https:\/\/www.facebook.com\/eolisnatureFORplayground\" target=\"_blank\" rel=\"noopener\">Facebook<\/a> 5\/5 estrelas com 55 opini\u00f5es cr\u00edticas<br \/>. <a href=\"https:\/\/www.google.com\/maps\/place\/Eolis\/@37.1363622,-7.5994165,881m\/data=!3m2!1e3!4b1!4m6!3m5!1s0xd101ca61f785e41:0x30948a58a5914264!8m2!3d37.1363622!4d-7.5968416!16s%2Fg%2F1tz72n3m?authuser=0&amp;entry=ttu&amp;g_ep=EgoyMDI0MTAyMi4wIKXMDSoASAFQAw%3D%3D\" target=\"_blank\" rel=\"noopener\">Googlemaps<\/a> 5\/5 estrelas com 311 opini\u00f5es cr\u00edticas<\/p>\r\n<p data-rm-block-id=\"block-4\">Como parte do nosso compromisso para com a excel\u00eancia, temos muito orgulho das nossas v\u00e1rias Certifica\u00e7\u00f5es.<\/p>\r\n<h2 data-rm-block-id=\"block-5\">Certifica\u00e7\u00f5es de Qualidade em Nossos Servi\u00e7os<\/h2>\r\n<p data-rm-block-id=\"block-6\"><img loading=\"lazy\" decoding=\"async\" class=\"alignnone wp-image-5411\" src=\"https:\/\/kitesurfeolis.com\/wp-content\/uploads\/2023\/12\/TC_2020_LL_WHITE_BG-255x300.png\" alt=\"travellers choice eolis\" width=\"102\" height=\"120\" title=\"\" srcset=\"https:\/\/kitesurfeolis.com\/wp-content\/uploads\/2023\/12\/TC_2020_LL_WHITE_BG-255x300.png 255w, https:\/\/kitesurfeolis.com\/wp-content\/uploads\/2023\/12\/TC_2020_LL_WHITE_BG-600x705.png 600w, https:\/\/kitesurfeolis.com\/wp-content\/uploads\/2023\/12\/TC_2020_LL_WHITE_BG.png 766w\" sizes=\"auto, (max-width: 102px) 100vw, 102px\" \/>\u00a0 \u00a0 \u00a0<img loading=\"lazy\" decoding=\"async\" class=\"alignnone size-full wp-image-5387\" src=\"https:\/\/kitesurfeolis.com\/wp-content\/uploads\/2023\/12\/logo-Turismo-de-Natureza-ICNB.jpg\" alt=\"turismo natureza\" width=\"111\" height=\"118\" title=\"\">\u00a0 \u00a0 <img loading=\"lazy\" decoding=\"async\" class=\"alignnone wp-image-5379\" src=\"https:\/\/kitesurfeolis.com\/wp-content\/uploads\/2023\/12\/logo_vela-300x300.jpg\" alt=\"fpvela_portgal \" width=\"112\" height=\"112\" title=\"\" srcset=\"https:\/\/kitesurfeolis.com\/wp-content\/uploads\/2023\/12\/logo_vela-300x300.jpg 300w, https:\/\/kitesurfeolis.com\/wp-content\/uploads\/2023\/12\/logo_vela-150x150.jpg 150w, https:\/\/kitesurfeolis.com\/wp-content\/uploads\/2023\/12\/logo_vela-600x600.jpg 600w, https:\/\/kitesurfeolis.com\/wp-content\/uploads\/2023\/12\/logo_vela-100x100.jpg 100w, https:\/\/kitesurfeolis.com\/wp-content\/uploads\/2023\/12\/logo_vela.jpg 604w\" sizes=\"auto, (max-width: 112px) 100vw, 112px\" \/>\u00a0 \u00a0 <img loading=\"lazy\" decoding=\"async\" class=\"alignnone wp-image-5383\" src=\"https:\/\/kitesurfeolis.com\/wp-content\/uploads\/2023\/12\/idp_logo.jpg\" alt=\"ipdj_instructors\" width=\"110\" height=\"106\" title=\"\">\u00a0<img loading=\"lazy\" decoding=\"async\" class=\"alignnone size-full wp-image-5532\" src=\"https:\/\/kitesurfeolis.com\/wp-content\/uploads\/2023\/12\/logo_turismo.png\" alt=\"turismo de portugal\" width=\"205\" height=\"104\" title=\"\"> <img loading=\"lazy\" decoding=\"async\" class=\"alignnone wp-image-29572\" src=\"https:\/\/kitesurfeolis.com\/wp-content\/uploads\/2025\/01\/Logo_Empresas_Turismo360_Versao1-300x300.png\" alt=\"360empresas TdP\" width=\"124\" height=\"124\" title=\"\" srcset=\"https:\/\/kitesurfeolis.com\/wp-content\/uploads\/2025\/01\/Logo_Empresas_Turismo360_Versao1-300x300.png 300w, https:\/\/kitesurfeolis.com\/wp-content\/uploads\/2025\/01\/Logo_Empresas_Turismo360_Versao1-1024x1024.png 1024w, https:\/\/kitesurfeolis.com\/wp-content\/uploads\/2025\/01\/Logo_Empresas_Turismo360_Versao1-150x150.png 150w, https:\/\/kitesurfeolis.com\/wp-content\/uploads\/2025\/01\/Logo_Empresas_Turismo360_Versao1-768x768.png 768w, https:\/\/kitesurfeolis.com\/wp-content\/uploads\/2025\/01\/Logo_Empresas_Turismo360_Versao1-1536x1536.png 1536w, https:\/\/kitesurfeolis.com\/wp-content\/uploads\/2025\/01\/Logo_Empresas_Turismo360_Versao1-650x650.png 650w, https:\/\/kitesurfeolis.com\/wp-content\/uploads\/2025\/01\/Logo_Empresas_Turismo360_Versao1-1300x1300.png 1300w, https:\/\/kitesurfeolis.com\/wp-content\/uploads\/2025\/01\/Logo_Empresas_Turismo360_Versao1-600x600.png 600w, https:\/\/kitesurfeolis.com\/wp-content\/uploads\/2025\/01\/Logo_Empresas_Turismo360_Versao1-100x100.png 100w\" sizes=\"auto, (max-width: 124px) 100vw, 124px\" \/> <img loading=\"lazy\" decoding=\"async\" class=\"alignnone wp-image-29574\" src=\"https:\/\/kitesurfeolis.com\/wp-content\/uploads\/2025\/01\/selo-engaged-23-300x300.png\" alt=\"logo_ESG_sustentabilidade\" width=\"124\" height=\"124\" title=\"\" srcset=\"https:\/\/kitesurfeolis.com\/wp-content\/uploads\/2025\/01\/selo-engaged-23-300x300.png 300w, https:\/\/kitesurfeolis.com\/wp-content\/uploads\/2025\/01\/selo-engaged-23-1024x1024.png 1024w, https:\/\/kitesurfeolis.com\/wp-content\/uploads\/2025\/01\/selo-engaged-23-150x150.png 150w, https:\/\/kitesurfeolis.com\/wp-content\/uploads\/2025\/01\/selo-engaged-23-768x768.png 768w, https:\/\/kitesurfeolis.com\/wp-content\/uploads\/2025\/01\/selo-engaged-23-1536x1536.png 1536w, https:\/\/kitesurfeolis.com\/wp-content\/uploads\/2025\/01\/selo-engaged-23-650x650.png 650w, https:\/\/kitesurfeolis.com\/wp-content\/uploads\/2025\/01\/selo-engaged-23-1300x1300.png 1300w, https:\/\/kitesurfeolis.com\/wp-content\/uploads\/2025\/01\/selo-engaged-23-600x600.png 600w, https:\/\/kitesurfeolis.com\/wp-content\/uploads\/2025\/01\/selo-engaged-23-100x100.png 100w\" sizes=\"auto, (max-width: 124px) 100vw, 124px\" \/>\u00a0 \u00a0 <img loading=\"lazy\" decoding=\"async\" class=\"alignnone wp-image-32360\" src=\"https:\/\/kitesurfeolis.com\/wp-content\/uploads\/2025\/12\/engaged-24-300x300.jpg\" alt=\"certificacao sustentavel\" width=\"131\" height=\"131\" title=\"\" srcset=\"https:\/\/kitesurfeolis.com\/wp-content\/uploads\/2025\/12\/engaged-24-300x300.jpg 300w, https:\/\/kitesurfeolis.com\/wp-content\/uploads\/2025\/12\/engaged-24-1024x1024.jpg 1024w, https:\/\/kitesurfeolis.com\/wp-content\/uploads\/2025\/12\/engaged-24-150x150.jpg 150w, https:\/\/kitesurfeolis.com\/wp-content\/uploads\/2025\/12\/engaged-24-768x768.jpg 768w, https:\/\/kitesurfeolis.com\/wp-content\/uploads\/2025\/12\/engaged-24-1536x1536.jpg 1536w, https:\/\/kitesurfeolis.com\/wp-content\/uploads\/2025\/12\/engaged-24-650x650.jpg 650w, https:\/\/kitesurfeolis.com\/wp-content\/uploads\/2025\/12\/engaged-24-1300x1300.jpg 1300w, https:\/\/kitesurfeolis.com\/wp-content\/uploads\/2025\/12\/engaged-24-600x600.jpg 600w, https:\/\/kitesurfeolis.com\/wp-content\/uploads\/2025\/12\/engaged-24-100x100.jpg 100w\" sizes=\"auto, (max-width: 131px) 100vw, 131px\" \/><\/p>\r\n<p>\u00a0<\/p>\r\n<p>[\/vc_column_text][\/vc_column][\/vc_row][vc_row][vc_column][vc_column_text]<\/p>\r\n<p>[\/vc_column_text][\/vc_column][\/vc_row]<\/p><\/div>","protected":false},"excerpt":{"rendered":"<p>[vc_row][vc_column][vc_column_text] [\/vc_column_text][\/vc_column][\/vc_row][vc_row][vc_column][vc_column_text css=&#8221;&#8221;] Algumas das nossas conquistas desde 2004, s\u00e3o: . Certifica\u00e7\u00e3o IKO de tod@s @s instrutores desde 2007. Centro IKO n\u00ba1457 desde 2007. RNAAT N\u00ba 220\/2010 (anterior) e RNAAT N\u00ba 39\/2022 (actual). Certifica\u00e7\u00e3o IPDJ\/Fed. Portuguesa Vela desde 2014. Certificado [&hellip;]<\/p>\n","protected":false},"author":1,"featured_media":6566,"parent":0,"menu_order":0,"comment_status":"closed","ping_status":"closed","template":"","meta":{"footnotes":""},"class_list":["post-5465","page","type-page","status-publish","has-post-thumbnail","hentry"],"_links":{"self":[{"href":"https:\/\/kitesurfeolis.com\/pt-pt\/wp-json\/wp\/v2\/pages\/5465","targetHints":{"allow":["GET"]}}],"collection":[{"href":"https:\/\/kitesurfeolis.com\/pt-pt\/wp-json\/wp\/v2\/pages"}],"about":[{"href":"https:\/\/kitesurfeolis.com\/pt-pt\/wp-json\/wp\/v2\/types\/page"}],"author":[{"embeddable":true,"href":"https:\/\/kitesurfeolis.com\/pt-pt\/wp-json\/wp\/v2\/users\/1"}],"replies":[{"embeddable":true,"href":"https:\/\/kitesurfeolis.com\/pt-pt\/wp-json\/wp\/v2\/comments?post=5465"}],"version-history":[{"count":14,"href":"https:\/\/kitesurfeolis.com\/pt-pt\/wp-json\/wp\/v2\/pages\/5465\/revisions"}],"predecessor-version":[{"id":33016,"href":"https:\/\/kitesurfeolis.com\/pt-pt\/wp-json\/wp\/v2\/pages\/5465\/revisions\/33016"}],"wp:featuredmedia":[{"embeddable":true,"href":"https:\/\/kitesurfeolis.com\/pt-pt\/wp-json\/wp\/v2\/media\/6566"}],"wp:attachment":[{"href":"https:\/\/kitesurfeolis.com\/pt-pt\/wp-json\/wp\/v2\/media?parent=5465"}],"curies":[{"name":"wp","href":"https:\/\/api.w.org\/{rel}","templated":true}]}}