{"id":5336,"date":"2023-12-10T17:55:23","date_gmt":"2023-12-10T17:55:23","guid":{"rendered":"https:\/\/kitesurfeolis.com\/eolis-achievements\/"},"modified":"2026-01-27T14:27:34","modified_gmt":"2026-01-27T14:27:34","slug":"historia-da-eolis-kitesurf-wingsup-sup","status":"publish","type":"page","link":"https:\/\/kitesurfeolis.com\/pt-pt\/historia-da-eolis-kitesurf-wingsup-sup\/","title":{"rendered":"&#8220;Hist\u00f3ria&#8221; detalhada da EOLIS"},"content":{"rendered":"<div class=\"wpb-content-wrapper\"><p>[vc_row][vc_column][vc_column_text css=&#8221;&#8221;]<\/p>\r\n<p data-rm-block-id=\"block-1\"><strong><span class=\"nivel\"><br \/>2004<br \/><\/span><\/strong><span class=\"nivel\">Forma\u00e7\u00e3o Kitesurf em Tarifa. Escolha do nome Eolis (marca registada) como a nossa marca (o vento inspirou-nos sempre. Eolis surge inspirado na mitologia grega: Deus Eolo \u2013 Deus do vento). A Hist\u00f3ria da Eolis come\u00e7a aqui.<\/span><\/p>\r\n<p data-rm-block-id=\"block-2\"><strong>2005<\/strong><br \/><span class=\"nivel\">O in\u00edcio faz-se com muita aprendizagem, escola de Kitesurf e tamb\u00e9m de Windsurf. A abertura e organiza\u00e7\u00e3o da Loja Eolis em Cabanas de Tavira. A sazonalidade da regi\u00e3o obriga a pensar em solu\u00e7\u00f5es complementares para os nossos clientes e a fortalecer a capacidade t\u00e9cnica e a cont\u00ednua especializa\u00e7\u00e3o. Esta fase \u00e9 crucial para a Hist\u00f3ria da Eolis.<\/span><span class=\"nivel\"><br \/><\/span><span class=\"nivel\">Organiza\u00e7\u00e3o de eventos entre eles o Festival Internacional de Papagaios de Tavira.<\/span><\/p>\r\n<h2 data-rm-block-id=\"block-3\">Exploring the Hist\u00f3ria da Eolis<\/h2>\r\n<p data-rm-block-id=\"block-4\"><strong>2006<\/strong><br \/><span class=\"nivel\">O Festival Internacional de Papagaios de Tavira realiza-se em Mar\u00e7o, promovendo o crescimento e a credibilidade da Escola Eolis e tamb\u00e9m o desenvolvimento da Loja Eolis. Foi um ver\u00e3o com bastante dinamismo e interatividade com v\u00e1rios grupos de jovens em parceria com v\u00e1rias entidades. Os papagaios est\u00e1ticos, acrob\u00e1ticos e de tra\u00e7\u00e3o fizeram sucesso. Este evento marcou a evolu\u00e7\u00e3o da Hist\u00f3ria da Eolis.<\/span><span class=\"nivel\"><br \/><\/span><span class=\"nivel\">Novas parcerias surgem e a Escola Eolis em associa\u00e7\u00e3o com o Club Kitesurfing Isla Cristina, organiza a 3\u00ba travessia Internacional Costa de la Luz \u2013 Algarve.<\/span><\/p>\r\n<p data-rm-block-id=\"block-5\"><strong>2007<\/strong><br \/><span class=\"nivel\">A escolha de produtos de qualidade foi uma constante, pelo que decidimos aceitar o desafio e importar para Portugal uma grande marca para Kitesurf \u2013 Ozone. Paralelamente outro desafio o de certificar a Escola Eolis de acordo com standards internacionais da IKO \u2013 International Kiteboarding Organization.<\/span><span class=\"nivel\"><br \/>Acontece tamb\u00e9m o II Festival de Papagaios que se torna mais abrangente, chamando-se agora Festival Internacional de Papagaios do Sotavento Algarvio (II FISA).<br \/><\/span><span class=\"nivel\">Foi um ver\u00e3o muito bom com os projetos Eolis no bom rumo.<\/span><\/p>\r\n<p data-rm-block-id=\"block-6\"><strong>2008<\/strong><br \/><span class=\"nivel\">O crescente sucesso da Escola Eolis permitiu concretizar um objectivo perseguido desde o \u00ednicio do projeto: uma Kite Beach de 300m na Praia de Cabanas. Outro sucesso foi o reconhecimento pela IKO e a respetiva certifica\u00e7\u00e3o como CENTRO IKO n\u00ba 871.<\/span><span class=\"nivel\"><br \/>Com o III FISA em Mar\u00e7o, na Manta Rota, acontece a sua definitiva afirma\u00e7\u00e3o no panorama nacional de festivais de papagaios e do vento.<br \/><\/span><span class=\"nivel\">A Loja Eolis tamb\u00e9m aumenta as suas representa\u00e7\u00f5es com o que convite, que aceit\u00e1mos para distribuir a marca polaca de pranchas SU-2 em Portugal.<\/span><\/p>\r\n<p data-rm-block-id=\"block-7\"><strong>2009<\/strong><br \/><span class=\"nivel\">Kite Beach &#8211; Escola Eolis uma realidade com uma \u00e1rea de 300m de frente de praia com todas as quest\u00f5es da seguran\u00e7a salvaguardadas: nadadores salvadores, barco de apoio, posto de praia do ISN, estrutura f\u00edsica, Instrutores com certifica\u00e7\u00e3o IKO e forma\u00e7\u00e3o em Primeiros Socorros e Suporte B\u00e1sico de Vida.<\/span><span class=\"nivel\"><br \/>A Eolis adquiriu uma embarca\u00e7\u00e3o que nos permite fazer o transporte dos nossos clientes para a praia de modo mais confort\u00e1vel e com hor\u00e1rios alargados.<br \/>Numa constante procura de qualidade no ensino do Kitesurf, concretiz\u00e1mos 3 forma\u00e7\u00f5es IKO: 1 Curso de Assistente de Instrutor e 2 Cursos de Instrutor (ITC).<br \/><\/span><span class=\"nivel\">A Loja Eolis come\u00e7ou a distribuir a marca de pranchas Underground.<\/span><\/p>\r\n<p data-rm-block-id=\"block-8\"><strong>2010<\/strong><br \/><span class=\"nivel\">O modelo de \u00a0Kite Beach permite \u00e0 Escola Eolis ter condi\u00e7\u00f5es cada vez melhores para oferecer aos seus clientes, garantindo um servi\u00e7o de forma\u00e7\u00e3o te\u00f3rico-pr\u00e1tica excelente.<\/span><span class=\"nivel\"><br \/><\/span><span class=\"nivel\">A Escola Eolis \u00a0organiza cursos: Mar\u00e7o, 1 Curso de Instrutores IKO; Outubro e Abril, 1 Curso de Assistente de Instrutor IKO.<\/span><\/p>\r\n<p data-rm-block-id=\"block-9\"><strong>2011<\/strong><br \/><span class=\"nivel\">O in\u00edcio de \u00e9poca acontece mais cedo, em Marco, para garantir que o curso de Instrutores IKO usufrui das melhores condi\u00e7\u00f5es poss\u00edveis.<\/span><span class=\"nivel\"><br \/>A Escola Eolis investe novamente, agora em Pranchas de Stand Up Paddle (SUP) e num Buggy possibilitando a pr\u00e1tica de Kitebuggy.<br \/><\/span><span class=\"nivel\">Na Loja Eolis come\u00e7\u00e1mos a comercializar a marca de asas Wainman Hawaii para al\u00e9m das asas Ozone. Adicion\u00e1mos tamb\u00e9m a marca Crazyfly de pranchas de Kitesurf e as pranchas insufl\u00e1veis de SUP da Red Paddle ao nosso crescente stock de produtos especializados.<\/span><\/p>\r\n<p data-rm-block-id=\"block-10\"><strong>2012<\/strong><br \/><span class=\"nivel\">A Escola Eolis beneficia de altera\u00e7\u00f5es melhorando a log\u00edstica e operacionalidade da Kitebeach, aumentando a \u00e1rea e a oferta de servi\u00e7os. Oferecemos agora servi\u00e7os para condi\u00e7\u00f5es com ou sem vento. As modalidades de SUP e Kitebuggy s\u00e3o um complemento \u00e0 nossa especialidade que \u00e9 a forma\u00e7\u00e3o em KiteSurf.<\/span><span class=\"nivel\"><br \/><\/span><span class=\"nivel\">Reportagens em revistas locais e regionais dinamizam e potenciam a posi\u00e7\u00e3o quer da Loja Eolis quer da Escola Eolis certificada como Centro IKO. A plataforma TripAdvisor utilizada mundialmente \u00e9 escolhida naturalmente pelos nossos alunos para nos fornecer feedback. Ficamos sempre surpresos com os coment\u00e1rios que s\u00e3o sem d\u00favida o nosso melhor cart\u00e3o de visita.<\/span><\/p>\r\n<p data-rm-block-id=\"block-11\"><strong>2013<\/strong><br \/><span class=\"nivel\">A Escola Eolis desenvolve e organiza Kitecamps de forma a fornecer oportunidade de pr\u00e1tica desportiva de qualidade todo o ano, para diversos tipos de p\u00fablicos: jovens, mulheres e homens que querem conhecer e praticar um desporto radical, que muito tem evolu\u00eddo, permitindo cada vez mais um elevado n\u00edvel de seguran\u00e7a para o praticante.<\/span><span class=\"nivel\"><br \/><\/span><span class=\"nivel\">Na Loja Eolis, surgue mais uma marca de pranchas: Kitelement.<\/span><\/p>\r\n<p data-rm-block-id=\"block-12\"><strong>2014<\/strong><br \/><span class=\"nivel\">Mais um investimento da Escola Eolis aumentado o n\u00famero de pranchas de SUP (quer para os passeios por n\u00f3s organizados, quer para aluguer).<\/span><span class=\"nivel\"><br \/>Organiz\u00e1mos e dinamiz\u00e1mos mais 3 cursos IKO: Assistente de Instrutor em Novembro e Dezembro e um curso IKO de instrutores em Dezembro (ITC).<br \/><\/span><span class=\"nivel\">Para al\u00e9m do TripAdvisor surge a presen\u00e7a da Eolis em guias tur\u00edsticos relevantes: &#8220;Lonely Planet &#8211; Algarve&#8221; e &#8220;DK &#8211; eyewitness Travel &#8211; Top 10 Algarve&#8221;.<\/span><\/p>\r\n<p data-rm-block-id=\"block-13\"><strong>2015<\/strong><br \/><span class=\"nivel\">Apost\u00e1mos novamente em cursos de forma\u00e7\u00e3o IKO de kitesurf: dois de Assistente de Instrutor em Mar\u00e7o e Maio e um de Instrutores (ITC) em Mar\u00e7o. \u00a0Volt\u00e1mos a comercializar as pranchas SU-2 da Pol\u00f3nia.<\/span><span class=\"nivel\"><br \/>Particip\u00e1mos na semana promocional: Algarve Nature Week, promovida pelo Turismo do Algarve.<br \/><\/span><span class=\"nivel\">Particip\u00e1mos em dois v\u00eddeos de promo\u00e7\u00e3o do Algarve: um para a Algarve Nature Week e um para a produtora \u201cMaster Dream \u2013 Digital Movie\u201d<\/span><\/p>\r\n<p data-rm-block-id=\"block-14\"><strong><span class=\"text-span\">2016<\/span><\/strong><br \/><span class=\"nivel\">Particip\u00e1mos novamente na semana promocional: Algarve Nature Week, promovida pelo Turismo do Algarve.<\/span><span class=\"nivel\"><br \/>Recebemos o Certificado de Excel\u00eancia do &#8220;Tripadvisor&#8221;.<br \/>Recebemos a distin\u00e7\u00e3o de &#8220;Water Sports Company of the year&#8221; da Europa do sul, pelo Luxury Travel Guide.<br \/><\/span><span class=\"nivel\">In\u00edcio de parceria com o alojamento &#8220;S\u00edtio da Praia&#8221;, principalmente para a oferta FITS (Fun In The Sun).<\/span><\/p>\r\n<p data-rm-block-id=\"block-15\"><strong><span class=\"text-span-2\">2017<\/span><\/strong><br \/><span class=\"nivel\">Dinamiz\u00e1mos Ac\u00e7\u00f5es de Forma\u00e7\u00e3o v\u00e1rias, abertas \u00e0 comunidade em geral: Meteorologia; Rescue em mar\/Medidas de Autoprote\u00e7\u00e3o.<\/span><span class=\"nivel\"><br \/>Reconhecimento da denomina\u00e7\u00e3o de empresa de Turismo de Natureza pelo ICNF.<br \/>Recebemos a Certifica\u00e7\u00e3o como Entidade Formadora n\u00e3o certificada do IPDJ.<br \/>Fomos entidade Parceira das Mostras de Cinema de Ver\u00e3o do Cineclube de Tavira.<br \/>Recebemos novamente a distin\u00e7\u00e3o de &#8220;Adventure Tour Operator 2017&#8221; para Portugal para os &#8220;iGAP Travel Guide Global Awards&#8221;.<br \/><\/span><span class=\"nivel\">Recebemos novamente a distin\u00e7\u00e3o de &#8220;Water Sports Company of Southern Europe 2018&#8221; pelo &#8220;Luxury Travel Guide&#8221;.<\/span><\/p>\r\n<p data-rm-block-id=\"block-16\"><strong><span class=\"text-span\">2018<\/span><\/strong><br \/><span class=\"nivel\">Particip\u00e1mos novamente na semana promocional: Algarve Nature Week, promovida pelo Turismo do Algarve.<\/span><span class=\"nivel\"><br \/><\/span><span class=\"nivel\">Recebemos o Certificado de Excel\u00eancia do &#8220;Tripadvisor&#8221;.<\/span><strong><span class=\"nivel\"><br \/><\/span><\/strong>Fomos entidade Parceira das Mostras de Cinema de Ver\u00e3o do Cineclube de Tavira.<br \/>Organiz\u00e1mos e ministr\u00e1mos a Forma\u00e7\u00e3o certificada pelo IPDJ para Treinadores de Kiteboard: &#8220;Organiza\u00e7\u00e3o e Gesta\u00e3o de Escola de Kiteboard&#8221;<\/p>\r\n<p data-rm-block-id=\"block-17\"><strong><span class=\"text-span\">2019<\/span><\/strong><br \/>Recebemos o Certificado de Excel\u00eancia do &#8220;Tripadvisor&#8221;.<br \/>Fomos entidade Parceira das Mostras de Cinema de Ver\u00e3o do Cineclube de Tavira.<br \/>A Loja Eolis come\u00e7ou a distribuir a marca de pranchas e arneses Ozone.<br \/>Inaugura\u00e7\u00e3o da Galeria de Arte:\u00a0<a href=\"http:\/\/www.facebook.com\/eolisdarte\" target=\"_blank\" rel=\"noopener\">Eolis d&#8217;Arte<\/a>\u00a0em Cabanas de Tavira<br \/><strong><span class=\"text-span\">2020<\/span><\/strong><br \/>Recebemos novamente o certificado do &#8220;Tripadvisor&#8221;: Traveller&#8217;s Choice 2020.<br \/>Defini\u00e7\u00e3o de um\u00a0<a href=\"http:\/\/www.padlet.com\/Eolis\/planosanitarioeolis2020\" target=\"_blank\" rel=\"noopener\">Plano de Contingencia por causa da COVID-19<\/a><br \/>Nova aposta:\u00a0<a href=\"http:\/\/www.coisasdeolis.blogspot.com\/\" target=\"_blank\" rel=\"noopener\">BLOG Coisas d&#8217;Eolis<\/a><br \/>Forma\u00e7\u00e3o pessoal e profissional<\/p>\r\n<p data-rm-block-id=\"block-18\"><strong><span class=\"text-span\">2021<\/span><\/strong><br \/>Defini\u00e7\u00e3o de um novo <a href=\"http:\/\/www.padlet.com\/Eolis\/planosanitarioeolis2020\" target=\"_blank\" rel=\"noopener\">Plano de Contingencia por causa da COVID-19<\/a><br \/>Alimentar a aposta:\u00a0<a href=\"http:\/\/www.coisasdeolis.blogspot.com\/\" target=\"_blank\" rel=\"noopener\">BLOG Coisas d&#8217;Eolis<\/a><br \/>Website Eolis em italiano<br \/>Forma\u00e7\u00e3o pessoal e profissional<br \/>Defini\u00e7\u00e3o de novas ofertas para os meses: Nov. Dez. Jan. Fev e Mar\u00e7o:\u00a0<a href=\"https:\/\/kitesurfeolis.com\/pt-pt\/services\/sup_odeleite\/\" target=\"_blank\" rel=\"noopener\">SUP TOURS IN THE COUNTRYSIDE<\/a><br \/>Podcast:<a href=\"https:\/\/youtube.com\/channel\/UCxsa-XeFsYFXol9zA6LYLQQ\" target=\"_blank\" rel=\"noopener\">CafePra2<\/a>\u00a0com a parceria da Equipa da Aventura Social<\/p>\r\n<p data-rm-block-id=\"block-19\"><strong><span class=\"nivel\"><br \/><span class=\"text-span\">2022<\/span><br \/><\/span><\/strong><span class=\"nivel\">Alimentar a aposta:\u00a0<\/span><span class=\"nivel\"><a href=\"http:\/\/www.coisasdeolis.blogspot.com\/\" target=\"_blank\" rel=\"noopener\">BLOG Coisas d&#8217;Eolis<\/a><br \/>Constru\u00e7\u00e3o da nova Cabana de Praia da Eolis<br \/>Podcast:<a href=\"https:\/\/youtube.com\/channel\/UCxsa-XeFsYFXol9zA6LYLQQ\" target=\"_blank\" rel=\"noopener\">CafePra2\u00a0<\/a>com a parceria da Equipa da Aventura Social<br \/>Forma\u00e7\u00e3o pessoal com um coach empresarial<br \/>Estabelecimento de novas parcerias locais<br \/>Dinamiza\u00e7\u00e3o das novas ofertas para os meses: Nov. Dez. Jan. Fev e Mar\u00e7o:\u00a0<\/span><span class=\"nivel\"><a href=\"https:\/\/kitesurfeolis.com\/pt-pt\/services\/sup_odeleite\/\" target=\"_blank\" rel=\"noopener\">SUP TOURS IN THE COUNTRYSIDE<\/a><\/span><\/p>\r\n<p data-rm-block-id=\"block-20\"><span class=\"nivel\"><br \/><\/span><strong><span class=\"text-span\">2023<\/span><\/strong><br \/>Renova\u00e7\u00e3o anual da Licen\u00e7a de Utiliza\u00e7\u00e3o Privativa da \u00e1rea de kitesurf com coloca\u00e7\u00e3o da Cabana de Apoio, na praia<br \/>Nova oferta bem sucedida: <a href=\"https:\/\/kitesurfeolis.com\/pt-pt\/services\/wingsup\/\">Downwind de Wingsup de 4km<\/a> de Cabanas \u00e0 F\u00e1brica<i><br \/><\/i>Treino e certifica\u00e7\u00e3o profissional de treinadores e guias<br \/>Organiza\u00e7\u00e3o do I Semin\u00e1rio: Natureza e Bem-Estar<br \/>Estabelecimento de novas parcerias com empresas locais<br \/>Actualiza\u00e7\u00e3o do <a href=\"https:\/\/kitesurfeolis.com\/wp-content\/uploads\/2026\/01\/Plano-de-Gestao-do-Risco-da-Eolis_2026.pdf\">Plano de Gest\u00e3o do Risco da Eolis<\/a><br \/>Desenvolvimento de novos produtos: <a href=\"https:\/\/kitesurfeolis.com\/pt-pt\/loja\/e-learning\/e-book-seguranca-no-kitesurf\/\">E-book em &#8220;Seguran\u00e7a no Kitesurf&#8221;<\/a><\/p>\r\n<p data-rm-block-id=\"block-21\"><strong><span class=\"text-span\">2024<\/span><\/strong><br \/>Renova\u00e7\u00e3o anual da Licen\u00e7a de Utiliza\u00e7\u00e3o Privativa da \u00e1rea de kitesurf com coloca\u00e7\u00e3o da Cabana de Apoio, na praia<br \/>Nova oferta bem sucedida: <a href=\"https:\/\/kitesurfeolis.com\/pt-pt\/encontra-o-equilibrio-no-ar\/\" target=\"_blank\" rel=\"noopener\">Aerial Yoga<\/a> e SUPYoga com a <a href=\"https:\/\/www.instagram.com\/sofia_rodrigues_89\/\" target=\"_blank\" rel=\"noopener\">Sofia Rodrigues<\/a><i><br \/><\/i>Treino e certifica\u00e7\u00e3o profissional de treinadores e guias<br \/>Estabelecimento de novas parcerias com empresas locais<br \/>Personaliza\u00e7\u00e3o de todo o material utilizado na escola e nos passeios com o logo da Eolis<br \/>Personaliza\u00e7\u00e3o da carrinha da Eolis com as SUP Tours \u00e0 Ribeira Drag\u00e3o, a M\u00e9rtola e ao Rio Guadiana<br \/>Concretiz\u00e1mos os primeiros grupos de <a href=\"https:\/\/kitesurfeolis.com\/pt-pt\/3-razoes-apaixonantes-para-vir-connosco-aos-acores\/\" target=\"_blank\" rel=\"noopener\">descoberta de S\u00e3o Miguel<\/a>, nos A\u00e7ores em Novembro e Dezembro<\/p>\r\n<p data-rm-block-id=\"block-21\"><strong><span class=\"text-span\">2025<\/span><\/strong><br \/>Renova\u00e7\u00e3o da autoriza\u00e7\u00e3o anual da \u00e1rea para ensino, na praia<br \/>Oferta de sucesso: SUPYoga with <a href=\"https:\/\/www.instagram.com\/sofia_rodrigues_89\/\" target=\"_blank\" rel=\"noopener\">Sofia Rodrigues<\/a><i><br \/><\/i>Treino profissional e actualiza\u00e7\u00e3o de instrutores e guias:<a href=\"https:\/\/ipdj.gov.pt\/dashboard-prodesporto\" target=\"_blank\" rel=\"noopener\"> IPDJ Trainning<\/a><br \/>Estabelecimento e desenvolvimento de novas parcerias com em+resas locais e ag\u00eancias que oferecem servi\u00e7os de excel\u00eancia<br \/>Personaliza\u00e7\u00e3o de uma <a href=\"https:\/\/kitesurfeolis.com\/loja\/clothing\/i-made-it-celebrating-tshirt-size-xl-man\/\" target=\"_blank\" rel=\"noopener\">nova tshirt de\u00a0 kitesurf: &#8220;I made it&#8221;<\/a><br \/>Parceria Solid\u00e1ria com a <a href=\"https:\/\/splsportugal.com\/events\/spls-lanca-projeto-acolher-intervencoes-de-saude-e-rastreios-comunitarios-a-refugiados-e-migrantes\/\" target=\"_blank\" rel=\"noopener\">SPLS Portugal<\/a> com a <a href=\"https:\/\/kitesurfeolis.com\/paddleboarding-game-changer-in-sup-ria-formosa\/\" target=\"_blank\" rel=\"noopener\">Organiza\u00e7\u00e3o de Passeios de SUP com migrantes<\/a> na <a href=\"https:\/\/natural.pt\/protected-areas\/parque-natural-ria-formosa?locale=pt\" target=\"_blank\" rel=\"noopener\">Ria Formosa<\/a>: &#8220;Passeios InterNacionais em SUP&#8221;<\/p>\r\n<p data-rm-block-id=\"block-21\">Actualiza\u00e7\u00e3o e Aprova\u00e7\u00e3o de alguns documentos: Plano de Gest\u00e3o do Risco da Eolis e Manual para Instrutores de Kitesurf<\/p>\r\n\r\n<p data-rm-block-id=\"block-22\"><\/p>\r\n\r\n<p class=\"has-medium-font-size\" data-rm-block-id=\"block-23\">Escolhe a tua paix\u00e3o:<\/p>\r\n<p data-rm-block-id=\"block-22\"><\/p>\r\n<p data-rm-block-id=\"block-23\"><\/p>\r\n<p data-rm-block-id=\"block-24\"><\/p>\r\n<p>[\/vc_column_text][\/vc_column][\/vc_row]<\/p><\/div>","protected":false},"excerpt":{"rendered":"<p>[vc_row][vc_column][vc_column_text css=&#8221;&#8221;] 2004Forma\u00e7\u00e3o Kitesurf em Tarifa. Escolha do nome Eolis (marca registada) como a nossa marca (o vento inspirou-nos sempre. Eolis surge inspirado na mitologia grega: Deus Eolo \u2013 Deus do vento). A Hist\u00f3ria da Eolis come\u00e7a aqui. 2005O in\u00edcio [&hellip;]<\/p>\n","protected":false},"author":1,"featured_media":7075,"parent":0,"menu_order":0,"comment_status":"closed","ping_status":"closed","template":"","meta":{"footnotes":""},"class_list":["post-5336","page","type-page","status-publish","has-post-thumbnail","hentry"],"_links":{"self":[{"href":"https:\/\/kitesurfeolis.com\/pt-pt\/wp-json\/wp\/v2\/pages\/5336","targetHints":{"allow":["GET"]}}],"collection":[{"href":"https:\/\/kitesurfeolis.com\/pt-pt\/wp-json\/wp\/v2\/pages"}],"about":[{"href":"https:\/\/kitesurfeolis.com\/pt-pt\/wp-json\/wp\/v2\/types\/page"}],"author":[{"embeddable":true,"href":"https:\/\/kitesurfeolis.com\/pt-pt\/wp-json\/wp\/v2\/users\/1"}],"replies":[{"embeddable":true,"href":"https:\/\/kitesurfeolis.com\/pt-pt\/wp-json\/wp\/v2\/comments?post=5336"}],"version-history":[{"count":13,"href":"https:\/\/kitesurfeolis.com\/pt-pt\/wp-json\/wp\/v2\/pages\/5336\/revisions"}],"predecessor-version":[{"id":32664,"href":"https:\/\/kitesurfeolis.com\/pt-pt\/wp-json\/wp\/v2\/pages\/5336\/revisions\/32664"}],"wp:featuredmedia":[{"embeddable":true,"href":"https:\/\/kitesurfeolis.com\/pt-pt\/wp-json\/wp\/v2\/media\/7075"}],"wp:attachment":[{"href":"https:\/\/kitesurfeolis.com\/pt-pt\/wp-json\/wp\/v2\/media?parent=5336"}],"curies":[{"name":"wp","href":"https:\/\/api.w.org\/{rel}","templated":true}]}}