{"id":4548,"date":"2020-01-31T14:23:45","date_gmt":"2020-01-31T14:23:45","guid":{"rendered":"https:\/\/kitesurfeolis.com\/services\/"},"modified":"2026-03-17T16:48:20","modified_gmt":"2026-03-17T16:48:20","slug":"services","status":"publish","type":"page","link":"https:\/\/kitesurfeolis.com\/pt-pt\/","title":{"rendered":"Kite, Wing SUP, SUP"},"content":{"rendered":"<div class=\"wpb-content-wrapper\"><p>[vc_row row_content_width=&#8221;grid&#8221; disable_background_image=&#8221;1280&#8243; content_text_aligment=&#8221;center&#8221; enable_surfer_icon=&#8221;no&#8221; css=&#8221;.vc_custom_1580226429982{padding-bottom: 122px !important;}&#8221; simple_background_image=&#8221;844&#8243; background_image_position=&#8221;center&#8221;][vc_column css=&#8221;.vc_custom_1582619340729{padding-top: 115px !important;}&#8221;]<div class=\"qodef-elements-holder   qodef-one-column  qodef-responsive-mode-768 \" ><div class=\"qodef-eh-item    \"  data-item-class=\"qodef-eh-custom-2330\" data-1400-1600=\"0px 17%\" data-1025-1399=\"0px 11%\" data-769-1024=\"0 5%\" data-681-768=\"0 0 0 0\" data-680=\"0 0 0 0\">\n\t<div class=\"qodef-eh-item-inner\">\n\t\t<div class=\"qodef-eh-item-content qodef-eh-custom-2330\" style=\"padding: 0px 17%\">\n\t\t\t<div class=\"qodef-section-title-holder  \" style=\"text-align: center\">\n\t<div class=\"qodef-st-inner\">\n                    <span class=\"qodef-st-background-text\" style=\"font-size: 274px;color: #e0e0e0;text-align: center\">21<\/span>\n        \t\t\t\t\t<h2 class=\"qodef-st-title\" >\n\t\t\t\tO teu Centro N\u00e1utico de desportos n\u00e3o motorizados em Tavira\t\t\t<\/h2>\n\t\t                        <span class=\"qodef-st-caption\" >Teambuilding &amp; A\u00e7ores<\/span>\n        \t\t\t\t\t<\/div>\n<\/div>\t\t<\/div>\n\t<\/div>\n<\/div><\/div>[vc_empty_space height=&#8221;62px&#8221;]<div class=\"qodef-linked-images qodef-three-columns qodef-normal-space qodef-grid-masonry-list qodef-normal-space qodef-grid-list\"  data-full-height=\"yes\">\n\t\t<div class=\"qodef-masonry-list-wrapper qodef-outer-space\">\n\t\t<div class=\"qodef-masonry-grid-sizer\"><\/div>\n\t\t<div class=\"qodef-masonry-grid-gutter\"><\/div>\n\t\t\t<div class=\"qodef-linked-image-holder qodef-item-space qodef-li-text-slide\">\n\t\t<div class=\"qodef-linked-image-holder-inner\">\n\t\t\t<div class=\"qodef-linked-image-image-holder\">\n\t\t\t\t\t\t\t\t\t<a href=\"https:\/\/kitesurfeolis.com\/pt-pt\/aulas-kitesurf-tavira-algarve\/\" target=\"_self\">\n\t\t\t\t\t\t\t\t\t<div class=\"qodef-linked-image-image\">\n                        <img loading=\"lazy\" decoding=\"async\" width=\"2560\" height=\"2048\" src=\"https:\/\/kitesurfeolis.com\/wp-content\/uploads\/2023\/12\/GAGC1035-scaled.jpg\" class=\"attachment-full size-full\" alt=\"Kitesurf Classes\" srcset=\"https:\/\/kitesurfeolis.com\/wp-content\/uploads\/2023\/12\/GAGC1035-scaled.jpg 2560w, https:\/\/kitesurfeolis.com\/wp-content\/uploads\/2023\/12\/GAGC1035-300x240.jpg 300w, https:\/\/kitesurfeolis.com\/wp-content\/uploads\/2023\/12\/GAGC1035-1024x819.jpg 1024w, https:\/\/kitesurfeolis.com\/wp-content\/uploads\/2023\/12\/GAGC1035-768x614.jpg 768w, https:\/\/kitesurfeolis.com\/wp-content\/uploads\/2023\/12\/GAGC1035-1536x1229.jpg 1536w, https:\/\/kitesurfeolis.com\/wp-content\/uploads\/2023\/12\/GAGC1035-600x480.jpg 600w\" sizes=\"auto, (max-width: 2560px) 100vw, 2560px\" title=\"\">                    <\/div>\n\n\t\t\t\t\t<div class=\"qodef-linked-image-description-wrapper\">\n\t\t\t\t\t\t\t\t\t\t\t\t\t<div class=\"qodef-linked-image-description-inner\">\n                                \t\t\t\t\t\t\t\t<div class=\"qodef-linked-image-description\">\n                                                                            <h2 class=\"qodef-linked-image-title\">\n                                            Kitesurf                                        <\/h2>\n                                                                                                                <h4 class=\"qodef-linked-image-subtitle\">\n                                            aulas privadas                                        <\/h4>\n                                    \t\t\t\t\t\t\t\t\t                                        <p class=\"qodef-linked-image-text\">\n                                            Desfruta do entusiasmo de deslizar sobre as \u00e1guas.                                        <\/p>\n\t\t\t\t\t\t\t\t\t                                    <div class=\"qodef-linked-image-cover\"><\/div>\n\t\t\t\t\t\t\t\t<\/div>\n\t\t\t\t\t\t\t<\/div>\n\t\t\t\t\t\t\t\t\t\t\t<\/div>\n\t\t\t\t\t\t\t\t\t<\/a>\n\t\t\t\t\t\t\t<\/div>\n\t\t<\/div>\n\t<\/div>\n\t<div class=\"qodef-linked-image-holder qodef-item-space qodef-li-text-slide\">\n\t\t<div class=\"qodef-linked-image-holder-inner\">\n\t\t\t<div class=\"qodef-linked-image-image-holder\">\n\t\t\t\t\t\t\t\t\t<a href=\"https:\/\/kitesurfeolis.com\/pt-pt\/wingsup-na-ria-formosa\/\" target=\"_self\">\n\t\t\t\t\t\t\t\t\t<div class=\"qodef-linked-image-image\">\n                        <img loading=\"lazy\" decoding=\"async\" width=\"1080\" height=\"1080\" src=\"https:\/\/kitesurfeolis.com\/wp-content\/uploads\/2023\/12\/wingsup1.jpg\" class=\"attachment-full size-full\" alt=\"WingSup Downwind\" srcset=\"https:\/\/kitesurfeolis.com\/wp-content\/uploads\/2023\/12\/wingsup1.jpg 1080w, https:\/\/kitesurfeolis.com\/wp-content\/uploads\/2023\/12\/wingsup1-300x300.jpg 300w, https:\/\/kitesurfeolis.com\/wp-content\/uploads\/2023\/12\/wingsup1-1024x1024.jpg 1024w, https:\/\/kitesurfeolis.com\/wp-content\/uploads\/2023\/12\/wingsup1-150x150.jpg 150w, https:\/\/kitesurfeolis.com\/wp-content\/uploads\/2023\/12\/wingsup1-768x768.jpg 768w, https:\/\/kitesurfeolis.com\/wp-content\/uploads\/2023\/12\/wingsup1-650x650.jpg 650w, https:\/\/kitesurfeolis.com\/wp-content\/uploads\/2023\/12\/wingsup1-600x600.jpg 600w, https:\/\/kitesurfeolis.com\/wp-content\/uploads\/2023\/12\/wingsup1-100x100.jpg 100w\" sizes=\"auto, (max-width: 1080px) 100vw, 1080px\" title=\"\">                    <\/div>\n\n\t\t\t\t\t<div class=\"qodef-linked-image-description-wrapper\">\n\t\t\t\t\t\t\t\t\t\t\t\t\t<div class=\"qodef-linked-image-description-inner\">\n                                \t\t\t\t\t\t\t\t<div class=\"qodef-linked-image-description\">\n                                                                            <h2 class=\"qodef-linked-image-title\">\n                                            WingSUP                                        <\/h2>\n                                                                                                                <h4 class=\"qodef-linked-image-subtitle\">\n                                            Experi\u00eancia &amp; Downwind                                        <\/h4>\n                                    \t\t\t\t\t\t\t\t\t                                        <p class=\"qodef-linked-image-text\">\n                                            Quando juntamos uma prancha de paddle e uma Wing, a aventura est\u00e1 ON. Num passeio de 4km... \u00e9 um sonho.                                        <\/p>\n\t\t\t\t\t\t\t\t\t                                    <div class=\"qodef-linked-image-cover\"><\/div>\n\t\t\t\t\t\t\t\t<\/div>\n\t\t\t\t\t\t\t<\/div>\n\t\t\t\t\t\t\t\t\t\t\t<\/div>\n\t\t\t\t\t\t\t\t\t<\/a>\n\t\t\t\t\t\t\t<\/div>\n\t\t<\/div>\n\t<\/div>\n\t<div class=\"qodef-linked-image-holder qodef-item-space qodef-li-text-slide\">\n\t\t<div class=\"qodef-linked-image-holder-inner\">\n\t\t\t<div class=\"qodef-linked-image-image-holder\">\n\t\t\t\t\t\t\t\t\t<a href=\"https:\/\/kitesurfeolis.com\/pt-pt\/sup-tours-dragao-odeleite-eolis\/\" target=\"_self\">\n\t\t\t\t\t\t\t\t\t<div class=\"qodef-linked-image-image\">\n                        <img loading=\"lazy\" decoding=\"async\" width=\"514\" height=\"818\" src=\"https:\/\/kitesurfeolis.com\/wp-content\/uploads\/2023\/12\/WhatsApp-Image-2023-12-08-at-18.14.43-e1702670775258.jpeg\" class=\"attachment-full size-full\" alt=\"Dragon River paddleboarding tours\" srcset=\"https:\/\/kitesurfeolis.com\/wp-content\/uploads\/2023\/12\/WhatsApp-Image-2023-12-08-at-18.14.43-e1702670775258.jpeg 514w, https:\/\/kitesurfeolis.com\/wp-content\/uploads\/2023\/12\/WhatsApp-Image-2023-12-08-at-18.14.43-e1702670775258-189x300.jpeg 189w\" sizes=\"auto, (max-width: 514px) 100vw, 514px\" title=\"\">                    <\/div>\n\n\t\t\t\t\t<div class=\"qodef-linked-image-description-wrapper\">\n\t\t\t\t\t\t\t\t\t\t\t\t\t<div class=\"qodef-linked-image-description-inner\">\n                                \t\t\t\t\t\t\t\t<div class=\"qodef-linked-image-description\">\n                                                                            <h2 class=\"qodef-linked-image-title\">\n                                            Rio Drag\u00e3o                                        <\/h2>\n                                                                                                                <h4 class=\"qodef-linked-image-subtitle\">\n                                            SUPTours em Odeleite                                        <\/h4>\n                                    \t\t\t\t\t\t\t\t\t                                        <p class=\"qodef-linked-image-text\">\n                                            Passeio de meio dia \u00e0 Lagoa do Drag\u00e3o em Odeleite com almo\u00e7o tradicional inclu\u00eddo.                                        <\/p>\n\t\t\t\t\t\t\t\t\t                                    <div class=\"qodef-linked-image-cover\"><\/div>\n\t\t\t\t\t\t\t\t<\/div>\n\t\t\t\t\t\t\t<\/div>\n\t\t\t\t\t\t\t\t\t\t\t<\/div>\n\t\t\t\t\t\t\t\t\t<\/a>\n\t\t\t\t\t\t\t<\/div>\n\t\t<\/div>\n\t<\/div>\n\t<div class=\"qodef-linked-image-holder qodef-item-space qodef-li-text-slide\">\n\t\t<div class=\"qodef-linked-image-holder-inner\">\n\t\t\t<div class=\"qodef-linked-image-image-holder\">\n\t\t\t\t\t\t\t\t\t<a href=\"https:\/\/kitesurfeolis.com\/pt-pt\/ria-formosa-sup-tours-tavira\/\" target=\"_self\">\n\t\t\t\t\t\t\t\t\t<div class=\"qodef-linked-image-image\">\n                        <img loading=\"lazy\" decoding=\"async\" width=\"1664\" height=\"1203\" src=\"https:\/\/kitesurfeolis.com\/wp-content\/uploads\/2023\/12\/IMG-20230909-WA0045-scaled-e1729951722835.jpg\" class=\"attachment-full size-full\" alt=\"\" srcset=\"https:\/\/kitesurfeolis.com\/wp-content\/uploads\/2023\/12\/IMG-20230909-WA0045-scaled-e1729951722835.jpg 1664w, https:\/\/kitesurfeolis.com\/wp-content\/uploads\/2023\/12\/IMG-20230909-WA0045-scaled-e1729951722835-300x217.jpg 300w, https:\/\/kitesurfeolis.com\/wp-content\/uploads\/2023\/12\/IMG-20230909-WA0045-scaled-e1729951722835-1024x740.jpg 1024w, https:\/\/kitesurfeolis.com\/wp-content\/uploads\/2023\/12\/IMG-20230909-WA0045-scaled-e1729951722835-768x555.jpg 768w, https:\/\/kitesurfeolis.com\/wp-content\/uploads\/2023\/12\/IMG-20230909-WA0045-scaled-e1729951722835-1536x1110.jpg 1536w, https:\/\/kitesurfeolis.com\/wp-content\/uploads\/2023\/12\/IMG-20230909-WA0045-scaled-e1729951722835-600x434.jpg 600w\" sizes=\"auto, (max-width: 1664px) 100vw, 1664px\" title=\"\">                    <\/div>\n\n\t\t\t\t\t<div class=\"qodef-linked-image-description-wrapper\">\n\t\t\t\t\t\t\t\t\t\t\t\t\t<div class=\"qodef-linked-image-description-inner\">\n                                \t\t\t\t\t\t\t\t<div class=\"qodef-linked-image-description\">\n                                                                            <h2 class=\"qodef-linked-image-title\">\n                                            Ria Formosa                                        <\/h2>\n                                                                                                                <h4 class=\"qodef-linked-image-subtitle\">\n                                            Passeios Privados no Parque Natural                                        <\/h4>\n                                    \t\t\t\t\t\t\t\t\t                                        <p class=\"qodef-linked-image-text\">\n                                            O SUP pode aproximar-te do para\u00edso quando o ambiente \u00e9 a Ria Formosa.                                        <\/p>\n\t\t\t\t\t\t\t\t\t                                    <div class=\"qodef-linked-image-cover\"><\/div>\n\t\t\t\t\t\t\t\t<\/div>\n\t\t\t\t\t\t\t<\/div>\n\t\t\t\t\t\t\t\t\t\t\t<\/div>\n\t\t\t\t\t\t\t\t\t<\/a>\n\t\t\t\t\t\t\t<\/div>\n\t\t<\/div>\n\t<\/div>\n\t<div class=\"qodef-linked-image-holder qodef-item-space qodef-li-text-slide\">\n\t\t<div class=\"qodef-linked-image-holder-inner\">\n\t\t\t<div class=\"qodef-linked-image-image-holder\">\n\t\t\t\t\t\t\t\t\t<a href=\"https:\/\/kitesurfeolis.com\/pt-pt\/aluguer-kitesurf-in-algarve-eolis\/\" target=\"_self\">\n\t\t\t\t\t\t\t\t\t<div class=\"qodef-linked-image-image\">\n                        <img loading=\"lazy\" decoding=\"async\" width=\"2560\" height=\"1700\" src=\"https:\/\/kitesurfeolis.com\/wp-content\/uploads\/2023\/12\/kitesurf3-scaled.jpg\" class=\"attachment-full size-full\" alt=\"Kitesurf Rentals\" srcset=\"https:\/\/kitesurfeolis.com\/wp-content\/uploads\/2023\/12\/kitesurf3-scaled.jpg 2560w, https:\/\/kitesurfeolis.com\/wp-content\/uploads\/2023\/12\/kitesurf3-300x199.jpg 300w, https:\/\/kitesurfeolis.com\/wp-content\/uploads\/2023\/12\/kitesurf3-1024x680.jpg 1024w, https:\/\/kitesurfeolis.com\/wp-content\/uploads\/2023\/12\/kitesurf3-768x510.jpg 768w, https:\/\/kitesurfeolis.com\/wp-content\/uploads\/2023\/12\/kitesurf3-1536x1020.jpg 1536w, https:\/\/kitesurfeolis.com\/wp-content\/uploads\/2023\/12\/kitesurf3-600x399.jpg 600w\" sizes=\"auto, (max-width: 2560px) 100vw, 2560px\" title=\"\">                    <\/div>\n\n\t\t\t\t\t<div class=\"qodef-linked-image-description-wrapper\">\n\t\t\t\t\t\t\t\t\t\t\t\t\t<div class=\"qodef-linked-image-description-inner\">\n                                \t\t\t\t\t\t\t\t<div class=\"qodef-linked-image-description\">\n                                                                            <h2 class=\"qodef-linked-image-title\">\n                                            Kitesurf                                        <\/h2>\n                                                                                                                <h4 class=\"qodef-linked-image-subtitle\">\n                                            Aluguer no Algarve                                        <\/h4>\n                                    \t\t\t\t\t\t\t\t\t                                        <p class=\"qodef-linked-image-text\">\n                                            N\u00e3o precisas preocupar-te em viajar com o teu equipamento. Podes alugar todo o equipamento connosco.                                        <\/p>\n\t\t\t\t\t\t\t\t\t                                    <div class=\"qodef-linked-image-cover\"><\/div>\n\t\t\t\t\t\t\t\t<\/div>\n\t\t\t\t\t\t\t<\/div>\n\t\t\t\t\t\t\t\t\t\t\t<\/div>\n\t\t\t\t\t\t\t\t\t<\/a>\n\t\t\t\t\t\t\t<\/div>\n\t\t<\/div>\n\t<\/div>\n\t<div class=\"qodef-linked-image-holder qodef-item-space qodef-li-text-slide\">\n\t\t<div class=\"qodef-linked-image-holder-inner\">\n\t\t\t<div class=\"qodef-linked-image-image-holder\">\n\t\t\t\t\t\t\t\t\t<a href=\"https:\/\/kitesurfeolis.com\/pt-pt\/suptours-mertola-eolis-algarve\/\" target=\"_self\">\n\t\t\t\t\t\t\t\t\t<div class=\"qodef-linked-image-image\">\n                        <img loading=\"lazy\" decoding=\"async\" width=\"408\" height=\"306\" src=\"https:\/\/kitesurfeolis.com\/wp-content\/uploads\/2023\/12\/1.jpg\" class=\"attachment-full size-full\" alt=\"\" srcset=\"https:\/\/kitesurfeolis.com\/wp-content\/uploads\/2023\/12\/1.jpg 408w, https:\/\/kitesurfeolis.com\/wp-content\/uploads\/2023\/12\/1-300x225.jpg 300w\" sizes=\"auto, (max-width: 408px) 100vw, 408px\" title=\"\">                    <\/div>\n\n\t\t\t\t\t<div class=\"qodef-linked-image-description-wrapper\">\n\t\t\t\t\t\t\t\t\t\t\t\t\t<div class=\"qodef-linked-image-description-inner\">\n                                \t\t\t\t\t\t\t\t<div class=\"qodef-linked-image-description\">\n                                                                            <h2 class=\"qodef-linked-image-title\">\n                                            M\u00e9rtola                                        <\/h2>\n                                                                                                                <h4 class=\"qodef-linked-image-subtitle\">\n                                            SUPTOURS em M\u00e9rtola                                        <\/h4>\n                                    \t\t\t\t\t\t\t\t\t                                        <p class=\"qodef-linked-image-text\">\n                                            Um dia de passeio em M\u00e9rtola com: Actividade F\u00edsica, Gastronomia e Visita Cultural                                        <\/p>\n\t\t\t\t\t\t\t\t\t                                    <div class=\"qodef-linked-image-cover\"><\/div>\n\t\t\t\t\t\t\t\t<\/div>\n\t\t\t\t\t\t\t<\/div>\n\t\t\t\t\t\t\t\t\t\t\t<\/div>\n\t\t\t\t\t\t\t\t\t<\/a>\n\t\t\t\t\t\t\t<\/div>\n\t\t<\/div>\n\t<\/div>\n\t<div class=\"qodef-linked-image-holder qodef-item-space qodef-li-text-slide\">\n\t\t<div class=\"qodef-linked-image-holder-inner\">\n\t\t\t<div class=\"qodef-linked-image-image-holder\">\n\t\t\t\t\t\t\t\t\t<a href=\"https:\/\/kitesurfeolis.com\/pt-pt\/algarve-aluguer-sup\/\" target=\"_self\">\n\t\t\t\t\t\t\t\t\t<div class=\"qodef-linked-image-image\">\n                        <img loading=\"lazy\" decoding=\"async\" width=\"2560\" height=\"1920\" src=\"https:\/\/kitesurfeolis.com\/wp-content\/uploads\/2023\/12\/IMG-20230909-WA0056-scaled.jpg\" class=\"attachment-full size-full\" alt=\"Sup Ria Formosa_algarve\" srcset=\"https:\/\/kitesurfeolis.com\/wp-content\/uploads\/2023\/12\/IMG-20230909-WA0056-scaled.jpg 2560w, https:\/\/kitesurfeolis.com\/wp-content\/uploads\/2023\/12\/IMG-20230909-WA0056-300x225.jpg 300w, https:\/\/kitesurfeolis.com\/wp-content\/uploads\/2023\/12\/IMG-20230909-WA0056-1024x768.jpg 1024w, https:\/\/kitesurfeolis.com\/wp-content\/uploads\/2023\/12\/IMG-20230909-WA0056-768x576.jpg 768w, https:\/\/kitesurfeolis.com\/wp-content\/uploads\/2023\/12\/IMG-20230909-WA0056-1536x1152.jpg 1536w, https:\/\/kitesurfeolis.com\/wp-content\/uploads\/2023\/12\/IMG-20230909-WA0056-600x450.jpg 600w\" sizes=\"auto, (max-width: 2560px) 100vw, 2560px\" title=\"\">                    <\/div>\n\n\t\t\t\t\t<div class=\"qodef-linked-image-description-wrapper\">\n\t\t\t\t\t\t\t\t\t\t\t\t\t<div class=\"qodef-linked-image-description-inner\">\n                                \t\t\t\t\t\t\t\t<div class=\"qodef-linked-image-description\">\n                                                                            <h2 class=\"qodef-linked-image-title\">\n                                            SUP                                        <\/h2>\n                                                                                                                <h4 class=\"qodef-linked-image-subtitle\">\n                                            Aluguer no Algarve                                        <\/h4>\n                                    \t\t\t\t\t\t\t\t\t                                        <p class=\"qodef-linked-image-text\">\n                                            Sobre as \u00e1guas a perspectiva est\u00e1 a um n\u00edvel totalmente diferente. Podes alugar se j\u00e1 tiveres experi\u00eancia.                                        <\/p>\n\t\t\t\t\t\t\t\t\t                                    <div class=\"qodef-linked-image-cover\"><\/div>\n\t\t\t\t\t\t\t\t<\/div>\n\t\t\t\t\t\t\t<\/div>\n\t\t\t\t\t\t\t\t\t\t\t<\/div>\n\t\t\t\t\t\t\t\t\t<\/a>\n\t\t\t\t\t\t\t<\/div>\n\t\t<\/div>\n\t<\/div>\n\t<div class=\"qodef-linked-image-holder qodef-item-space qodef-li-text-slide\">\n\t\t<div class=\"qodef-linked-image-holder-inner\">\n\t\t\t<div class=\"qodef-linked-image-image-holder\">\n\t\t\t\t\t\t\t\t\t<a href=\"https:\/\/kitesurfeolis.com\/pt-pt\/services\/sup-tours-rio-guadiana-eolis\/\" target=\"_self\">\n\t\t\t\t\t\t\t\t\t<div class=\"qodef-linked-image-image\">\n                        <img loading=\"lazy\" decoding=\"async\" width=\"918\" height=\"816\" src=\"https:\/\/kitesurfeolis.com\/wp-content\/uploads\/2024\/10\/IMG-20240916-WA0002-e1729952360243.jpg\" class=\"attachment-full size-full\" alt=\"\" srcset=\"https:\/\/kitesurfeolis.com\/wp-content\/uploads\/2024\/10\/IMG-20240916-WA0002-e1729952360243.jpg 918w, https:\/\/kitesurfeolis.com\/wp-content\/uploads\/2024\/10\/IMG-20240916-WA0002-e1729952360243-300x267.jpg 300w, https:\/\/kitesurfeolis.com\/wp-content\/uploads\/2024\/10\/IMG-20240916-WA0002-e1729952360243-768x683.jpg 768w, https:\/\/kitesurfeolis.com\/wp-content\/uploads\/2024\/10\/IMG-20240916-WA0002-e1729952360243-600x533.jpg 600w\" sizes=\"auto, (max-width: 918px) 100vw, 918px\" title=\"\">                    <\/div>\n\n\t\t\t\t\t<div class=\"qodef-linked-image-description-wrapper\">\n\t\t\t\t\t\t\t\t\t\t\t\t\t<div class=\"qodef-linked-image-description-inner\">\n                                                                    <div class=\"qodef-linked-image-new-label\">\n                                        <h4 class=\"qodef-linked-image-new-label-text\">New<\/h4>\n                                    <\/div>\n                                \t\t\t\t\t\t\t\t<div class=\"qodef-linked-image-description\">\n                                                                            <h2 class=\"qodef-linked-image-title\">\n                                            Guadiana                                        <\/h2>\n                                                                                                                <h4 class=\"qodef-linked-image-subtitle\">\n                                            SUPTOURS NO RIO                                        <\/h4>\n                                    \t\t\t\t\t\t\t\t\t                                        <p class=\"qodef-linked-image-text\">\n                                            Experiencia o sil\u00eancio de um rio adormecido.                                        <\/p>\n\t\t\t\t\t\t\t\t\t                                    <div class=\"qodef-linked-image-cover\"><\/div>\n\t\t\t\t\t\t\t\t<\/div>\n\t\t\t\t\t\t\t<\/div>\n\t\t\t\t\t\t\t\t\t\t\t<\/div>\n\t\t\t\t\t\t\t\t\t<\/a>\n\t\t\t\t\t\t\t<\/div>\n\t\t<\/div>\n\t<\/div>\n<\/div><\/div>[vc_empty_space height=&#8221;6px&#8221;][vc_column_text css=&#8221;&#8221;]<\/p>\n<h3 style=\"text-align: center;\">Visita o nosso centro n\u00e1utico para aulas e aluguer de Kitesurf,<br \/>\npasseios privados de SUP e WingSUP<\/h3>\n<h4 style=\"text-align: center;\"><span style=\"color: #3b9b00;\"><br \/>\n<strong>Vais adorar o tempo passado aqui connosco.<\/strong><br \/>\n<strong>O \u00fanico problema ser\u00e1: Vais querer voltar!<\/strong><\/span><\/h4>\n<h4 style=\"text-align: center;\"><span style=\"color: #3b9b00;\">Vem descobrir uma fant\u00e1stica Aventura no Algarve connosco!<br \/>\nKitesurf, SUP, WingSUP, Teambuilding &amp; Azores Tours<br \/>\n<\/span><\/h4>\n<p>[\/vc_column_text][vc_empty_space height=&#8221;14px&#8221;]<div class=\"qodef-clients-grid-holder qodef-grid-list qodef-disable-bottom-space qodef-five-columns qodef-normal-space  qodef-cc-hover-switch-images\">\n\t<div class=\"qodef-cg-inner qodef-outer-space\">\n\t\t<div class=\"qodef-cc-item qodef-item-space qodef-cci-no-link\">\n\t\t\t\t\t\t<\/div><div class=\"qodef-cc-item qodef-item-space qodef-cci-no-link\">\n\t\t\t\t\t\t<img decoding=\"async\" itemprop=\"image\" class=\"qodef-cc-image\" src=\"https:\/\/kitesurfeolis.com\/wp-content\/uploads\/2020\/01\/h2-clients-img-2.png\" alt=\"z\" title=\"\">\n\t\t\t\t\t\t\t<img decoding=\"async\" itemprop=\"image\" class=\"qodef-cc-hover-image\" src=\"https:\/\/kitesurfeolis.com\/wp-content\/uploads\/2020\/01\/h2-clients-img-2-h.png\" alt=\"m\" title=\"\">\n\t\t\t<\/div><div class=\"qodef-cc-item qodef-item-space qodef-cci-no-link\">\n\t\t\t\t\t\t<img decoding=\"async\" itemprop=\"image\" class=\"qodef-cc-image\" src=\"https:\/\/kitesurfeolis.com\/wp-content\/uploads\/2020\/01\/h2-clients-img-3.png\" alt=\"n\" title=\"\">\n\t\t\t\t\t\t\t<img decoding=\"async\" itemprop=\"image\" class=\"qodef-cc-hover-image\" src=\"https:\/\/kitesurfeolis.com\/wp-content\/uploads\/2020\/01\/h2-clients-img-3-h.png\" alt=\"b\" title=\"\">\n\t\t\t<\/div><div class=\"qodef-cc-item qodef-item-space qodef-cci-no-link\">\n\t\t\t\t\t\t<img decoding=\"async\" itemprop=\"image\" class=\"qodef-cc-image\" src=\"https:\/\/kitesurfeolis.com\/wp-content\/uploads\/2020\/01\/h2-clients-img-4.png\" alt=\"k\" title=\"\">\n\t\t\t\t\t\t\t<img decoding=\"async\" itemprop=\"image\" class=\"qodef-cc-hover-image\" src=\"https:\/\/kitesurfeolis.com\/wp-content\/uploads\/2020\/01\/h2-clients-img-4-h.png\" alt=\"j\" title=\"\">\n\t\t\t<\/div><div class=\"qodef-cc-item qodef-item-space qodef-cci-no-link\">\n\t\t\t\t\t\t<\/div>\t<\/div>\n<\/div>[\/vc_column][\/vc_row][vc_row][vc_column][vc_column_text]<\/p>\n<p>Experiencing the thrill of Eolis Kitesurf offers the ultimate Aventura no Algarve.[\/vc_column_text][\/vc_column][\/vc_row]<\/p>\n<\/div>","protected":false},"excerpt":{"rendered":"<p>[vc_row row_content_width=&#8221;grid&#8221; disable_background_image=&#8221;1280&#8243; content_text_aligment=&#8221;center&#8221; enable_surfer_icon=&#8221;no&#8221; css=&#8221;.vc_custom_1580226429982{padding-bottom: 122px !important;}&#8221; simple_background_image=&#8221;844&#8243; background_image_position=&#8221;center&#8221;][vc_column css=&#8221;.vc_custom_1582619340729{padding-top: 115px !important;}&#8221;][vc_empty_space height=&#8221;62px&#8221;][vc_empty_space height=&#8221;6px&#8221;][vc_column_text css=&#8221;&#8221;] Visita o nosso centro n\u00e1utico para aulas e aluguer de Kitesurf, passeios privados de SUP e WingSUP Vais adorar o tempo passado aqui connosco. [&hellip;]<\/p>\n","protected":false},"author":1,"featured_media":32640,"parent":0,"menu_order":0,"comment_status":"closed","ping_status":"closed","template":"full-width.php","meta":{"footnotes":""},"class_list":["post-4548","page","type-page","status-publish","has-post-thumbnail","hentry"],"_links":{"self":[{"href":"https:\/\/kitesurfeolis.com\/pt-pt\/wp-json\/wp\/v2\/pages\/4548","targetHints":{"allow":["GET"]}}],"collection":[{"href":"https:\/\/kitesurfeolis.com\/pt-pt\/wp-json\/wp\/v2\/pages"}],"about":[{"href":"https:\/\/kitesurfeolis.com\/pt-pt\/wp-json\/wp\/v2\/types\/page"}],"author":[{"embeddable":true,"href":"https:\/\/kitesurfeolis.com\/pt-pt\/wp-json\/wp\/v2\/users\/1"}],"replies":[{"embeddable":true,"href":"https:\/\/kitesurfeolis.com\/pt-pt\/wp-json\/wp\/v2\/comments?post=4548"}],"version-history":[{"count":28,"href":"https:\/\/kitesurfeolis.com\/pt-pt\/wp-json\/wp\/v2\/pages\/4548\/revisions"}],"predecessor-version":[{"id":33138,"href":"https:\/\/kitesurfeolis.com\/pt-pt\/wp-json\/wp\/v2\/pages\/4548\/revisions\/33138"}],"wp:featuredmedia":[{"embeddable":true,"href":"https:\/\/kitesurfeolis.com\/pt-pt\/wp-json\/wp\/v2\/media\/32640"}],"wp:attachment":[{"href":"https:\/\/kitesurfeolis.com\/pt-pt\/wp-json\/wp\/v2\/media?parent=4548"}],"curies":[{"name":"wp","href":"https:\/\/api.w.org\/{rel}","templated":true}]}}