{"id":28110,"date":"2024-10-26T13:04:18","date_gmt":"2024-10-26T13:04:18","guid":{"rendered":"https:\/\/kitesurfeolis.com\/?page_id=28110"},"modified":"2026-03-06T21:01:05","modified_gmt":"2026-03-06T21:01:05","slug":"sup-tours-rio-guadiana-eolis","status":"publish","type":"page","link":"https:\/\/kitesurfeolis.com\/pt-pt\/services\/sup-tours-rio-guadiana-eolis\/","title":{"rendered":"SUPTours Rio Guadiana"},"content":{"rendered":"<div class=\"wpb-content-wrapper\"><p>[vc_row enable_surfer_icon=&#8221;no&#8221;][vc_column][vc_single_image image=&#8221;28133&#8243; img_size=&#8221;full&#8221;][\/vc_column][\/vc_row][vc_row enable_surfer_icon=&#8221;no&#8221; css=&#8221;.vc_custom_1579277130626{padding-top: 16px !important;}&#8221;][vc_column offset=&#8221;vc_col-lg-offset-0 vc_col-lg-6 vc_col-md-offset-0 vc_col-md-12 vc_col-sm-offset-0 vc_col-xs-12&#8243; el_class=&#8221;qodef-map&#8221;][vc_column_text]<\/p>\n<h4><span style=\"font-weight: bold;\">Rio Guadiana: A fronteira natural entre Portugal e Espanha<\/span><\/h4>\n<p>[\/vc_column_text][\/vc_column][vc_column css=&#8221;.vc_custom_1550505500194{margin-left: -15px !important;padding-left: 0px !important;}&#8221; offset=&#8221;vc_col-lg-offset-0 vc_col-lg-6 vc_col-md-offset-0 vc_col-md-12 vc_col-sm-offset-0&#8243;][\/vc_column][\/vc_row][vc_row content_text_aligment=&#8221;left&#8221; enable_surfer_icon=&#8221;no&#8221; css=&#8221;.vc_custom_1582543773844{padding-top: 14px !important;}&#8221;][vc_column][vc_column_text css=&#8221;&#8221;]<\/p>\n<p style=\"text-align: left;\">Incr\u00edvel patrim\u00f3nio natural, o Rio <a href=\"https:\/\/www.dgrm.pt\/guadiana-patrimonio-natural-navegavel\" target=\"_blank\" rel=\"noopener\">Guadiana<\/a>, faz parte dos chamados territ\u00f3rios do Baixo Guadiana. Nasce em Espanha, na prov\u00edncia de Cidade Real a 1700m de altitude e a sua Foz \u00e9 em Vila Real de Santo Ant\u00f3nio (lado portugu\u00eas). Na Vila do Pomar\u00e3o ganha a adjectiva\u00e7\u00e3o de fronteira natural entre os vizinhos da Pen\u00ednsula Ib\u00e9rica.<br \/>\nIndo um pouco atr\u00e1s no rel\u00f3gio do tempo, os romanos\u00a0chamavam-lhe\u00a0<strong><i>Anas<\/i>\u00a0<\/strong>(&#8220;<i>dos patos<\/i>&#8220;), os mouros juntaram\u00a0<strong><i>u\u00e1di<\/i>\u00a0<\/strong>(a palavra\u00a0\u00e1rabe para &#8220;rio&#8221;) passando a ser conhecido por\u00a0 <strong><i>U\u00e1di Ana. <\/i><\/strong>Em portugu\u00eas, evoluiu para Ouadiana e, mais tarde ainda para\u00a0Odiana. Por\u00e9m, desde o s\u00e9culo XVI que e por influ\u00eancia castelhana, foi ganhando terreno a nomenclatura <em><strong>Guadiana\u00a0<\/strong><\/em>e \u00e9 assim que chega at\u00e9 aos nossos tempos.<br \/>\nO desafio que lhe fazemos \u00e9 vir connosco at\u00e9 l\u00e1 e experimentar Stand Up Paddle nas suas \u00e1guas.<\/p>\n<p>[\/vc_column_text][vc_column_text css=&#8221;.vc_custom_1729945984854{padding-top: 2px !important;}&#8221;]<\/p>\n<blockquote>\n<p style=\"text-align: left;\">Um passeio de 1\/2 dia que mistura aventura e gastronomia. Chegar a Alcoutim ou a Guerreiros do Rio por \u00e1gua \u00e9 sempre delicioso. N\u00e3o esquecer que s\u00f3 fazemos estes passeios de Outubro a Abril.<\/p>\n<\/blockquote>\n<p>[\/vc_column_text][vc_column_text css=&#8221;&#8221;]<\/p>\n<div class=\"wpb_text_column wpb_content_element vc_custom_1702671716711\">\n<div class=\"wpb_wrapper\"><\/div>\n<\/div>\n<div class=\"wpb_text_column wpb_content_element \">\n<div class=\"wpb_wrapper\">\n<p>Para as SUP Tours Rio Guadiana, aconselhamos que traga consigo: <em>fato de banho, cal\u00e7\u00f5es, licra ou tshirt, toalha, protector solar, \u00e1gua e chap\u00e9u ou bon\u00e9<\/em> porque o calor no Rio pode apertar um pouco.<br \/>\nO pagamento pode ser efectuado por: MBWAY, REVOLUT ou dinheiro.<\/p>\n<p><strong><br \/>\nGUADIANA TOUR1:<br \/>\n9h30:<\/strong> Partida de Eolis em Cabanas de Tavira (1h15min. de carro na nossa carrinha)<br \/>\n<strong>10h30:<\/strong> Chegada a Foz de Odeleite, prepara\u00e7\u00e3o e passeio de SUP de 5km<br \/>\n<strong>13h: <\/strong>Almo\u00e7o em restaurante tradicional em Guerreiros do Rio<br \/>\n<strong>15h: <\/strong>Regresso a Eolis, em Cabanas de Tavira<\/p>\n<p>&nbsp;<\/p>\n<p><strong>GUADIANA TOUR2:<\/strong><br \/>\n<strong>9h30:<\/strong> Partida de <a href=\"https:\/\/kitesurfeolis.com\/pt-pt\/eolis-what-is-there-to-know-about-us\/\" target=\"_blank\" rel=\"noopener\">Eolis<\/a> em Cabanas de Tavira (1h15min. de carro na nossa carrinha)<br \/>\n<strong>10h30:<\/strong> Chegada a Guerreiros do Rio, prepara\u00e7\u00e3o e passeio de SUP de 11km<br \/>\n<strong>13h45:<\/strong> Almo\u00e7o em restaurante tradicional em Alcoutim<br \/>\n<strong>16h:<\/strong> Regresso a Eolis, em Cabanas de Tavira<br \/>\n(Caso seu hotel esteja a caminho, podemos ir busc\u00e1-l@ directamente ao hotel.)<\/p>\n<\/div>\n<\/div>\n<p>[\/vc_column_text][vc_empty_space height=&#8221;75px&#8221;][vc_hoverbox image=&#8221;5821&#8243; primary_title=&#8221;PROMO\u00c7\u00c3O &#8220;ADORO SUP&#8220;&#8221; hover_title=&#8221;-15% PACK 3 SUPTOURS&#8221; hover_background_color=&#8221;orange&#8221; hover_btn_title=&#8221;QUERO SABER MAIS&#8221; hover_btn_color=&#8221;white&#8221; hover_add_button=&#8221;true&#8221; hover_btn_link=&#8221;url:https%3A%2F%2Fkitesurfeolis.com%2Fpt-pt%2Fdescubra-as-6-ofertas-suptours-da-eolis%2F|title:Descubra%20as%206%20Ofertas%20de%20SUP%20da%20Eolis%20com%20uma%20Promo%C3%A7%C3%A3o%20Imperd%C3%ADvel!&#8221;]<\/p>\n<h4 style=\"text-align: center;\">Ainda n\u00e3o conhece a nossa promo\u00e7\u00e3o de -15% na compra de um pack de 3 SUPTOURS?<\/h4>\n<p>[\/vc_hoverbox][\/vc_column][\/vc_row][vc_row enable_surfer_icon=&#8221;no&#8221; css=&#8221;.vc_custom_1579769032153{padding-top: 61px !important;}&#8221;][vc_column offset=&#8221;vc_col-lg-offset-0 vc_col-lg-6 vc_col-md-offset-0 vc_col-md-12 vc_col-sm-offset-0 vc_col-xs-12&#8243; el_class=&#8221;qodef-map&#8221;][vc_column_text]<\/p>\n<h4><span style=\"font-weight: bold;\">SUPTours Rio Guadiana<\/span><\/h4>\n<p>[\/vc_column_text][vc_empty_space height=&#8221;19px&#8221;]<div class=\"qodef-elements-holder   qodef-one-column  qodef-responsive-mode-768 \" ><div class=\"qodef-eh-item    \" style=\"background-image: url(https:\/\/kitesurfeolis.com\/wp-content\/uploads\/2024\/10\/20240916_151757-scaled.jpg)\" data-item-class=\"qodef-eh-custom-1662\" data-1400-1600=\"135px 10px 191px 0px\" data-1025-1399=\"131px 10px 195px 0px\" data-769-1024=\"212px 0px 265px 0\" data-681-768=\"212px 0px 265px 0\" data-680=\"76px 0px 135px 0px\">\n\t<div class=\"qodef-eh-item-inner\">\n\t\t<div class=\"qodef-eh-item-content qodef-eh-custom-1662\" style=\"padding: 133px 10px 193px 0px\">\n\t\t\t<div class=\"qodef-video-button-holder   \">\n            <div class=\"qodef-video-button-image\">\n                    <\/div>\n                    <a class=\"qodef-video-button-play\"  href=\"#\" data-rel=\"prettyPhoto[video_button_pretty_photo_433]\">\n                <span class=\"qodef-video-button-play-inner\">\n                    <span class=\"qodef-icon-dripicons dripicon dripicons-media-play\"><\/span>\n                <\/span>\n            <\/a>\n            <\/div>[vc_empty_space height=&#8221;5px&#8221;]\t\t<\/div>\n\t<\/div>\n<\/div><\/div>[vc_column_text]<span style=\"font_size: 14px; color: #0de9df;\">*Ver no Youtube<\/span>[\/vc_column_text][\/vc_column][vc_column css=&#8221;.vc_custom_1550505500194{margin-left: -15px !important;padding-left: 0px !important;}&#8221; offset=&#8221;vc_col-lg-offset-0 vc_col-lg-6 vc_col-md-offset-0 vc_col-md-12 vc_col-sm-offset-0&#8243;]<div class=\"qodef-elements-holder   qodef-one-column  qodef-responsive-mode-768 \" ><div class=\"qodef-eh-item    \"  data-item-class=\"qodef-eh-custom-2015\" data-769-1024=\"18px 0px 17px 31px\" data-681-768=\"21px 0px 17px 33px\" data-680=\"9px 0px 17px 30px\">\n\t<div class=\"qodef-eh-item-inner\">\n\t\t<div class=\"qodef-eh-item-content qodef-eh-custom-2015\" style=\"padding: 0 0 0 5%\">\n\t\t\t[vc_column_text css=&#8221;.vc_custom_1729946375223{margin-top: 0px !important;}&#8221;]<\/p>\n<h4><span style=\"font-weight: bold;\">SUPTours Rio Guadiana pre\u00e7o<\/span><\/h4>\n<p>[\/vc_column_text][vc_empty_space height=&#8221;8px&#8221;][vc_column_text css=&#8221;.vc_custom_1729946462800{padding-top: 3px !important;}&#8221;]O pre\u00e7o inclui: Transfer, passeio de SUP (com todo o material) e almo\u00e7o.[\/vc_column_text][vc_empty_space height=&#8221;5px&#8221;]<div class=\"qodef-pricing-tables qodef-grid-list qodef-disable-bottom-space clearfix qodef-two-columns qodef-normal-space\"><div class=\"qodef-pt-wrapper qodef-outer-space\"><div class=\"qodef-price-table qodef-item-space  \">\n\t<div class=\"qodef-pt-inner\" >\n\t\t<ul>\n\t\t\t<li class=\"qodef-pt-title-holder\">\n\t\t\t\t<span class=\"qodef-pt-title\" >TOUR1 5Km+ Lunch<\/span>\n\t\t\t<\/li>\n\t\t\t<li class=\"qodef-pt-prices\">\n\t\t\t\t<sup class=\"qodef-pt-value\" >\u20ac<\/sup>\n\t\t\t\t<span class=\"qodef-pt-price\" >95<\/span>\n\t\t\t\t<h6 class=\"qodef-pt-mark\" >1\/2 dia<\/h6>\n\t\t\t<\/li>\n\t\t\t<li class=\"qodef-pt-content\">\n\t\t\t\tM\u00ednimo: 2 pessoas\t\t\t<\/li>\n\t\t\t\t\t\t\t<li class=\"qodef-pt-button\">\n\t\t\t\t\t<a itemprop=\"url\" href=\"https:\/\/wa.me\/+351962337285\" target=\"_blank\" class=\"qodef-btn qodef-btn-large qodef-btn-solid\" rel=\"noopener\">        <span class=\"qodef-btn-text\">COMPRAR AGORA<\/span>        <\/a>\t\t\t\t<\/li>\t\t\t\t\n\t\t\t\t\t<\/ul>\n\t<\/div>\n<\/div><div class=\"qodef-price-table qodef-item-space  \">\n\t<div class=\"qodef-pt-inner\" >\n\t\t<ul>\n\t\t\t<li class=\"qodef-pt-title-holder\">\n\t\t\t\t<span class=\"qodef-pt-title\" >TOUR1 11Km+ Lunch<\/span>\n\t\t\t<\/li>\n\t\t\t<li class=\"qodef-pt-prices\">\n\t\t\t\t<sup class=\"qodef-pt-value\" >\u20ac<\/sup>\n\t\t\t\t<span class=\"qodef-pt-price\" >120<\/span>\n\t\t\t\t<h6 class=\"qodef-pt-mark\" >1\/2 dia<\/h6>\n\t\t\t<\/li>\n\t\t\t<li class=\"qodef-pt-content\">\n\t\t\t\tM\u00ednimo: 2 pessoas\t\t\t<\/li>\n\t\t\t\t\t\t\t<li class=\"qodef-pt-button\">\n\t\t\t\t\t<a itemprop=\"url\" href=\"https:\/\/wa.me\/+351962337285\" target=\"_blank\" class=\"qodef-btn qodef-btn-large qodef-btn-solid\" rel=\"noopener\">        <span class=\"qodef-btn-text\">COMPRAR AGORA<\/span>        <\/a>\t\t\t\t<\/li>\t\t\t\t\n\t\t\t\t\t<\/ul>\n\t<\/div>\n<\/div><\/div><\/div>\t\t<\/div>\n\t<\/div>\n<\/div><\/div>[\/vc_column][\/vc_row][vc_row enable_surfer_icon=&#8221;no&#8221; css=&#8221;.vc_custom_1579771923784{padding-top: 59px !important;}&#8221;][vc_column offset=&#8221;vc_col-lg-offset-0 vc_col-lg-6 vc_col-md-offset-0 vc_col-md-12 vc_col-sm-offset-0 vc_col-xs-12&#8243; el_class=&#8221;qodef-map&#8221;][vc_column_text]<\/p>\n<h4><span style=\"font-weight: bold;\">Da nossa galeria<\/span><\/h4>\n<p>[\/vc_column_text][\/vc_column][vc_column css=&#8221;.vc_custom_1550505500194{margin-left: -15px !important;padding-left: 0px !important;}&#8221; offset=&#8221;vc_col-lg-offset-0 vc_col-lg-6 vc_col-md-offset-0 vc_col-md-12 vc_col-sm-offset-0&#8243;][\/vc_column][\/vc_row][vc_row enable_surfer_icon=&#8221;no&#8221; css=&#8221;.vc_custom_1579772034878{padding-top: 19px !important;}&#8221;][vc_column]<div class=\"qodef-image-gallery qodef-grid-list qodef-disable-bottom-space  qodef-ig-grid-type qodef-three-columns qodef-tiny-space  qodef-image-behavior-lightbox\">\n\t<div class=\"qodef-ig-inner qodef-outer-space\">\n\t\t\t\t\t<div class=\"qodef-ig-image qodef-item-space\">\n\t\t\t\t<div class=\"qodef-ig-image-inner\">\n\t\t\t\t\t\t\t\t\t\t\t<a itemprop=\"image\" class=\"qodef-ig-lightbox\" href=\"https:\/\/kitesurfeolis.com\/wp-content\/uploads\/2024\/10\/20240916_112836.jpg\" data-rel=\"prettyPhoto[image_gallery_pretty_photo-650]\" title=\"20240916_112836\">\n\t\t\t\t\t\t\t\t\t\t\t<img loading=\"lazy\" decoding=\"async\" width=\"2560\" height=\"1152\" src=\"https:\/\/kitesurfeolis.com\/wp-content\/uploads\/2024\/10\/20240916_112836.jpg\" class=\"attachment-full size-full\" alt=\"\" srcset=\"https:\/\/kitesurfeolis.com\/wp-content\/uploads\/2024\/10\/20240916_112836.jpg 2560w, https:\/\/kitesurfeolis.com\/wp-content\/uploads\/2024\/10\/20240916_112836-300x135.jpg 300w, https:\/\/kitesurfeolis.com\/wp-content\/uploads\/2024\/10\/20240916_112836-1024x461.jpg 1024w, https:\/\/kitesurfeolis.com\/wp-content\/uploads\/2024\/10\/20240916_112836-768x346.jpg 768w, https:\/\/kitesurfeolis.com\/wp-content\/uploads\/2024\/10\/20240916_112836-1536x691.jpg 1536w, https:\/\/kitesurfeolis.com\/wp-content\/uploads\/2024\/10\/20240916_112836-600x270.jpg 600w\" sizes=\"auto, (max-width: 2560px) 100vw, 2560px\" title=\"\">\t\t\t\t\t\t\t\t\t\t\t<\/a>\n\t\t\t\t\t\t\t\t\t<\/div>\n\t\t\t<\/div>\n\t\t\t\t\t<div class=\"qodef-ig-image qodef-item-space\">\n\t\t\t\t<div class=\"qodef-ig-image-inner\">\n\t\t\t\t\t\t\t\t\t\t\t<a itemprop=\"image\" class=\"qodef-ig-lightbox\" href=\"https:\/\/kitesurfeolis.com\/wp-content\/uploads\/2024\/10\/20240916_120238-scaled.jpg\" data-rel=\"prettyPhoto[image_gallery_pretty_photo-650]\" title=\"20240916_120238\">\n\t\t\t\t\t\t\t\t\t\t\t<img loading=\"lazy\" decoding=\"async\" width=\"2560\" height=\"1152\" src=\"https:\/\/kitesurfeolis.com\/wp-content\/uploads\/2024\/10\/20240916_120238-scaled.jpg\" class=\"attachment-full size-full\" alt=\"\" srcset=\"https:\/\/kitesurfeolis.com\/wp-content\/uploads\/2024\/10\/20240916_120238-scaled.jpg 2560w, https:\/\/kitesurfeolis.com\/wp-content\/uploads\/2024\/10\/20240916_120238-300x135.jpg 300w, https:\/\/kitesurfeolis.com\/wp-content\/uploads\/2024\/10\/20240916_120238-1024x461.jpg 1024w, https:\/\/kitesurfeolis.com\/wp-content\/uploads\/2024\/10\/20240916_120238-768x346.jpg 768w, https:\/\/kitesurfeolis.com\/wp-content\/uploads\/2024\/10\/20240916_120238-1536x691.jpg 1536w, https:\/\/kitesurfeolis.com\/wp-content\/uploads\/2024\/10\/20240916_120238-600x270.jpg 600w\" sizes=\"auto, (max-width: 2560px) 100vw, 2560px\" title=\"\">\t\t\t\t\t\t\t\t\t\t\t<\/a>\n\t\t\t\t\t\t\t\t\t<\/div>\n\t\t\t<\/div>\n\t\t\t\t\t<div class=\"qodef-ig-image qodef-item-space\">\n\t\t\t\t<div class=\"qodef-ig-image-inner\">\n\t\t\t\t\t\t\t\t\t\t\t<a itemprop=\"image\" class=\"qodef-ig-lightbox\" href=\"https:\/\/kitesurfeolis.com\/wp-content\/uploads\/2024\/10\/20240916_113610-scaled.jpg\" data-rel=\"prettyPhoto[image_gallery_pretty_photo-650]\" title=\"20240916_113610\">\n\t\t\t\t\t\t\t\t\t\t\t<img loading=\"lazy\" decoding=\"async\" width=\"2560\" height=\"1152\" src=\"https:\/\/kitesurfeolis.com\/wp-content\/uploads\/2024\/10\/20240916_113610-scaled.jpg\" class=\"attachment-full size-full\" alt=\"\" srcset=\"https:\/\/kitesurfeolis.com\/wp-content\/uploads\/2024\/10\/20240916_113610-scaled.jpg 2560w, https:\/\/kitesurfeolis.com\/wp-content\/uploads\/2024\/10\/20240916_113610-300x135.jpg 300w, https:\/\/kitesurfeolis.com\/wp-content\/uploads\/2024\/10\/20240916_113610-1024x461.jpg 1024w, https:\/\/kitesurfeolis.com\/wp-content\/uploads\/2024\/10\/20240916_113610-768x346.jpg 768w, https:\/\/kitesurfeolis.com\/wp-content\/uploads\/2024\/10\/20240916_113610-1536x691.jpg 1536w, https:\/\/kitesurfeolis.com\/wp-content\/uploads\/2024\/10\/20240916_113610-600x270.jpg 600w\" sizes=\"auto, (max-width: 2560px) 100vw, 2560px\" title=\"\">\t\t\t\t\t\t\t\t\t\t\t<\/a>\n\t\t\t\t\t\t\t\t\t<\/div>\n\t\t\t<\/div>\n\t\t\t\t\t<div class=\"qodef-ig-image qodef-item-space\">\n\t\t\t\t<div class=\"qodef-ig-image-inner\">\n\t\t\t\t\t\t\t\t\t\t\t<a itemprop=\"image\" class=\"qodef-ig-lightbox\" href=\"https:\/\/kitesurfeolis.com\/wp-content\/uploads\/2024\/10\/20240916_152058-1-scaled.jpg\" data-rel=\"prettyPhoto[image_gallery_pretty_photo-650]\" title=\"20240916_152058\">\n\t\t\t\t\t\t\t\t\t\t\t<img loading=\"lazy\" decoding=\"async\" width=\"2560\" height=\"1152\" src=\"https:\/\/kitesurfeolis.com\/wp-content\/uploads\/2024\/10\/20240916_152058-1-scaled.jpg\" class=\"attachment-full size-full\" alt=\"\" srcset=\"https:\/\/kitesurfeolis.com\/wp-content\/uploads\/2024\/10\/20240916_152058-1-scaled.jpg 2560w, https:\/\/kitesurfeolis.com\/wp-content\/uploads\/2024\/10\/20240916_152058-1-300x135.jpg 300w, https:\/\/kitesurfeolis.com\/wp-content\/uploads\/2024\/10\/20240916_152058-1-1024x461.jpg 1024w, https:\/\/kitesurfeolis.com\/wp-content\/uploads\/2024\/10\/20240916_152058-1-768x346.jpg 768w, https:\/\/kitesurfeolis.com\/wp-content\/uploads\/2024\/10\/20240916_152058-1-1536x691.jpg 1536w, https:\/\/kitesurfeolis.com\/wp-content\/uploads\/2024\/10\/20240916_152058-1-600x270.jpg 600w\" sizes=\"auto, (max-width: 2560px) 100vw, 2560px\" title=\"\">\t\t\t\t\t\t\t\t\t\t\t<\/a>\n\t\t\t\t\t\t\t\t\t<\/div>\n\t\t\t<\/div>\n\t\t\t\t\t<div class=\"qodef-ig-image qodef-item-space\">\n\t\t\t\t<div class=\"qodef-ig-image-inner\">\n\t\t\t\t\t\t\t\t\t\t\t<a itemprop=\"image\" class=\"qodef-ig-lightbox\" href=\"https:\/\/kitesurfeolis.com\/wp-content\/uploads\/2024\/10\/IMG-20240916-WA0016-e1729948437434.jpg\" data-rel=\"prettyPhoto[image_gallery_pretty_photo-650]\" title=\"IMG-20240916-WA0016\">\n\t\t\t\t\t\t\t\t\t\t\t<img loading=\"lazy\" decoding=\"async\" width=\"1443\" height=\"1512\" src=\"https:\/\/kitesurfeolis.com\/wp-content\/uploads\/2024\/10\/IMG-20240916-WA0016-e1729948437434.jpg\" class=\"attachment-full size-full\" alt=\"\" srcset=\"https:\/\/kitesurfeolis.com\/wp-content\/uploads\/2024\/10\/IMG-20240916-WA0016-e1729948437434.jpg 1443w, https:\/\/kitesurfeolis.com\/wp-content\/uploads\/2024\/10\/IMG-20240916-WA0016-e1729948437434-286x300.jpg 286w, https:\/\/kitesurfeolis.com\/wp-content\/uploads\/2024\/10\/IMG-20240916-WA0016-e1729948437434-977x1024.jpg 977w, https:\/\/kitesurfeolis.com\/wp-content\/uploads\/2024\/10\/IMG-20240916-WA0016-e1729948437434-768x805.jpg 768w, https:\/\/kitesurfeolis.com\/wp-content\/uploads\/2024\/10\/IMG-20240916-WA0016-e1729948437434-600x629.jpg 600w\" sizes=\"auto, (max-width: 1443px) 100vw, 1443px\" title=\"\">\t\t\t\t\t\t\t\t\t\t\t<\/a>\n\t\t\t\t\t\t\t\t\t<\/div>\n\t\t\t<\/div>\n\t\t\t\t\t<div class=\"qodef-ig-image qodef-item-space\">\n\t\t\t\t<div class=\"qodef-ig-image-inner\">\n\t\t\t\t\t\t\t\t\t\t\t<a itemprop=\"image\" class=\"qodef-ig-lightbox\" href=\"https:\/\/kitesurfeolis.com\/wp-content\/uploads\/2024\/10\/20240916_151757-scaled.jpg\" data-rel=\"prettyPhoto[image_gallery_pretty_photo-650]\" title=\"alcoutim\">\n\t\t\t\t\t\t\t\t\t\t\t<img loading=\"lazy\" decoding=\"async\" width=\"2560\" height=\"1152\" src=\"https:\/\/kitesurfeolis.com\/wp-content\/uploads\/2024\/10\/20240916_151757-scaled.jpg\" class=\"attachment-full size-full\" alt=\"alcoutim\" srcset=\"https:\/\/kitesurfeolis.com\/wp-content\/uploads\/2024\/10\/20240916_151757-scaled.jpg 2560w, https:\/\/kitesurfeolis.com\/wp-content\/uploads\/2024\/10\/20240916_151757-300x135.jpg 300w, https:\/\/kitesurfeolis.com\/wp-content\/uploads\/2024\/10\/20240916_151757-1024x461.jpg 1024w, https:\/\/kitesurfeolis.com\/wp-content\/uploads\/2024\/10\/20240916_151757-768x346.jpg 768w, https:\/\/kitesurfeolis.com\/wp-content\/uploads\/2024\/10\/20240916_151757-1536x691.jpg 1536w, https:\/\/kitesurfeolis.com\/wp-content\/uploads\/2024\/10\/20240916_151757-600x270.jpg 600w\" sizes=\"auto, (max-width: 2560px) 100vw, 2560px\" title=\"\">\t\t\t\t\t\t\t\t\t\t\t<\/a>\n\t\t\t\t\t\t\t\t\t<\/div>\n\t\t\t<\/div>\n\t\t\t<\/div>\n<\/div>[\/vc_column][\/vc_row][vc_row enable_surfer_icon=&#8221;no&#8221; css=&#8221;.vc_custom_1579771977111{padding-top: 64px !important;}&#8221;][vc_column offset=&#8221;vc_col-lg-offset-0 vc_col-lg-6 vc_col-md-offset-0 vc_col-md-12 vc_col-sm-offset-0 vc_col-xs-12&#8243; el_class=&#8221;qodef-map&#8221;][vc_column_text]<\/p>\n<h4><span style=\"font-weight: bold;\">Rio Guadiana<\/span><\/h4>\n<p>[\/vc_column_text][\/vc_column][vc_column css=&#8221;.vc_custom_1550505500194{margin-left: -15px !important;padding-left: 0px !important;}&#8221; offset=&#8221;vc_col-lg-offset-0 vc_col-lg-6 vc_col-md-offset-0 vc_col-md-12 vc_col-sm-offset-0&#8243;][\/vc_column][\/vc_row][vc_row enable_surfer_icon=&#8221;no&#8221; css=&#8221;.vc_custom_1579772057580{padding-top: 17px !important;}&#8221;][vc_column][vc_single_image image=&#8221;28139&#8243; img_size=&#8221;full&#8221;][\/vc_column][\/vc_row][vc_row disable_element=&#8221;yes&#8221; enable_surfer_icon=&#8221;no&#8221; css=&#8221;.vc_custom_1579772658976{padding-top: 17px !important;}&#8221;][vc_column]<div class=\"qodef-google-map-holder\">\n\t\t<div class=\"qodef-google-map\" id=\"qodef-map-1836085\" data-addresses='[\"\"]' data-custom-map-style=no data-color-overlay=#393939 data-saturation=-100 data-lightness=-60 data-zoom=10 data-pin=https:\/\/kitesurfeolis.com\/wp-content\/uploads\/2020\/01\/service-pin-img.png data-unique-id=1836085 data-scroll-wheel=no data-height=525px data-snazzy-map-style=yes><\/div>\n\t\t\t<input type=\"hidden\" class=\"qodef-snazzy-map\" value=\"\"\/>\n\t\t\t\t<div class=\"qodef-google-map-overlay\"><\/div>\n\t<\/div>[\/vc_column][\/vc_row]<\/p>\n<\/div>","protected":false},"excerpt":{"rendered":"<p>[vc_row enable_surfer_icon=&#8221;no&#8221;][vc_column][vc_single_image image=&#8221;28133&#8243; img_size=&#8221;full&#8221;][\/vc_column][\/vc_row][vc_row enable_surfer_icon=&#8221;no&#8221; css=&#8221;.vc_custom_1579277130626{padding-top: 16px !important;}&#8221;][vc_column offset=&#8221;vc_col-lg-offset-0 vc_col-lg-6 vc_col-md-offset-0 vc_col-md-12 vc_col-sm-offset-0 vc_col-xs-12&#8243; el_class=&#8221;qodef-map&#8221;][vc_column_text] Rio Guadiana: A fronteira natural entre Portugal e Espanha [\/vc_column_text][\/vc_column][vc_column css=&#8221;.vc_custom_1550505500194{margin-left: -15px !important;padding-left: 0px !important;}&#8221; offset=&#8221;vc_col-lg-offset-0 vc_col-lg-6 vc_col-md-offset-0 vc_col-md-12 vc_col-sm-offset-0&#8243;][\/vc_column][\/vc_row][vc_row content_text_aligment=&#8221;left&#8221; enable_surfer_icon=&#8221;no&#8221; css=&#8221;.vc_custom_1582543773844{padding-top: 14px !important;}&#8221;][vc_column][vc_column_text [&hellip;]<\/p>\n","protected":false},"author":1,"featured_media":28133,"parent":4548,"menu_order":0,"comment_status":"closed","ping_status":"closed","template":"","meta":{"footnotes":""},"class_list":["post-28110","page","type-page","status-publish","has-post-thumbnail","hentry"],"_links":{"self":[{"href":"https:\/\/kitesurfeolis.com\/pt-pt\/wp-json\/wp\/v2\/pages\/28110","targetHints":{"allow":["GET"]}}],"collection":[{"href":"https:\/\/kitesurfeolis.com\/pt-pt\/wp-json\/wp\/v2\/pages"}],"about":[{"href":"https:\/\/kitesurfeolis.com\/pt-pt\/wp-json\/wp\/v2\/types\/page"}],"author":[{"embeddable":true,"href":"https:\/\/kitesurfeolis.com\/pt-pt\/wp-json\/wp\/v2\/users\/1"}],"replies":[{"embeddable":true,"href":"https:\/\/kitesurfeolis.com\/pt-pt\/wp-json\/wp\/v2\/comments?post=28110"}],"version-history":[{"count":15,"href":"https:\/\/kitesurfeolis.com\/pt-pt\/wp-json\/wp\/v2\/pages\/28110\/revisions"}],"predecessor-version":[{"id":29499,"href":"https:\/\/kitesurfeolis.com\/pt-pt\/wp-json\/wp\/v2\/pages\/28110\/revisions\/29499"}],"up":[{"embeddable":true,"href":"https:\/\/kitesurfeolis.com\/pt-pt\/wp-json\/wp\/v2\/pages\/4548"}],"wp:featuredmedia":[{"embeddable":true,"href":"https:\/\/kitesurfeolis.com\/pt-pt\/wp-json\/wp\/v2\/media\/28133"}],"wp:attachment":[{"href":"https:\/\/kitesurfeolis.com\/pt-pt\/wp-json\/wp\/v2\/media?parent=28110"}],"curies":[{"name":"wp","href":"https:\/\/api.w.org\/{rel}","templated":true}]}}